{"id":10031,"date":"2018-05-16T18:21:04","date_gmt":"2018-05-16T16:21:04","guid":{"rendered":"https:\/\/chastel-marechal.com\/en\/boris-jean-lacroix\/"},"modified":"2020-07-10T10:10:47","modified_gmt":"2020-07-10T08:10:47","slug":"boris-jean-lacroix","status":"publish","type":"page","link":"https:\/\/chastel-marechal.com\/en\/boris-jean-lacroix\/","title":{"rendered":"Boris-Jean Lacroix"},"content":{"rendered":"<p>[et_pb_section admin_label=&#8221;Section&#8221; fullwidth=&#8221;off&#8221; specialty=&#8221;off&#8221; transparent_background=&#8221;off&#8221; background_color=&#8221;#ffffff&#8221; allow_player_pause=&#8221;off&#8221; inner_shadow=&#8221;off&#8221; parallax=&#8221;off&#8221; parallax_method=&#8221;off&#8221; padding_mobile=&#8221;off&#8221; make_fullwidth=&#8221;off&#8221; use_custom_width=&#8221;off&#8221; width_unit=&#8221;on&#8221; make_equal=&#8221;off&#8221; use_custom_gutter=&#8221;off&#8221; module_class=&#8221;introductionartistes&#8221; custom_padding=&#8221;20px|120px|20px|120px&#8221; custom_padding_phone=&#8221;0px|||&#8221; custom_padding_last_edited=&#8221;on|desktop&#8221;][et_pb_row admin_label=&#8221;Row&#8221; make_fullwidth=&#8221;on&#8221; use_custom_width=&#8221;off&#8221; width_unit=&#8221;on&#8221; use_custom_gutter=&#8221;off&#8221; padding_mobile=&#8221;off&#8221; allow_player_pause=&#8221;off&#8221; parallax=&#8221;off&#8221; parallax_method=&#8221;off&#8221; make_equal=&#8221;off&#8221; parallax_1=&#8221;off&#8221; parallax_method_1=&#8221;off&#8221; column_padding_mobile=&#8221;on&#8221; custom_padding=&#8221;||0px|&#8221;][et_pb_column type=&#8221;4_4&#8243;][et_pb_text admin_label=&#8221;Boris-Jean Lacroix&#8221; background_layout=&#8221;light&#8221; text_orientation=&#8221;left&#8221; use_border_color=&#8221;off&#8221; border_color=&#8221;#ffffff&#8221; border_style=&#8221;solid&#8221; module_class=&#8221;titressections&#8221;]<\/p>\n<p>Boris-Jean Lacroix (1902-1984)<\/p>\n<p>[\/et_pb_text][\/et_pb_column][\/et_pb_row][et_pb_row admin_label=&#8221;Row&#8221; make_fullwidth=&#8221;on&#8221; use_custom_width=&#8221;off&#8221; width_unit=&#8221;on&#8221; use_custom_gutter=&#8221;off&#8221; padding_mobile=&#8221;off&#8221; allow_player_pause=&#8221;off&#8221; parallax=&#8221;off&#8221; parallax_method=&#8221;off&#8221; make_equal=&#8221;off&#8221; parallax_1=&#8221;off&#8221; parallax_method_1=&#8221;off&#8221; parallax_2=&#8221;off&#8221; parallax_method_2=&#8221;off&#8221; column_padding_mobile=&#8221;on&#8221; custom_padding=&#8221;||0px|&#8221; custom_margin=&#8221;||0px|&#8221;][et_pb_column type=&#8221;2_3&#8243;][et_pb_text admin_label=&#8221;Extrait biographie&#8221; background_layout=&#8221;light&#8221; text_orientation=&#8221;justified&#8221; use_border_color=&#8221;off&#8221; border_color=&#8221;#ffffff&#8221; border_style=&#8221;solid&#8221;]<\/p>\n<div class=\"page\" title=\"Page 3\">\n<div class=\"layoutArea\">\n<div class=\"column\">\n<div class=\"layoutArea\">\n<div class=\"column\">\n<p>N\u00e9e \u00e0 Paris en 1913, Line Vautrin est une artiste, designer, cr\u00e9atrice de bijoux et d\u2019objet de d\u00e9coration fran\u00e7aise. Cr\u00e9atrice singuli\u00e8re et farouchement ind\u00e9pendante, elle imagine dans le Paris de l\u2019imm\u00e9diat apr\u00e8s-guerre, des objets d\u2019une intense\u00a0po\u00e9sie.<\/p>\n<\/div>\n<\/div>\n<div class=\"layoutArea\">\n<div class=\"column\">\n<p>Line Vautrin commence \u00e0 se consacrer \u00e0 la cr\u00e9ation d\u2019objets d\u00e8s son plus jeune \u00e2ge; elle r\u00e9alise ses premi\u00e8res \u0153uvres \u00e0 peine \u00e2g\u00e9e de vingt et un ans. Lors de l\u2019Exposition Internationale des Arts et Techniques de 1937, elle tient un stand o\u00f9 elle y pr\u00e9sente ses cr\u00e9ations, parmi lesquelles on retrouve poudriers, bo\u00eetes, broches, colliers ou cendriers de bronze dor\u00e9, grav\u00e9s ou \u00e9maill\u00e9s, appartenant \u00e0 la fois \u00e0 l\u2019art du bijou, par leur d\u00e9licatesse, et \u00e0 la sculpture par leur tactilit\u00e9. Elle connait un grand succ\u00e8s, ce qui lui permet de se constituer rapidement une premi\u00e8re client\u00e8le. Tout d\u2019abord install\u00e9e dans un minuscule local rue de Berri \u00e0 Paris, son succ\u00e8s lui permet d\u2019ouvrir une boutique rue du Faubourg Saint Honor\u00e9, quartier de la couture, avant de m\u00e9tamorphoser le 106 rue Vieille-du-Temple.<\/p>\n<\/div>\n<\/div>\n<\/div>\n<\/div>\n<\/div>\n<p>[\/et_pb_text][\/et_pb_column][et_pb_column type=&#8221;1_3&#8243;][et_pb_image admin_label=&#8221;Photo artiste&#8221; src=&#8221;https:\/\/chastel-marechal.com\/wp-content\/uploads\/2016\/08\/portrait-1.jpg&#8221; show_in_lightbox=&#8221;off&#8221; url_new_window=&#8221;off&#8221; use_overlay=&#8221;off&#8221; animation=&#8221;off&#8221; sticky=&#8221;off&#8221; align=&#8221;left&#8221; force_fullwidth=&#8221;off&#8221; always_center_on_mobile=&#8221;on&#8221; use_border_color=&#8221;off&#8221; border_color=&#8221;#ffffff&#8221; border_style=&#8221;solid&#8221; custom_margin_phone=&#8221;50px|||&#8221; custom_margin_last_edited=&#8221;on|phone&#8221;]<\/p>\n<p>&nbsp;<\/p>\n<p>[\/et_pb_image][\/et_pb_column][\/et_pb_row][et_pb_row admin_label=&#8221;Row&#8221; make_fullwidth=&#8221;on&#8221; use_custom_width=&#8221;off&#8221; width_unit=&#8221;on&#8221; use_custom_gutter=&#8221;off&#8221; padding_mobile=&#8221;off&#8221; allow_player_pause=&#8221;off&#8221; parallax=&#8221;off&#8221; parallax_method=&#8221;off&#8221; make_equal=&#8221;off&#8221; parallax_1=&#8221;off&#8221; parallax_method_1=&#8221;off&#8221; column_padding_mobile=&#8221;on&#8221; custom_padding=&#8221;0px|||&#8221; custom_margin=&#8221;0px||20px|&#8221;][et_pb_column type=&#8221;4_4&#8243;][et_pb_toggle admin_label=&#8221;Biographie compl\u00e8te&#8221; title=&#8221;Afficher la biographie compl\u00e8te&#8221; open=&#8221;off&#8221; use_border_color=&#8221;off&#8221; border_color=&#8221;#ffffff&#8221; border_style=&#8221;solid&#8221; closed_toggle_background_color=&#8221;rgba(0,0,0,0)&#8221; custom_padding=&#8221;0px|0px|0px|0px&#8221; title_font_size=&#8221;14&#8243;]<\/p>\n<div class=\"page\" title=\"Page 3\">\n<div class=\"layoutArea\">\n<div class=\"column\">En 1953, Line Vautrin, toujours \u00e0 la recherche de nouveaut\u00e9s, d\u00e9pose un brevet \u00e0 la INPI (Institut National de la Propri\u00e9t\u00e9 Industriel) pour la d\u00e9couverte d\u2019une myst\u00e9rieuse r\u00e9sine, l\u2019ac\u00e9tate de cellulose, extr\u00eamement r\u00e9sistante qu\u2019elle baptise Talosel \u00e0 la fin des ann\u00e9es 1960 lorsqu\u2019elle d\u00e9m\u00e9nage Quai des Grands-Augustins. Il s\u2019agit de fines feuilles de r\u00e9sine, dispos\u00e9es en strates, gratt\u00e9es et scarifi\u00e9es, travaill\u00e9es au feu, marquet\u00e9es de minces \u00e9clats de miroirs, prenant les nuances les plus subtiles, \u00e9voquant l\u2019ardoise ou le schiste, l\u2019os et le bois rong\u00e9s par le temps.<\/div>\n<\/div>\n<div class=\"layoutArea\">\n<div class=\"column\">\n<div class=\"page\" title=\"Page 3\">\n<div class=\"layoutArea\">\n<div class=\"column\">\n<p>Suite \u00e0 cette d\u00e9couverte, Line Vautrin ne cesse plus jamais de transfigurer la mati\u00e8re. Elle cr\u00e9e ces fameux miroirs, scintillants, po\u00e9tiques qui d\u00e9forment la r\u00e9alit\u00e9 \u00e0 travers leur sorci\u00e8re, miroir convexe formant le centre de ses cr\u00e9ations. Tr\u00e8s vite elle rencontre un v\u00e9ritable succ\u00e8s en France et \u00e0 l\u2019international. Dans les ann\u00e9es 1960, elle utilise le talosel pour r\u00e9aliser \u00e9galement coffres, appliques, lampes, cadres, tables basses, paravents et suspensions. Line Vautrin renoue \u00e9galement avec ses d\u00e9buts de cr\u00e9atrice de bijoux en substituant le bronze dor\u00e9 par le talosel. Elle cr\u00e9e des colliers, des bracelets, des boucles d\u2019oreilles, des broches ainsi que des boutons de manchette, compos\u00e9s enti\u00e8rement de talosel incrust\u00e9 de miroirs.<\/p>\n<p>Dans le num\u00e9ro d\u2019Art et Industrie de juin 1948, Line Vautrin explique ses principes : \u00abJe crois que la plupart du temps, c\u2019est le rythme qui me pousse \u00e0 faire quelque chose, puis ensuite l\u2019id\u00e9e vient s\u2019incorporer en quelque sorte \u00e0 ces volumes, aux surfaces qui se balancent&#8230; Je pourrai dire que l\u2019instinct se traduit par le rythme, l\u2019intelligence par l\u2019affubulation qui s\u2019y greffe, volontaire ou non, et la sensualit\u00e9 par le modelage. Un mod\u00e8le doit, lorsqu\u2019on le touche, donner une satisfaction au doigt, il ne doit pas heurter, la main doit juger autant que l\u2019\u0153il.\u00bb<\/p>\n<p>C\u2019est en 1998 que la Galerie Chastel- Mar\u00e9chal consacre une premi\u00e8re grande exposition \u00e0 Line Vautrin. En 2004 la galerie organise \u00e0 nouveau une exposition de l\u2019artiste fran\u00e7aise exposant principalement des miroirs mais aussi des objets en bronze dor\u00e9. A cette occasion la galerie publie une monographie qui est aujourd\u2019hui le seul ouvrage de r\u00e9f\u00e9rence pour les miroirs de Line Vautrin.<\/p>\n<div class=\"page\" title=\"Page 4\">\n<div class=\"layoutArea\">\n<div class=\"column\">\n<p>Depuis ses d\u00e9buts, la Galerie Chastel- Mar\u00e9chal pr\u00e9sente un int\u00e9r\u00eat et un attachement fort pour l\u2019\u0153uvre de Line Vautrin. La Galerie a particip\u00e9 \u00e0 la revalorisation de l\u2019artiste mais aussi \u00e0 l\u2019explosion de sa valeur sur le march\u00e9, qui ne cesse d\u2019augmenter. Les \u0153uvres qu\u2019elle ex\u00e9cute, notamment en talosel, sont extr\u00eamement recherch\u00e9es et atteignent des prix tr\u00e8s importants aujourd\u2019hui.<\/p>\n<p>Line Vautrin fait d\u00e9sormais partie de l\u2019histoire des arts d\u00e9coratifs du XX\u00e8me si\u00e8cle et ses cr\u00e9ations trouvent place dans les plus importantes ventes internationales et chez les plus grands collectionneurs du monde entier.<\/p>\n<p>N\u00e9anmoins, la Galerie Chastel-Mar\u00e9chal se concentre sur la recherche des mod\u00e8les, couleurs et formes les plus rares afin de ne proposer que des pi\u00e8ces exceptionnelles.<\/p>\n<p>Pour mieux accompagner ses collectioneurs, la Galerie Chastel-Mar\u00e9chal garantie de veiller \u00e0 la bonne conservation des pi\u00e8ces qu\u2019elle vend.<\/p>\n<\/div>\n<\/div>\n<\/div>\n<\/div>\n<\/div>\n<\/div>\n<\/div>\n<\/div>\n<\/div>\n<p>[\/et_pb_toggle][\/et_pb_column][\/et_pb_row][et_pb_row admin_label=&#8221;Row&#8221; make_fullwidth=&#8221;on&#8221; use_custom_width=&#8221;off&#8221; width_unit=&#8221;on&#8221; use_custom_gutter=&#8221;off&#8221; padding_mobile=&#8221;off&#8221; allow_player_pause=&#8221;off&#8221; parallax=&#8221;off&#8221; parallax_method=&#8221;off&#8221; make_equal=&#8221;off&#8221; parallax_1=&#8221;off&#8221; parallax_method_1=&#8221;off&#8221; column_padding_mobile=&#8221;on&#8221;][et_pb_column type=&#8221;4_4&#8243;][et_pb_text admin_label=&#8221;Titre \u0153uvres&#8221; background_layout=&#8221;light&#8221; text_orientation=&#8221;left&#8221; use_border_color=&#8221;off&#8221; border_color=&#8221;#ffffff&#8221; border_style=&#8221;solid&#8221; module_class=&#8221;titressections&#8221;]<\/p>\n<p>\u0152uvres<\/p>\n<p>[\/et_pb_text][et_pb_portfolio admin_label=&#8221;Liste des \u0153uvres&#8221; fullwidth=&#8221;off&#8221; include_categories=&#8221;1019&#8243; show_title=&#8221;off&#8221; show_categories=&#8221;off&#8221; show_pagination=&#8221;off&#8221; background_layout=&#8221;light&#8221; hover_overlay_color=&#8221;rgba(255,255,255,0.6)&#8221; use_border_color=&#8221;off&#8221; border_color=&#8221;#ffffff&#8221; border_style=&#8221;solid&#8221; posts_number=&#8221;80&#8243;]<\/p>\n<p>&nbsp;<\/p>\n<p>[\/et_pb_portfolio][\/et_pb_column][\/et_pb_row][\/et_pb_section]<\/p>\n","protected":false},"excerpt":{"rendered":"<p>Boris-Jean Lacroix (1902-1984) N\u00e9e \u00e0 Paris en 1913, Line Vautrin est une artiste, designer, cr\u00e9atrice de bijoux et d\u2019objet de d\u00e9coration fran\u00e7aise. Cr\u00e9atrice singuli\u00e8re et farouchement ind\u00e9pendante, elle imagine dans le Paris de l\u2019imm\u00e9diat apr\u00e8s-guerre, des objets d\u2019une intense\u00a0po\u00e9sie. Line Vautrin commence \u00e0 se consacrer \u00e0 la cr\u00e9ation d\u2019objets d\u00e8s son plus jeune \u00e2ge; elle [&hellip;]<\/p>\n","protected":false},"author":2,"featured_media":0,"parent":0,"menu_order":0,"comment_status":"closed","ping_status":"closed","template":"","meta":{"_et_pb_use_builder":"on","_et_pb_old_content":"","_et_gb_content_width":"","footnotes":""},"class_list":["post-10031","page","type-page","status-publish","hentry"],"yoast_head":"<!-- This site is optimized with the Yoast SEO plugin v25.1 - https:\/\/yoast.com\/wordpress\/plugins\/seo\/ -->\n<title>Boris-Jean Lacroix - Galerie Chastel Mar\u00e9chal<\/title>\n<meta name=\"description\" content=\"Boris-Jean Lacroix\" \/>\n<meta name=\"robots\" content=\"index, follow, max-snippet:-1, max-image-preview:large, max-video-preview:-1\" \/>\n<link rel=\"canonical\" href=\"https:\/\/chastel-marechal.com\/en\/boris-jean-lacroix\/\" \/>\n<meta property=\"og:locale\" content=\"en_US\" \/>\n<meta property=\"og:type\" content=\"article\" \/>\n<meta property=\"og:title\" content=\"Boris-Jean Lacroix - Galerie Chastel Mar\u00e9chal\" \/>\n<meta property=\"og:description\" content=\"Boris-Jean Lacroix\" \/>\n<meta property=\"og:url\" content=\"https:\/\/chastel-marechal.com\/en\/boris-jean-lacroix\/\" \/>\n<meta property=\"og:site_name\" content=\"Galerie Chastel Mar\u00e9chal\" \/>\n<meta property=\"article:publisher\" content=\"https:\/\/www.facebook.com\/galerie.chastelmarechal\/\" \/>\n<meta property=\"article:modified_time\" content=\"2020-07-10T08:10:47+00:00\" \/>\n<meta property=\"og:image\" content=\"https:\/\/chastel-marechal.com\/wp-content\/uploads\/2016\/08\/galerie-chastel-marechal-logo.png\" \/>\n\t<meta property=\"og:image:width\" content=\"800\" \/>\n\t<meta property=\"og:image:height\" content=\"103\" \/>\n\t<meta property=\"og:image:type\" content=\"image\/png\" \/>\n<meta name=\"twitter:card\" content=\"summary_large_image\" \/>\n<meta name=\"twitter:site\" content=\"@chastelmarechal\" \/>\n<meta name=\"twitter:label1\" content=\"Est. reading time\" \/>\n\t<meta name=\"twitter:data1\" content=\"7 minutes\" \/>\n<script type=\"application\/ld+json\" class=\"yoast-schema-graph\">{\"@context\":\"https:\/\/schema.org\",\"@graph\":[{\"@type\":\"WebPage\",\"@id\":\"https:\/\/chastel-marechal.com\/en\/boris-jean-lacroix\/\",\"url\":\"https:\/\/chastel-marechal.com\/en\/boris-jean-lacroix\/\",\"name\":\"Boris-Jean Lacroix - Galerie Chastel Mar\u00e9chal\",\"isPartOf\":{\"@id\":\"https:\/\/chastel-marechal.com\/en\/#website\"},\"datePublished\":\"2018-05-16T16:21:04+00:00\",\"dateModified\":\"2020-07-10T08:10:47+00:00\",\"description\":\"Boris-Jean Lacroix\",\"breadcrumb\":{\"@id\":\"https:\/\/chastel-marechal.com\/en\/boris-jean-lacroix\/#breadcrumb\"},\"inLanguage\":\"en-US\",\"potentialAction\":[{\"@type\":\"ReadAction\",\"target\":[\"https:\/\/chastel-marechal.com\/en\/boris-jean-lacroix\/\"]}]},{\"@type\":\"BreadcrumbList\",\"@id\":\"https:\/\/chastel-marechal.com\/en\/boris-jean-lacroix\/#breadcrumb\",\"itemListElement\":[{\"@type\":\"ListItem\",\"position\":1,\"name\":\"Accueil\",\"item\":\"https:\/\/chastel-marechal.com\/en\/\"},{\"@type\":\"ListItem\",\"position\":2,\"name\":\"Boris-Jean Lacroix\"}]},{\"@type\":\"WebSite\",\"@id\":\"https:\/\/chastel-marechal.com\/en\/#website\",\"url\":\"https:\/\/chastel-marechal.com\/en\/\",\"name\":\"Galerie Chastel Mar\u00e9chal\",\"description\":\"Arts d\u00e9coratifs du XX\u00e8me si\u00e8cle\",\"publisher\":{\"@id\":\"https:\/\/chastel-marechal.com\/en\/#organization\"},\"potentialAction\":[{\"@type\":\"SearchAction\",\"target\":{\"@type\":\"EntryPoint\",\"urlTemplate\":\"https:\/\/chastel-marechal.com\/en\/?s={search_term_string}\"},\"query-input\":{\"@type\":\"PropertyValueSpecification\",\"valueRequired\":true,\"valueName\":\"search_term_string\"}}],\"inLanguage\":\"en-US\"},{\"@type\":\"Organization\",\"@id\":\"https:\/\/chastel-marechal.com\/en\/#organization\",\"name\":\"Galerie Chastel Mar\u00e9chal\",\"url\":\"https:\/\/chastel-marechal.com\/en\/\",\"logo\":{\"@type\":\"ImageObject\",\"inLanguage\":\"en-US\",\"@id\":\"https:\/\/chastel-marechal.com\/en\/#\/schema\/logo\/image\/\",\"url\":\"https:\/\/www.chastel-marechal.com\/wp-content\/uploads\/2016\/08\/galerie-chastel-marechal-logo.png\",\"contentUrl\":\"https:\/\/www.chastel-marechal.com\/wp-content\/uploads\/2016\/08\/galerie-chastel-marechal-logo.png\",\"width\":800,\"height\":103,\"caption\":\"Galerie Chastel Mar\u00e9chal\"},\"image\":{\"@id\":\"https:\/\/chastel-marechal.com\/en\/#\/schema\/logo\/image\/\"},\"sameAs\":[\"https:\/\/www.facebook.com\/galerie.chastelmarechal\/\",\"https:\/\/x.com\/chastelmarechal\",\"https:\/\/www.instagram.com\/galeriechastelmarechal\/\",\"https:\/\/fr.pinterest.com\/galerieCM\/\"]}]}<\/script>\n<!-- \/ Yoast SEO plugin. -->","yoast_head_json":{"title":"Boris-Jean Lacroix - Galerie Chastel Mar\u00e9chal","description":"Boris-Jean Lacroix","robots":{"index":"index","follow":"follow","max-snippet":"max-snippet:-1","max-image-preview":"max-image-preview:large","max-video-preview":"max-video-preview:-1"},"canonical":"https:\/\/chastel-marechal.com\/en\/boris-jean-lacroix\/","og_locale":"en_US","og_type":"article","og_title":"Boris-Jean Lacroix - Galerie Chastel Mar\u00e9chal","og_description":"Boris-Jean Lacroix","og_url":"https:\/\/chastel-marechal.com\/en\/boris-jean-lacroix\/","og_site_name":"Galerie Chastel Mar\u00e9chal","article_publisher":"https:\/\/www.facebook.com\/galerie.chastelmarechal\/","article_modified_time":"2020-07-10T08:10:47+00:00","og_image":[{"width":800,"height":103,"url":"https:\/\/chastel-marechal.com\/wp-content\/uploads\/2016\/08\/galerie-chastel-marechal-logo.png","type":"image\/png"}],"twitter_card":"summary_large_image","twitter_site":"@chastelmarechal","twitter_misc":{"Est. reading time":"7 minutes"},"schema":{"@context":"https:\/\/schema.org","@graph":[{"@type":"WebPage","@id":"https:\/\/chastel-marechal.com\/en\/boris-jean-lacroix\/","url":"https:\/\/chastel-marechal.com\/en\/boris-jean-lacroix\/","name":"Boris-Jean Lacroix - Galerie Chastel Mar\u00e9chal","isPartOf":{"@id":"https:\/\/chastel-marechal.com\/en\/#website"},"datePublished":"2018-05-16T16:21:04+00:00","dateModified":"2020-07-10T08:10:47+00:00","description":"Boris-Jean Lacroix","breadcrumb":{"@id":"https:\/\/chastel-marechal.com\/en\/boris-jean-lacroix\/#breadcrumb"},"inLanguage":"en-US","potentialAction":[{"@type":"ReadAction","target":["https:\/\/chastel-marechal.com\/en\/boris-jean-lacroix\/"]}]},{"@type":"BreadcrumbList","@id":"https:\/\/chastel-marechal.com\/en\/boris-jean-lacroix\/#breadcrumb","itemListElement":[{"@type":"ListItem","position":1,"name":"Accueil","item":"https:\/\/chastel-marechal.com\/en\/"},{"@type":"ListItem","position":2,"name":"Boris-Jean Lacroix"}]},{"@type":"WebSite","@id":"https:\/\/chastel-marechal.com\/en\/#website","url":"https:\/\/chastel-marechal.com\/en\/","name":"Galerie Chastel Mar\u00e9chal","description":"Arts d\u00e9coratifs du XX\u00e8me si\u00e8cle","publisher":{"@id":"https:\/\/chastel-marechal.com\/en\/#organization"},"potentialAction":[{"@type":"SearchAction","target":{"@type":"EntryPoint","urlTemplate":"https:\/\/chastel-marechal.com\/en\/?s={search_term_string}"},"query-input":{"@type":"PropertyValueSpecification","valueRequired":true,"valueName":"search_term_string"}}],"inLanguage":"en-US"},{"@type":"Organization","@id":"https:\/\/chastel-marechal.com\/en\/#organization","name":"Galerie Chastel Mar\u00e9chal","url":"https:\/\/chastel-marechal.com\/en\/","logo":{"@type":"ImageObject","inLanguage":"en-US","@id":"https:\/\/chastel-marechal.com\/en\/#\/schema\/logo\/image\/","url":"https:\/\/www.chastel-marechal.com\/wp-content\/uploads\/2016\/08\/galerie-chastel-marechal-logo.png","contentUrl":"https:\/\/www.chastel-marechal.com\/wp-content\/uploads\/2016\/08\/galerie-chastel-marechal-logo.png","width":800,"height":103,"caption":"Galerie Chastel Mar\u00e9chal"},"image":{"@id":"https:\/\/chastel-marechal.com\/en\/#\/schema\/logo\/image\/"},"sameAs":["https:\/\/www.facebook.com\/galerie.chastelmarechal\/","https:\/\/x.com\/chastelmarechal","https:\/\/www.instagram.com\/galeriechastelmarechal\/","https:\/\/fr.pinterest.com\/galerieCM\/"]}]}},"acf":[],"_links":{"self":[{"href":"https:\/\/chastel-marechal.com\/en\/wp-json\/wp\/v2\/pages\/10031","targetHints":{"allow":["GET"]}}],"collection":[{"href":"https:\/\/chastel-marechal.com\/en\/wp-json\/wp\/v2\/pages"}],"about":[{"href":"https:\/\/chastel-marechal.com\/en\/wp-json\/wp\/v2\/types\/page"}],"author":[{"embeddable":true,"href":"https:\/\/chastel-marechal.com\/en\/wp-json\/wp\/v2\/users\/2"}],"replies":[{"embeddable":true,"href":"https:\/\/chastel-marechal.com\/en\/wp-json\/wp\/v2\/comments?post=10031"}],"version-history":[{"count":2,"href":"https:\/\/chastel-marechal.com\/en\/wp-json\/wp\/v2\/pages\/10031\/revisions"}],"predecessor-version":[{"id":10037,"href":"https:\/\/chastel-marechal.com\/en\/wp-json\/wp\/v2\/pages\/10031\/revisions\/10037"}],"wp:attachment":[{"href":"https:\/\/chastel-marechal.com\/en\/wp-json\/wp\/v2\/media?parent=10031"}],"curies":[{"name":"wp","href":"https:\/\/api.w.org\/{rel}","templated":true}]}}