{"id":1171,"date":"2016-08-11T13:59:17","date_gmt":"2016-08-11T11:59:17","guid":{"rendered":"https:\/\/chastel-marechal.com\/?page_id=1171&#038;lang=en"},"modified":"2024-04-22T17:17:43","modified_gmt":"2024-04-22T15:17:43","slug":"works","status":"publish","type":"page","link":"https:\/\/chastel-marechal.com\/en\/works\/","title":{"rendered":"Works"},"content":{"rendered":"<p>[et_pb_section bb_built=&#8221;1&#8243; admin_label=&#8221;section&#8221; custom_padding_last_edited=&#8221;on|desktop&#8221; _builder_version=&#8221;4.16&#8243; background_color=&#8221;#ffffff&#8221; background_image=&#8221;https:\/\/chastel-marechal.com\/wp-content\/uploads\/2016\/08\/fond-presentation-galerie.jpg&#8221; custom_padding_tablet=&#8221;50px|0|50px|0&#8243; transparent_background=&#8221;off&#8221; padding_mobile=&#8221;off&#8221; make_fullwidth=&#8221;off&#8221; use_custom_width=&#8221;off&#8221; width_unit=&#8221;on&#8221; global_colors_info=&#8221;{}&#8221; next_background_color=&#8221;#ffffff&#8221;][et_pb_row admin_label=&#8221;row&#8221; column_padding_mobile=&#8221;on&#8221; custom_padding_last_edited=&#8221;on|phone&#8221; module_class=&#8221; et_pb_row_fullwidth et_pb_row_fullwidth et_pb_row_fullwidth et_pb_row_fullwidth&#8221; _builder_version=&#8221;4.21.0&#8243; background_size=&#8221;initial&#8221; background_position=&#8221;top_left&#8221; background_repeat=&#8221;repeat&#8221; width=&#8221;89%&#8221; width_tablet=&#8221;80%&#8221; width_last_edited=&#8221;on|desktop&#8221; max_width=&#8221;89%&#8221; max_width_tablet=&#8221;80%&#8221; max_width_last_edited=&#8221;on|desktop&#8221; custom_padding=&#8221;|150px||150px&#8221; custom_padding_tablet=&#8221;|0px||0px|false|false&#8221; custom_padding_phone=&#8221;|0px||0px|false|false&#8221; make_fullwidth=&#8221;on&#8221; use_custom_width=&#8221;off&#8221; width_unit=&#8221;on&#8221; global_colors_info=&#8221;{}&#8221;][et_pb_column type=&#8221;4_4&#8243; _builder_version=&#8221;4.16&#8243; custom_padding=&#8221;|||&#8221; global_colors_info=&#8221;{}&#8221; custom_padding__hover=&#8221;|||&#8221;][et_pb_text admin_label=&#8221;Titre categories&#8221; module_class=&#8221;titressections&#8221; _builder_version=&#8221;4.16&#8243; background_size=&#8221;initial&#8221; background_position=&#8221;top_left&#8221; background_repeat=&#8221;repeat&#8221; custom_margin=&#8221;||6px|&#8221; custom_padding=&#8221;||6px|&#8221; use_border_color=&#8221;off&#8221; border_color=&#8221;#ffffff&#8221; border_style=&#8221;solid&#8221; global_colors_info=&#8221;{}&#8221;]<\/p>\n<h1>WORKS<\/h1>\n<p>[\/et_pb_text][et_pb_code _builder_version=&#8221;4.16&#8243; global_colors_info=&#8221;{}&#8221;]<div class=\"menu-menu-oeuvres-francais-anglais-container\"><ul id=\"menu-menu-oeuvres-francais-anglais\" class=\"menu\"><li id=\"menu-item-1214\" class=\"menu-item menu-item-type-post_type menu-item-object-page menu-item-1214\"><a href=\"https:\/\/chastel-marechal.com\/en\/works\/\">Works<\/a><\/li>\n<li id=\"menu-item-1215\" class=\"menu-item menu-item-type-post_type menu-item-object-page menu-item-1215\"><a href=\"https:\/\/chastel-marechal.com\/en\/lighting\/\">Lighting<\/a><\/li>\n<li id=\"menu-item-1216\" class=\"menu-item menu-item-type-post_type menu-item-object-page menu-item-1216\"><a href=\"https:\/\/chastel-marechal.com\/en\/mirrors\/\">Mirrors<\/a><\/li>\n<li id=\"menu-item-1217\" class=\"menu-item menu-item-type-post_type menu-item-object-page menu-item-1217\"><a href=\"https:\/\/chastel-marechal.com\/en\/seats\/\">Seats<\/a><\/li>\n<li id=\"menu-item-1218\" class=\"menu-item menu-item-type-post_type menu-item-object-page menu-item-1218\"><a href=\"https:\/\/chastel-marechal.com\/en\/furniture\/\">Furniture<\/a><\/li>\n<li id=\"menu-item-1219\" class=\"menu-item menu-item-type-post_type menu-item-object-page menu-item-1219\"><a href=\"https:\/\/chastel-marechal.com\/en\/art-objects\/\">Art objects<\/a><\/li>\n<li id=\"menu-item-1220\" class=\"menu-item menu-item-type-post_type menu-item-object-page menu-item-1220\"><a href=\"https:\/\/chastel-marechal.com\/en\/ceramics\/\">Ceramics<\/a><\/li>\n<li id=\"menu-item-13960\" class=\"menu-item menu-item-type-post_type menu-item-object-page menu-item-13960\"><a href=\"https:\/\/chastel-marechal.com\/en\/mobiliers-bresiliens\/\">Brazilian design<\/a><\/li>\n<\/ul><\/div>[\/et_pb_code][\/et_pb_column][\/et_pb_row][et_pb_row admin_label=&#8221;Row&#8221; column_structure=&#8221;1_2,1_2&#8243; column_padding_mobile=&#8221;on&#8221; module_class=&#8221; et_pb_row_fullwidth et_pb_row_fullwidth et_pb_row_fullwidth et_pb_row_fullwidth&#8221; _builder_version=&#8221;4.21.0&#8243; background_size=&#8221;initial&#8221; background_position=&#8221;top_left&#8221; background_repeat=&#8221;repeat&#8221; width=&#8221;89%&#8221; width_tablet=&#8221;80%&#8221; width_last_edited=&#8221;on|desktop&#8221; max_width=&#8221;89%&#8221; max_width_tablet=&#8221;80%&#8221; max_width_last_edited=&#8221;on|desktop&#8221; custom_padding=&#8221;|150px||150px&#8221; hover_enabled=&#8221;0&#8243; make_fullwidth=&#8221;on&#8221; use_custom_width=&#8221;off&#8221; width_unit=&#8221;on&#8221; global_colors_info=&#8221;{}&#8221; custom_padding_last_edited=&#8221;on|tablet&#8221; sticky_enabled=&#8221;0&#8243; custom_padding_tablet=&#8221;|0px||0px|false|false&#8221; custom_padding_phone=&#8221;|0px||0px|false|false&#8221;][et_pb_column type=&#8221;1_2&#8243; _builder_version=&#8221;4.16&#8243; custom_padding=&#8221;|||&#8221; global_colors_info=&#8221;{}&#8221; custom_padding__hover=&#8221;|||&#8221;][et_pb_image admin_label=&#8221;Lightnings&#8221; src=&#8221;https:\/\/chastel-marechal.com\/wp-content\/uploads\/2021\/03\/jouve-ensemble-troislampes-1.jpg&#8221; alt=&#8221;\u0152uvres luminaires&#8221; title_text=&#8221;Lightnings&#8221; url=&#8221;https:\/\/chastel-marechal.com\/luminaires\/&#8221; use_overlay=&#8221;on&#8221; hover_overlay_color=&#8221;rgba(255,255,255,0.6)&#8221; align_tablet=&#8221;center&#8221; align_last_edited=&#8221;on|desktop&#8221; _builder_version=&#8221;4.16&#8243; custom_margin=&#8221;||8%|&#8221; use_border_color=&#8221;off&#8221; border_color=&#8221;#ffffff&#8221; border_style=&#8221;solid&#8221; animation=&#8221;off&#8221; sticky=&#8221;off&#8221; always_center_on_mobile=&#8221;on&#8221; global_colors_info=&#8221;{}&#8221;]<\/p>\n<p>&nbsp;<\/p>\n<p>[\/et_pb_image][et_pb_image admin_label=&#8221;Si\u00e8ges&#8221; src=&#8221;https:\/\/chastel-marechal.com\/wp-content\/uploads\/2024\/04\/jmf-paire-fauteuils-chevalier-1-1-web-copie-2.jpg&#8221; alt=&#8221;Si\u00e8ges&#8221; title_text=&#8221;Seats&#8221; url=&#8221;https:\/\/chastel-marechal.com\/sieges\/&#8221; use_overlay=&#8221;on&#8221; hover_overlay_color=&#8221;rgba(255,255,255,0.6)&#8221; align_tablet=&#8221;center&#8221; align_last_edited=&#8221;on|desktop&#8221; _builder_version=&#8221;4.25.0&#8243; vertical_offset_tablet=&#8221;0&#8243; horizontal_offset_tablet=&#8221;0&#8243; custom_margin=&#8221;||8%|&#8221; z_index_tablet=&#8221;0&#8243; box_shadow_horizontal_tablet=&#8221;0px&#8221; box_shadow_vertical_tablet=&#8221;0px&#8221; box_shadow_blur_tablet=&#8221;40px&#8221; box_shadow_spread_tablet=&#8221;0px&#8221; use_border_color=&#8221;off&#8221; global_colors_info=&#8221;{}&#8221; background_pattern_color=&#8221;rgba(0,0,0,0.2)&#8221; background_mask_color=&#8221;#ffffff&#8221;]<\/p>\n<p>&nbsp;<\/p>\n<p>[\/et_pb_image][et_pb_image admin_label=&#8221;Objets d&#8217;art&#8221; src=&#8221;https:\/\/chastel-marechal.com\/wp-content\/uploads\/2020\/01\/lalanne-claude-pomme-bouche-2.jpg&#8221; alt=&#8221;Objets d&#8217;art&#8221; title_text=&#8221;Art objects&#8221; url=&#8221;https:\/\/chastel-marechal.com\/objets-dart&#8221; use_overlay=&#8221;on&#8221; hover_overlay_color=&#8221;rgba(255,255,255,0.6)&#8221; align_tablet=&#8221;center&#8221; align_last_edited=&#8221;on|desktop&#8221; _builder_version=&#8221;4.16&#8243; custom_margin=&#8221;||8%|&#8221; use_border_color=&#8221;off&#8221; border_color=&#8221;#ffffff&#8221; border_style=&#8221;solid&#8221; animation=&#8221;off&#8221; sticky=&#8221;off&#8221; always_center_on_mobile=&#8221;on&#8221; global_colors_info=&#8221;{}&#8221;]<\/p>\n<p>&nbsp;<\/p>\n<p>[\/et_pb_image][et_pb_image admin_label=&#8221;Objets d&#8217;art&#8221; src=&#8221;https:\/\/chastel-marechal.com\/wp-content\/uploads\/2021\/11\/bobardi-chaise-1bd-copie-scaled.jpg&#8221; alt=&#8221;Brazilian design&#8221; title_text=&#8221;Brazilian design&#8221; url=&#8221;https:\/\/chastel-marechal.com\/en\/mobiliers-bresiliens\/&#8221; use_overlay=&#8221;on&#8221; hover_overlay_color=&#8221;rgba(255,255,255,0.6)&#8221; align_tablet=&#8221;center&#8221; align_last_edited=&#8221;on|desktop&#8221; _builder_version=&#8221;4.16&#8243; custom_margin=&#8221;||8%|&#8221; use_border_color=&#8221;off&#8221; border_color=&#8221;#ffffff&#8221; border_style=&#8221;solid&#8221; animation=&#8221;off&#8221; sticky=&#8221;off&#8221; always_center_on_mobile=&#8221;on&#8221; global_colors_info=&#8221;{}&#8221;]<\/p>\n<p>&nbsp;<\/p>\n<p>[\/et_pb_image][\/et_pb_column][et_pb_column type=&#8221;1_2&#8243; _builder_version=&#8221;4.16&#8243; custom_padding=&#8221;|||&#8221; global_colors_info=&#8221;{}&#8221; custom_padding__hover=&#8221;|||&#8221;][et_pb_image admin_label=&#8221;Miroirs&#8221; src=&#8221;https:\/\/chastel-marechal.com\/wp-content\/uploads\/2024\/04\/vautrin-pacifique-1bd-copie-carree.jpg&#8221; alt=&#8221;Miroirs&#8221; title_text=&#8221;Mirrors&#8221; url=&#8221;https:\/\/chastel-marechal.com\/miroirs\/&#8221; use_overlay=&#8221;on&#8221; hover_overlay_color=&#8221;rgba(255,255,255,0.6)&#8221; align_tablet=&#8221;center&#8221; align_last_edited=&#8221;on|desktop&#8221; _builder_version=&#8221;4.24.3&#8243; custom_margin=&#8221;||8%|&#8221; use_border_color=&#8221;off&#8221; border_color=&#8221;#ffffff&#8221; border_style=&#8221;solid&#8221; animation=&#8221;off&#8221; sticky=&#8221;off&#8221; always_center_on_mobile=&#8221;on&#8221; global_colors_info=&#8221;{}&#8221; background_pattern_color=&#8221;rgba(0,0,0,0.2)&#8221; background_mask_color=&#8221;#ffffff&#8221; box_shadow_horizontal_tablet=&#8221;0px&#8221; box_shadow_vertical_tablet=&#8221;0px&#8221; box_shadow_blur_tablet=&#8221;40px&#8221; box_shadow_spread_tablet=&#8221;0px&#8221; vertical_offset_tablet=&#8221;0&#8243; horizontal_offset_tablet=&#8221;0&#8243; z_index_tablet=&#8221;0&#8243;]<\/p>\n<p>&nbsp;<\/p>\n<p>[\/et_pb_image][et_pb_image admin_label=&#8221;Mobiliers&#8221; src=&#8221;https:\/\/chastel-marechal.com\/wp-content\/uploads\/2023\/10\/royere-console-tour-eiffel-02-web-copie.jpg&#8221; alt=&#8221;Mobiliers&#8221; title_text=&#8221;Furniture&#8221; url=&#8221;https:\/\/chastel-marechal.com\/mobiliers\/&#8221; use_overlay=&#8221;on&#8221; hover_overlay_color=&#8221;rgba(255,255,255,0.6)&#8221; align_tablet=&#8221;center&#8221; align_last_edited=&#8221;on|desktop&#8221; _builder_version=&#8221;4.25.0&#8243; vertical_offset_tablet=&#8221;0&#8243; horizontal_offset_tablet=&#8221;0&#8243; custom_margin=&#8221;||8%|&#8221; z_index_tablet=&#8221;0&#8243; box_shadow_horizontal_tablet=&#8221;0px&#8221; box_shadow_vertical_tablet=&#8221;0px&#8221; box_shadow_blur_tablet=&#8221;40px&#8221; box_shadow_spread_tablet=&#8221;0px&#8221; use_border_color=&#8221;off&#8221; global_colors_info=&#8221;{}&#8221; background_pattern_color=&#8221;rgba(0,0,0,0.2)&#8221; background_mask_color=&#8221;#ffffff&#8221;]<\/p>\n<p>&nbsp;<\/p>\n<p>[\/et_pb_image][et_pb_image admin_label=&#8221;C\u00e9ramiques&#8221; src=&#8221;https:\/\/chastel-marechal.com\/wp-content\/uploads\/2021\/06\/jouve-oiseau-5.jpg&#8221; alt=&#8221;C\u00e9ramiques&#8221; title_text=&#8221;Ceramics&#8221; url=&#8221;https:\/\/chastel-marechal.com\/ceramiques\/&#8221; use_overlay=&#8221;on&#8221; hover_overlay_color=&#8221;rgba(255,255,255,0.6)&#8221; align_tablet=&#8221;center&#8221; align_last_edited=&#8221;on|desktop&#8221; _builder_version=&#8221;4.16&#8243; custom_margin=&#8221;||8%|&#8221; use_border_color=&#8221;off&#8221; border_color=&#8221;#ffffff&#8221; border_style=&#8221;solid&#8221; animation=&#8221;off&#8221; sticky=&#8221;off&#8221; always_center_on_mobile=&#8221;on&#8221; global_colors_info=&#8221;{}&#8221;]<\/p>\n<p>&nbsp;<\/p>\n<p>[\/et_pb_image][\/et_pb_column][\/et_pb_row][\/et_pb_section][et_pb_section bb_built=&#8221;1&#8243; admin_label=&#8221;section&#8221; _builder_version=&#8221;4.16&#8243; global_colors_info=&#8221;{}&#8221; prev_background_color=&#8221;#000000&#8243;][et_pb_row admin_label=&#8221;row&#8221; _builder_version=&#8221;4.16&#8243; background_size=&#8221;initial&#8221; background_position=&#8221;top_left&#8221; background_repeat=&#8221;repeat&#8221; global_colors_info=&#8221;{}&#8221;][\/et_pb_row][\/et_pb_section]<\/p>\n","protected":false},"excerpt":{"rendered":"<p>WORKS <div class=\"menu-menu-oeuvres-francais-anglais-container\"><ul id=\"menu-menu-oeuvres-francais-anglais-1\" class=\"menu\"><li class=\"menu-item menu-item-type-post_type menu-item-object-page menu-item-1214\"><a href=\"https:\/\/chastel-marechal.com\/en\/works\/\">Works<\/a><\/li>\n<li class=\"menu-item menu-item-type-post_type menu-item-object-page menu-item-1215\"><a href=\"https:\/\/chastel-marechal.com\/en\/lighting\/\">Lighting<\/a><\/li>\n<li class=\"menu-item menu-item-type-post_type menu-item-object-page menu-item-1216\"><a href=\"https:\/\/chastel-marechal.com\/en\/mirrors\/\">Mirrors<\/a><\/li>\n<li class=\"menu-item menu-item-type-post_type menu-item-object-page menu-item-1217\"><a href=\"https:\/\/chastel-marechal.com\/en\/seats\/\">Seats<\/a><\/li>\n<li class=\"menu-item menu-item-type-post_type menu-item-object-page menu-item-1218\"><a href=\"https:\/\/chastel-marechal.com\/en\/furniture\/\">Furniture<\/a><\/li>\n<li class=\"menu-item menu-item-type-post_type menu-item-object-page menu-item-1219\"><a href=\"https:\/\/chastel-marechal.com\/en\/art-objects\/\">Art objects<\/a><\/li>\n<li class=\"menu-item menu-item-type-post_type menu-item-object-page menu-item-1220\"><a href=\"https:\/\/chastel-marechal.com\/en\/ceramics\/\">Ceramics<\/a><\/li>\n<li class=\"menu-item menu-item-type-post_type menu-item-object-page menu-item-13960\"><a href=\"https:\/\/chastel-marechal.com\/en\/mobiliers-bresiliens\/\">Brazilian design<\/a><\/li>\n<\/ul><\/div> &nbsp; &nbsp; &nbsp; &nbsp; &nbsp; &nbsp; &nbsp;<\/p>\n","protected":false},"author":2,"featured_media":0,"parent":0,"menu_order":0,"comment_status":"closed","ping_status":"closed","template":"","meta":{"_et_pb_use_builder":"on","_et_pb_old_content":"","_et_gb_content_width":"","footnotes":""},"class_list":["post-1171","page","type-page","status-publish","hentry"],"yoast_head":"<!-- This site is optimized with the Yoast SEO plugin v25.1 - https:\/\/yoast.com\/wordpress\/plugins\/seo\/ -->\n<title>Works - Galerie Chastel Mar\u00e9chal<\/title>\n<meta name=\"description\" content=\"Works\" \/>\n<meta name=\"robots\" content=\"index, follow, max-snippet:-1, max-image-preview:large, max-video-preview:-1\" \/>\n<link rel=\"canonical\" href=\"https:\/\/chastel-marechal.com\/en\/works\/\" \/>\n<meta property=\"og:locale\" content=\"en_US\" \/>\n<meta property=\"og:type\" content=\"article\" \/>\n<meta property=\"og:title\" content=\"Works - Galerie Chastel Mar\u00e9chal\" \/>\n<meta property=\"og:description\" content=\"Works\" \/>\n<meta property=\"og:url\" content=\"https:\/\/chastel-marechal.com\/en\/works\/\" \/>\n<meta property=\"og:site_name\" content=\"Galerie Chastel Mar\u00e9chal\" \/>\n<meta property=\"article:publisher\" content=\"https:\/\/www.facebook.com\/galerie.chastelmarechal\/\" \/>\n<meta property=\"article:modified_time\" content=\"2024-04-22T15:17:43+00:00\" \/>\n<meta property=\"og:image\" content=\"https:\/\/chastel-marechal.com\/wp-content\/uploads\/2016\/08\/galerie-chastel-marechal-logo.png\" \/>\n\t<meta property=\"og:image:width\" content=\"800\" \/>\n\t<meta property=\"og:image:height\" content=\"103\" \/>\n\t<meta property=\"og:image:type\" content=\"image\/png\" \/>\n<meta name=\"twitter:card\" content=\"summary_large_image\" \/>\n<meta name=\"twitter:site\" content=\"@chastelmarechal\" \/>\n<meta name=\"twitter:label1\" content=\"Est. reading time\" \/>\n\t<meta name=\"twitter:data1\" content=\"2 minutes\" \/>\n<script type=\"application\/ld+json\" class=\"yoast-schema-graph\">{\"@context\":\"https:\/\/schema.org\",\"@graph\":[{\"@type\":\"WebPage\",\"@id\":\"https:\/\/chastel-marechal.com\/en\/works\/\",\"url\":\"https:\/\/chastel-marechal.com\/en\/works\/\",\"name\":\"Works - Galerie Chastel Mar\u00e9chal\",\"isPartOf\":{\"@id\":\"https:\/\/chastel-marechal.com\/en\/#website\"},\"datePublished\":\"2016-08-11T11:59:17+00:00\",\"dateModified\":\"2024-04-22T15:17:43+00:00\",\"description\":\"Works\",\"breadcrumb\":{\"@id\":\"https:\/\/chastel-marechal.com\/en\/works\/#breadcrumb\"},\"inLanguage\":\"en-US\",\"potentialAction\":[{\"@type\":\"ReadAction\",\"target\":[\"https:\/\/chastel-marechal.com\/en\/works\/\"]}]},{\"@type\":\"BreadcrumbList\",\"@id\":\"https:\/\/chastel-marechal.com\/en\/works\/#breadcrumb\",\"itemListElement\":[{\"@type\":\"ListItem\",\"position\":1,\"name\":\"Accueil\",\"item\":\"https:\/\/chastel-marechal.com\/en\/\"},{\"@type\":\"ListItem\",\"position\":2,\"name\":\"Works\"}]},{\"@type\":\"WebSite\",\"@id\":\"https:\/\/chastel-marechal.com\/en\/#website\",\"url\":\"https:\/\/chastel-marechal.com\/en\/\",\"name\":\"Galerie Chastel Mar\u00e9chal\",\"description\":\"Arts d\u00e9coratifs du XX\u00e8me si\u00e8cle\",\"publisher\":{\"@id\":\"https:\/\/chastel-marechal.com\/en\/#organization\"},\"potentialAction\":[{\"@type\":\"SearchAction\",\"target\":{\"@type\":\"EntryPoint\",\"urlTemplate\":\"https:\/\/chastel-marechal.com\/en\/?s={search_term_string}\"},\"query-input\":{\"@type\":\"PropertyValueSpecification\",\"valueRequired\":true,\"valueName\":\"search_term_string\"}}],\"inLanguage\":\"en-US\"},{\"@type\":\"Organization\",\"@id\":\"https:\/\/chastel-marechal.com\/en\/#organization\",\"name\":\"Galerie Chastel Mar\u00e9chal\",\"url\":\"https:\/\/chastel-marechal.com\/en\/\",\"logo\":{\"@type\":\"ImageObject\",\"inLanguage\":\"en-US\",\"@id\":\"https:\/\/chastel-marechal.com\/en\/#\/schema\/logo\/image\/\",\"url\":\"https:\/\/www.chastel-marechal.com\/wp-content\/uploads\/2016\/08\/galerie-chastel-marechal-logo.png\",\"contentUrl\":\"https:\/\/www.chastel-marechal.com\/wp-content\/uploads\/2016\/08\/galerie-chastel-marechal-logo.png\",\"width\":800,\"height\":103,\"caption\":\"Galerie Chastel Mar\u00e9chal\"},\"image\":{\"@id\":\"https:\/\/chastel-marechal.com\/en\/#\/schema\/logo\/image\/\"},\"sameAs\":[\"https:\/\/www.facebook.com\/galerie.chastelmarechal\/\",\"https:\/\/x.com\/chastelmarechal\",\"https:\/\/www.instagram.com\/galeriechastelmarechal\/\",\"https:\/\/fr.pinterest.com\/galerieCM\/\"]}]}<\/script>\n<!-- \/ Yoast SEO plugin. -->","yoast_head_json":{"title":"Works - Galerie Chastel Mar\u00e9chal","description":"Works","robots":{"index":"index","follow":"follow","max-snippet":"max-snippet:-1","max-image-preview":"max-image-preview:large","max-video-preview":"max-video-preview:-1"},"canonical":"https:\/\/chastel-marechal.com\/en\/works\/","og_locale":"en_US","og_type":"article","og_title":"Works - Galerie Chastel Mar\u00e9chal","og_description":"Works","og_url":"https:\/\/chastel-marechal.com\/en\/works\/","og_site_name":"Galerie Chastel Mar\u00e9chal","article_publisher":"https:\/\/www.facebook.com\/galerie.chastelmarechal\/","article_modified_time":"2024-04-22T15:17:43+00:00","og_image":[{"width":800,"height":103,"url":"https:\/\/chastel-marechal.com\/wp-content\/uploads\/2016\/08\/galerie-chastel-marechal-logo.png","type":"image\/png"}],"twitter_card":"summary_large_image","twitter_site":"@chastelmarechal","twitter_misc":{"Est. reading time":"2 minutes"},"schema":{"@context":"https:\/\/schema.org","@graph":[{"@type":"WebPage","@id":"https:\/\/chastel-marechal.com\/en\/works\/","url":"https:\/\/chastel-marechal.com\/en\/works\/","name":"Works - Galerie Chastel Mar\u00e9chal","isPartOf":{"@id":"https:\/\/chastel-marechal.com\/en\/#website"},"datePublished":"2016-08-11T11:59:17+00:00","dateModified":"2024-04-22T15:17:43+00:00","description":"Works","breadcrumb":{"@id":"https:\/\/chastel-marechal.com\/en\/works\/#breadcrumb"},"inLanguage":"en-US","potentialAction":[{"@type":"ReadAction","target":["https:\/\/chastel-marechal.com\/en\/works\/"]}]},{"@type":"BreadcrumbList","@id":"https:\/\/chastel-marechal.com\/en\/works\/#breadcrumb","itemListElement":[{"@type":"ListItem","position":1,"name":"Accueil","item":"https:\/\/chastel-marechal.com\/en\/"},{"@type":"ListItem","position":2,"name":"Works"}]},{"@type":"WebSite","@id":"https:\/\/chastel-marechal.com\/en\/#website","url":"https:\/\/chastel-marechal.com\/en\/","name":"Galerie Chastel Mar\u00e9chal","description":"Arts d\u00e9coratifs du XX\u00e8me si\u00e8cle","publisher":{"@id":"https:\/\/chastel-marechal.com\/en\/#organization"},"potentialAction":[{"@type":"SearchAction","target":{"@type":"EntryPoint","urlTemplate":"https:\/\/chastel-marechal.com\/en\/?s={search_term_string}"},"query-input":{"@type":"PropertyValueSpecification","valueRequired":true,"valueName":"search_term_string"}}],"inLanguage":"en-US"},{"@type":"Organization","@id":"https:\/\/chastel-marechal.com\/en\/#organization","name":"Galerie Chastel Mar\u00e9chal","url":"https:\/\/chastel-marechal.com\/en\/","logo":{"@type":"ImageObject","inLanguage":"en-US","@id":"https:\/\/chastel-marechal.com\/en\/#\/schema\/logo\/image\/","url":"https:\/\/www.chastel-marechal.com\/wp-content\/uploads\/2016\/08\/galerie-chastel-marechal-logo.png","contentUrl":"https:\/\/www.chastel-marechal.com\/wp-content\/uploads\/2016\/08\/galerie-chastel-marechal-logo.png","width":800,"height":103,"caption":"Galerie Chastel Mar\u00e9chal"},"image":{"@id":"https:\/\/chastel-marechal.com\/en\/#\/schema\/logo\/image\/"},"sameAs":["https:\/\/www.facebook.com\/galerie.chastelmarechal\/","https:\/\/x.com\/chastelmarechal","https:\/\/www.instagram.com\/galeriechastelmarechal\/","https:\/\/fr.pinterest.com\/galerieCM\/"]}]}},"acf":[],"_links":{"self":[{"href":"https:\/\/chastel-marechal.com\/en\/wp-json\/wp\/v2\/pages\/1171","targetHints":{"allow":["GET"]}}],"collection":[{"href":"https:\/\/chastel-marechal.com\/en\/wp-json\/wp\/v2\/pages"}],"about":[{"href":"https:\/\/chastel-marechal.com\/en\/wp-json\/wp\/v2\/types\/page"}],"author":[{"embeddable":true,"href":"https:\/\/chastel-marechal.com\/en\/wp-json\/wp\/v2\/users\/2"}],"replies":[{"embeddable":true,"href":"https:\/\/chastel-marechal.com\/en\/wp-json\/wp\/v2\/comments?post=1171"}],"version-history":[{"count":37,"href":"https:\/\/chastel-marechal.com\/en\/wp-json\/wp\/v2\/pages\/1171\/revisions"}],"predecessor-version":[{"id":31633,"href":"https:\/\/chastel-marechal.com\/en\/wp-json\/wp\/v2\/pages\/1171\/revisions\/31633"}],"wp:attachment":[{"href":"https:\/\/chastel-marechal.com\/en\/wp-json\/wp\/v2\/media?parent=1171"}],"curies":[{"name":"wp","href":"https:\/\/api.w.org\/{rel}","templated":true}]}}