{"id":16391,"date":"2021-01-11T13:43:08","date_gmt":"2021-01-11T12:43:08","guid":{"rendered":"https:\/\/chastel-marechal.com\/e-shop\/"},"modified":"2024-02-29T20:51:50","modified_gmt":"2024-02-29T19:51:50","slug":"e-shop","status":"publish","type":"page","link":"https:\/\/chastel-marechal.com\/en\/e-shop\/","title":{"rendered":"E-shop"},"content":{"rendered":"<p>[et_pb_section bb_built=&#8221;1&#8243; admin_label=&#8221;section&#8221; inner_width=&#8221;auto&#8221; inner_max_width=&#8221;1080px&#8221;][et_pb_row admin_label=&#8221;row&#8221; background_position=&#8221;top_left&#8221; background_repeat=&#8221;repeat&#8221; background_size=&#8221;initial&#8221; width=&#8221;80%&#8221; max_width=&#8221;1080px&#8221;][et_pb_column type=&#8221;4_4&#8243;][et_pb_shop _builder_version=&#8221;4.24.2&#8243; columns_number=&#8221;0&#8243; show_pagination=&#8221;on&#8221; show_rating=&#8221;off&#8221; show_sale_badge=&#8221;off&#8221; background_pattern_color=&#8221;rgba(0,0,0,0.2)&#8221; background_mask_color=&#8221;#ffffff&#8221; box_shadow_horizontal_image_tablet=&#8221;0px&#8221; box_shadow_vertical_image_tablet=&#8221;0px&#8221; box_shadow_blur_image_tablet=&#8221;40px&#8221; box_shadow_spread_image_tablet=&#8221;0px&#8221; rating_font_size_tablet=&#8221;51&#8243; sale_badge_text_shadow_horizontal_length=&#8221;sale_badge_text_shadow_style,%91object Object%93&#8243; sale_badge_text_shadow_horizontal_length_tablet=&#8221;0px&#8221; sale_badge_text_shadow_vertical_length=&#8221;sale_badge_text_shadow_style,%91object Object%93&#8243; sale_badge_text_shadow_vertical_length_tablet=&#8221;0px&#8221; sale_badge_text_shadow_blur_strength=&#8221;sale_badge_text_shadow_style,%91object Object%93&#8243; sale_badge_text_shadow_blur_strength_tablet=&#8221;1px&#8221; border_width_all_sale_badge_tablet=&#8221;25&#8243; border_style_all_sale_badge=&#8221;solid&#8221; border_width_top_sale_badge_tablet=&#8221;25&#8243; border_style_top_sale_badge=&#8221;solid&#8221; border_width_right_sale_badge_tablet=&#8221;25&#8243; border_style_right_sale_badge=&#8221;solid&#8221; border_width_bottom_sale_badge_tablet=&#8221;25&#8243; border_style_bottom_sale_badge=&#8221;solid&#8221; border_width_left_sale_badge_tablet=&#8221;25&#8243; border_style_left_sale_badge=&#8221;solid&#8221; box_shadow_horizontal_sale_badge_tablet=&#8221;0px&#8221; box_shadow_vertical_sale_badge_tablet=&#8221;0px&#8221; box_shadow_blur_sale_badge_tablet=&#8221;40px&#8221; box_shadow_spread_sale_badge_tablet=&#8221;0px&#8221; text_shadow_horizontal_length=&#8221;text_shadow_style,%91object Object%93&#8243; text_shadow_horizontal_length_tablet=&#8221;0px&#8221; text_shadow_vertical_length=&#8221;text_shadow_style,%91object Object%93&#8243; text_shadow_vertical_length_tablet=&#8221;0px&#8221; text_shadow_blur_strength=&#8221;text_shadow_style,%91object Object%93&#8243; text_shadow_blur_strength_tablet=&#8221;1px&#8221; title_text_shadow_horizontal_length=&#8221;title_text_shadow_style,%91object Object%93&#8243; title_text_shadow_horizontal_length_tablet=&#8221;0px&#8221; title_text_shadow_vertical_length=&#8221;title_text_shadow_style,%91object Object%93&#8243; title_text_shadow_vertical_length_tablet=&#8221;0px&#8221; title_text_shadow_blur_strength=&#8221;title_text_shadow_style,%91object Object%93&#8243; title_text_shadow_blur_strength_tablet=&#8221;1px&#8221; price_text_shadow_horizontal_length=&#8221;price_text_shadow_style,%91object Object%93&#8243; price_text_shadow_horizontal_length_tablet=&#8221;0px&#8221; price_text_shadow_vertical_length=&#8221;price_text_shadow_style,%91object Object%93&#8243; price_text_shadow_vertical_length_tablet=&#8221;0px&#8221; price_text_shadow_blur_strength=&#8221;price_text_shadow_style,%91object Object%93&#8243; price_text_shadow_blur_strength_tablet=&#8221;1px&#8221; sale_price_line_height_tablet=&#8221;51&#8243; sale_price_text_shadow_horizontal_length=&#8221;sale_price_text_shadow_style,%91object Object%93&#8243; sale_price_text_shadow_horizontal_length_tablet=&#8221;0px&#8221; sale_price_text_shadow_vertical_length=&#8221;sale_price_text_shadow_style,%91object Object%93&#8243; sale_price_text_shadow_vertical_length_tablet=&#8221;0px&#8221; sale_price_text_shadow_blur_strength=&#8221;sale_price_text_shadow_style,%91object Object%93&#8243; sale_price_text_shadow_blur_strength_tablet=&#8221;1px&#8221; box_shadow_horizontal_tablet=&#8221;0px&#8221; box_shadow_vertical_tablet=&#8221;0px&#8221; box_shadow_blur_tablet=&#8221;40px&#8221; box_shadow_spread_tablet=&#8221;0px&#8221; vertical_offset_tablet=&#8221;0&#8243; horizontal_offset_tablet=&#8221;0&#8243; z_index_tablet=&#8221;0&#8243; \/][\/et_pb_column][\/et_pb_row][\/et_pb_section]<\/p>\n","protected":false},"excerpt":{"rendered":"","protected":false},"author":2,"featured_media":0,"parent":0,"menu_order":0,"comment_status":"closed","ping_status":"closed","template":"","meta":{"_et_pb_use_builder":"on","_et_pb_old_content":"","_et_gb_content_width":"","footnotes":""},"class_list":["post-16391","page","type-page","status-publish","hentry"],"yoast_head":"<!-- This site is optimized with the Yoast SEO plugin v25.1 - https:\/\/yoast.com\/wordpress\/plugins\/seo\/ -->\n<title>E-shop - Galerie Chastel Mar\u00e9chal<\/title>\n<meta name=\"description\" content=\"E-shop\" \/>\n<meta name=\"robots\" content=\"index, follow, max-snippet:-1, max-image-preview:large, max-video-preview:-1\" \/>\n<link rel=\"canonical\" href=\"https:\/\/chastel-marechal.com\/en\/e-shop\/\" \/>\n<meta property=\"og:locale\" content=\"en_US\" \/>\n<meta property=\"og:type\" content=\"article\" \/>\n<meta property=\"og:title\" content=\"E-shop - Galerie Chastel Mar\u00e9chal\" \/>\n<meta property=\"og:description\" content=\"E-shop\" \/>\n<meta property=\"og:url\" content=\"https:\/\/chastel-marechal.com\/en\/e-shop\/\" \/>\n<meta property=\"og:site_name\" content=\"Galerie Chastel Mar\u00e9chal\" \/>\n<meta property=\"article:publisher\" content=\"https:\/\/www.facebook.com\/galerie.chastelmarechal\/\" \/>\n<meta property=\"article:modified_time\" content=\"2024-02-29T19:51:50+00:00\" \/>\n<meta property=\"og:image\" content=\"https:\/\/chastel-marechal.com\/wp-content\/uploads\/2016\/08\/galerie-chastel-marechal-logo.png\" \/>\n\t<meta property=\"og:image:width\" content=\"800\" \/>\n\t<meta property=\"og:image:height\" content=\"103\" \/>\n\t<meta property=\"og:image:type\" content=\"image\/png\" \/>\n<meta name=\"twitter:card\" content=\"summary_large_image\" \/>\n<meta name=\"twitter:site\" content=\"@chastelmarechal\" \/>\n<meta name=\"twitter:label1\" content=\"Est. reading time\" \/>\n\t<meta name=\"twitter:data1\" content=\"3 minutes\" \/>\n<script type=\"application\/ld+json\" class=\"yoast-schema-graph\">{\"@context\":\"https:\/\/schema.org\",\"@graph\":[{\"@type\":\"WebPage\",\"@id\":\"https:\/\/chastel-marechal.com\/en\/e-shop\/\",\"url\":\"https:\/\/chastel-marechal.com\/en\/e-shop\/\",\"name\":\"E-shop - Galerie Chastel Mar\u00e9chal\",\"isPartOf\":{\"@id\":\"https:\/\/chastel-marechal.com\/en\/#website\"},\"datePublished\":\"2021-01-11T12:43:08+00:00\",\"dateModified\":\"2024-02-29T19:51:50+00:00\",\"description\":\"E-shop\",\"breadcrumb\":{\"@id\":\"https:\/\/chastel-marechal.com\/en\/e-shop\/#breadcrumb\"},\"inLanguage\":\"en-US\",\"potentialAction\":[{\"@type\":\"ReadAction\",\"target\":[\"https:\/\/chastel-marechal.com\/en\/e-shop\/\"]}]},{\"@type\":\"BreadcrumbList\",\"@id\":\"https:\/\/chastel-marechal.com\/en\/e-shop\/#breadcrumb\",\"itemListElement\":[{\"@type\":\"ListItem\",\"position\":1,\"name\":\"Accueil\",\"item\":\"https:\/\/chastel-marechal.com\/en\/\"},{\"@type\":\"ListItem\",\"position\":2,\"name\":\"E-shop\"}]},{\"@type\":\"WebSite\",\"@id\":\"https:\/\/chastel-marechal.com\/en\/#website\",\"url\":\"https:\/\/chastel-marechal.com\/en\/\",\"name\":\"Galerie Chastel Mar\u00e9chal\",\"description\":\"Arts d\u00e9coratifs du XX\u00e8me si\u00e8cle\",\"publisher\":{\"@id\":\"https:\/\/chastel-marechal.com\/en\/#organization\"},\"potentialAction\":[{\"@type\":\"SearchAction\",\"target\":{\"@type\":\"EntryPoint\",\"urlTemplate\":\"https:\/\/chastel-marechal.com\/en\/?s={search_term_string}\"},\"query-input\":{\"@type\":\"PropertyValueSpecification\",\"valueRequired\":true,\"valueName\":\"search_term_string\"}}],\"inLanguage\":\"en-US\"},{\"@type\":\"Organization\",\"@id\":\"https:\/\/chastel-marechal.com\/en\/#organization\",\"name\":\"Galerie Chastel Mar\u00e9chal\",\"url\":\"https:\/\/chastel-marechal.com\/en\/\",\"logo\":{\"@type\":\"ImageObject\",\"inLanguage\":\"en-US\",\"@id\":\"https:\/\/chastel-marechal.com\/en\/#\/schema\/logo\/image\/\",\"url\":\"https:\/\/www.chastel-marechal.com\/wp-content\/uploads\/2016\/08\/galerie-chastel-marechal-logo.png\",\"contentUrl\":\"https:\/\/www.chastel-marechal.com\/wp-content\/uploads\/2016\/08\/galerie-chastel-marechal-logo.png\",\"width\":800,\"height\":103,\"caption\":\"Galerie Chastel Mar\u00e9chal\"},\"image\":{\"@id\":\"https:\/\/chastel-marechal.com\/en\/#\/schema\/logo\/image\/\"},\"sameAs\":[\"https:\/\/www.facebook.com\/galerie.chastelmarechal\/\",\"https:\/\/x.com\/chastelmarechal\",\"https:\/\/www.instagram.com\/galeriechastelmarechal\/\",\"https:\/\/fr.pinterest.com\/galerieCM\/\"]}]}<\/script>\n<!-- \/ Yoast SEO plugin. -->","yoast_head_json":{"title":"E-shop - Galerie Chastel Mar\u00e9chal","description":"E-shop","robots":{"index":"index","follow":"follow","max-snippet":"max-snippet:-1","max-image-preview":"max-image-preview:large","max-video-preview":"max-video-preview:-1"},"canonical":"https:\/\/chastel-marechal.com\/en\/e-shop\/","og_locale":"en_US","og_type":"article","og_title":"E-shop - Galerie Chastel Mar\u00e9chal","og_description":"E-shop","og_url":"https:\/\/chastel-marechal.com\/en\/e-shop\/","og_site_name":"Galerie Chastel Mar\u00e9chal","article_publisher":"https:\/\/www.facebook.com\/galerie.chastelmarechal\/","article_modified_time":"2024-02-29T19:51:50+00:00","og_image":[{"width":800,"height":103,"url":"https:\/\/chastel-marechal.com\/wp-content\/uploads\/2016\/08\/galerie-chastel-marechal-logo.png","type":"image\/png"}],"twitter_card":"summary_large_image","twitter_site":"@chastelmarechal","twitter_misc":{"Est. reading time":"3 minutes"},"schema":{"@context":"https:\/\/schema.org","@graph":[{"@type":"WebPage","@id":"https:\/\/chastel-marechal.com\/en\/e-shop\/","url":"https:\/\/chastel-marechal.com\/en\/e-shop\/","name":"E-shop - Galerie Chastel Mar\u00e9chal","isPartOf":{"@id":"https:\/\/chastel-marechal.com\/en\/#website"},"datePublished":"2021-01-11T12:43:08+00:00","dateModified":"2024-02-29T19:51:50+00:00","description":"E-shop","breadcrumb":{"@id":"https:\/\/chastel-marechal.com\/en\/e-shop\/#breadcrumb"},"inLanguage":"en-US","potentialAction":[{"@type":"ReadAction","target":["https:\/\/chastel-marechal.com\/en\/e-shop\/"]}]},{"@type":"BreadcrumbList","@id":"https:\/\/chastel-marechal.com\/en\/e-shop\/#breadcrumb","itemListElement":[{"@type":"ListItem","position":1,"name":"Accueil","item":"https:\/\/chastel-marechal.com\/en\/"},{"@type":"ListItem","position":2,"name":"E-shop"}]},{"@type":"WebSite","@id":"https:\/\/chastel-marechal.com\/en\/#website","url":"https:\/\/chastel-marechal.com\/en\/","name":"Galerie Chastel Mar\u00e9chal","description":"Arts d\u00e9coratifs du XX\u00e8me si\u00e8cle","publisher":{"@id":"https:\/\/chastel-marechal.com\/en\/#organization"},"potentialAction":[{"@type":"SearchAction","target":{"@type":"EntryPoint","urlTemplate":"https:\/\/chastel-marechal.com\/en\/?s={search_term_string}"},"query-input":{"@type":"PropertyValueSpecification","valueRequired":true,"valueName":"search_term_string"}}],"inLanguage":"en-US"},{"@type":"Organization","@id":"https:\/\/chastel-marechal.com\/en\/#organization","name":"Galerie Chastel Mar\u00e9chal","url":"https:\/\/chastel-marechal.com\/en\/","logo":{"@type":"ImageObject","inLanguage":"en-US","@id":"https:\/\/chastel-marechal.com\/en\/#\/schema\/logo\/image\/","url":"https:\/\/www.chastel-marechal.com\/wp-content\/uploads\/2016\/08\/galerie-chastel-marechal-logo.png","contentUrl":"https:\/\/www.chastel-marechal.com\/wp-content\/uploads\/2016\/08\/galerie-chastel-marechal-logo.png","width":800,"height":103,"caption":"Galerie Chastel Mar\u00e9chal"},"image":{"@id":"https:\/\/chastel-marechal.com\/en\/#\/schema\/logo\/image\/"},"sameAs":["https:\/\/www.facebook.com\/galerie.chastelmarechal\/","https:\/\/x.com\/chastelmarechal","https:\/\/www.instagram.com\/galeriechastelmarechal\/","https:\/\/fr.pinterest.com\/galerieCM\/"]}]}},"acf":[],"_links":{"self":[{"href":"https:\/\/chastel-marechal.com\/en\/wp-json\/wp\/v2\/pages\/16391","targetHints":{"allow":["GET"]}}],"collection":[{"href":"https:\/\/chastel-marechal.com\/en\/wp-json\/wp\/v2\/pages"}],"about":[{"href":"https:\/\/chastel-marechal.com\/en\/wp-json\/wp\/v2\/types\/page"}],"author":[{"embeddable":true,"href":"https:\/\/chastel-marechal.com\/en\/wp-json\/wp\/v2\/users\/2"}],"replies":[{"embeddable":true,"href":"https:\/\/chastel-marechal.com\/en\/wp-json\/wp\/v2\/comments?post=16391"}],"version-history":[{"count":2,"href":"https:\/\/chastel-marechal.com\/en\/wp-json\/wp\/v2\/pages\/16391\/revisions"}],"predecessor-version":[{"id":30545,"href":"https:\/\/chastel-marechal.com\/en\/wp-json\/wp\/v2\/pages\/16391\/revisions\/30545"}],"wp:attachment":[{"href":"https:\/\/chastel-marechal.com\/en\/wp-json\/wp\/v2\/media?parent=16391"}],"curies":[{"name":"wp","href":"https:\/\/api.w.org\/{rel}","templated":true}]}}