{"id":17164,"date":"2021-03-12T16:44:31","date_gmt":"2021-03-12T15:44:31","guid":{"rendered":"https:\/\/chastel-marechal.com\/general-terms-of-use\/"},"modified":"2024-05-29T15:29:35","modified_gmt":"2024-05-29T13:29:35","slug":"general-terms-of-use","status":"publish","type":"page","link":"https:\/\/chastel-marechal.com\/en\/general-terms-of-use\/","title":{"rendered":"General Terms of Use"},"content":{"rendered":"<p>[et_pb_section bb_built=&#8221;1&#8243; admin_label=&#8221;section&#8221; inner_width=&#8221;auto&#8221; inner_max_width=&#8221;1080px&#8221;][et_pb_row admin_label=&#8221;row&#8221; background_position=&#8221;top_left&#8221; background_repeat=&#8221;repeat&#8221; background_size=&#8221;initial&#8221; width=&#8221;80%&#8221; max_width=&#8221;1080px&#8221;][et_pb_column type=&#8221;4_4&#8243; custom_padding__hover=&#8221;|||&#8221; custom_padding=&#8221;|||&#8221;][et_pb_text admin_label=&#8221;Text&#8221; use_border_color=&#8221;off&#8221; background_position=&#8221;top_left&#8221; background_repeat=&#8221;repeat&#8221; background_size=&#8221;initial&#8221; _builder_version=&#8221;4.25.1&#8243; background_pattern_color=&#8221;rgba(0,0,0,0.2)&#8221; background_mask_color=&#8221;#ffffff&#8221; text_text_shadow_horizontal_length=&#8221;text_text_shadow_style,%91object Object%93&#8243; text_text_shadow_horizontal_length_tablet=&#8221;0px&#8221; text_text_shadow_vertical_length=&#8221;text_text_shadow_style,%91object Object%93&#8243; text_text_shadow_vertical_length_tablet=&#8221;0px&#8221; text_text_shadow_blur_strength=&#8221;text_text_shadow_style,%91object Object%93&#8243; text_text_shadow_blur_strength_tablet=&#8221;1px&#8221; link_text_shadow_horizontal_length=&#8221;link_text_shadow_style,%91object Object%93&#8243; link_text_shadow_horizontal_length_tablet=&#8221;0px&#8221; link_text_shadow_vertical_length=&#8221;link_text_shadow_style,%91object Object%93&#8243; link_text_shadow_vertical_length_tablet=&#8221;0px&#8221; link_text_shadow_blur_strength=&#8221;link_text_shadow_style,%91object Object%93&#8243; link_text_shadow_blur_strength_tablet=&#8221;1px&#8221; ul_text_shadow_horizontal_length=&#8221;ul_text_shadow_style,%91object Object%93&#8243; ul_text_shadow_horizontal_length_tablet=&#8221;0px&#8221; ul_text_shadow_vertical_length=&#8221;ul_text_shadow_style,%91object Object%93&#8243; ul_text_shadow_vertical_length_tablet=&#8221;0px&#8221; ul_text_shadow_blur_strength=&#8221;ul_text_shadow_style,%91object Object%93&#8243; ul_text_shadow_blur_strength_tablet=&#8221;1px&#8221; ol_text_shadow_horizontal_length=&#8221;ol_text_shadow_style,%91object Object%93&#8243; ol_text_shadow_horizontal_length_tablet=&#8221;0px&#8221; ol_text_shadow_vertical_length=&#8221;ol_text_shadow_style,%91object Object%93&#8243; ol_text_shadow_vertical_length_tablet=&#8221;0px&#8221; ol_text_shadow_blur_strength=&#8221;ol_text_shadow_style,%91object Object%93&#8243; ol_text_shadow_blur_strength_tablet=&#8221;1px&#8221; quote_text_shadow_horizontal_length=&#8221;quote_text_shadow_style,%91object Object%93&#8243; quote_text_shadow_horizontal_length_tablet=&#8221;0px&#8221; quote_text_shadow_vertical_length=&#8221;quote_text_shadow_style,%91object Object%93&#8243; quote_text_shadow_vertical_length_tablet=&#8221;0px&#8221; quote_text_shadow_blur_strength=&#8221;quote_text_shadow_style,%91object Object%93&#8243; quote_text_shadow_blur_strength_tablet=&#8221;1px&#8221; header_text_shadow_horizontal_length=&#8221;header_text_shadow_style,%91object Object%93&#8243; header_text_shadow_horizontal_length_tablet=&#8221;0px&#8221; header_text_shadow_vertical_length=&#8221;header_text_shadow_style,%91object Object%93&#8243; header_text_shadow_vertical_length_tablet=&#8221;0px&#8221; header_text_shadow_blur_strength=&#8221;header_text_shadow_style,%91object Object%93&#8243; header_text_shadow_blur_strength_tablet=&#8221;1px&#8221; header_2_text_shadow_horizontal_length=&#8221;header_2_text_shadow_style,%91object Object%93&#8243; header_2_text_shadow_horizontal_length_tablet=&#8221;0px&#8221; header_2_text_shadow_vertical_length=&#8221;header_2_text_shadow_style,%91object Object%93&#8243; header_2_text_shadow_vertical_length_tablet=&#8221;0px&#8221; header_2_text_shadow_blur_strength=&#8221;header_2_text_shadow_style,%91object Object%93&#8243; header_2_text_shadow_blur_strength_tablet=&#8221;1px&#8221; header_3_text_shadow_horizontal_length=&#8221;header_3_text_shadow_style,%91object Object%93&#8243; header_3_text_shadow_horizontal_length_tablet=&#8221;0px&#8221; header_3_text_shadow_vertical_length=&#8221;header_3_text_shadow_style,%91object Object%93&#8243; header_3_text_shadow_vertical_length_tablet=&#8221;0px&#8221; header_3_text_shadow_blur_strength=&#8221;header_3_text_shadow_style,%91object Object%93&#8243; header_3_text_shadow_blur_strength_tablet=&#8221;1px&#8221; header_4_text_shadow_horizontal_length=&#8221;header_4_text_shadow_style,%91object Object%93&#8243; header_4_text_shadow_horizontal_length_tablet=&#8221;0px&#8221; header_4_text_shadow_vertical_length=&#8221;header_4_text_shadow_style,%91object Object%93&#8243; header_4_text_shadow_vertical_length_tablet=&#8221;0px&#8221; header_4_text_shadow_blur_strength=&#8221;header_4_text_shadow_style,%91object Object%93&#8243; header_4_text_shadow_blur_strength_tablet=&#8221;1px&#8221; header_5_text_shadow_horizontal_length=&#8221;header_5_text_shadow_style,%91object Object%93&#8243; header_5_text_shadow_horizontal_length_tablet=&#8221;0px&#8221; header_5_text_shadow_vertical_length=&#8221;header_5_text_shadow_style,%91object Object%93&#8243; header_5_text_shadow_vertical_length_tablet=&#8221;0px&#8221; header_5_text_shadow_blur_strength=&#8221;header_5_text_shadow_style,%91object Object%93&#8243; header_5_text_shadow_blur_strength_tablet=&#8221;1px&#8221; header_6_text_shadow_horizontal_length=&#8221;header_6_text_shadow_style,%91object Object%93&#8243; header_6_text_shadow_horizontal_length_tablet=&#8221;0px&#8221; header_6_text_shadow_vertical_length=&#8221;header_6_text_shadow_style,%91object Object%93&#8243; header_6_text_shadow_vertical_length_tablet=&#8221;0px&#8221; header_6_text_shadow_blur_strength=&#8221;header_6_text_shadow_style,%91object Object%93&#8243; header_6_text_shadow_blur_strength_tablet=&#8221;1px&#8221; box_shadow_horizontal_tablet=&#8221;0px&#8221; box_shadow_vertical_tablet=&#8221;0px&#8221; box_shadow_blur_tablet=&#8221;40px&#8221; box_shadow_spread_tablet=&#8221;0px&#8221; vertical_offset_tablet=&#8221;0&#8243; horizontal_offset_tablet=&#8221;0&#8243; z_index_tablet=&#8221;0&#8243;]<\/p>\n<h2>Disclaimer<\/h2>\n<p>Galerie Chastel Mar\u00e9chal is bound only by a simple obligation of means concerning the information it makes available to people who access its chastel-marechal.com website.<\/p>\n<p>Even though we have taken all steps to ensure the reliability of the information contained on this website, Galerie Chastel Mar\u00e9chal can not incur any liability for errors, omissions, or for the results that may be obtained by the use of this information. In particular, the use of hypertext links may lead your consultation of our site to other servers to gain knowledge of the information sought, servers over which Galerie Chastel Mar\u00e9chal has no control.<\/p>\n<p>The Galerie Chastel Mar\u00e9chal &amp; nbsp; chastel-marechal.com website is normally accessible 24 hours a day, 7 days a week. In the event of force majeure, IT difficulties, difficulties related to the structure of telecommunications networks or technical difficulties, for maintenance reasons, without this list being exhaustive, access to all or part of the site may be suspended. or deleted by simple decision of [Company name]. For maintenance reasons, and \/ or for any other decision of Galerie Chastel Mar\u00e9chal, access to the website may be interrupted. The website is subject to changes and developments without notice of any kind.<\/p>\n<h2>Intellectual property<\/h2>\n<p>This site is subject to copyright law and literary and artistic property rights. All intellectual property rights, including trademark rights, copyright, texts, illustrations, photos or logos are the property of Galerie Chastel Mar\u00e9chal. The elements of this site may not be used, modified, altered or reproduced in whole or in part, or even be the subject of any exploitation. Reproductions, on paper or computer media of all or part of the site, are authorized provided that they are strictly reserved for personal use, excluding any use for advertising and \/ or commercial purposes, and that they comply with the provisions of article L122-5 of the Intellectual Property Code and that none of the warnings concerning the property of the site and these elements is erased. With the exception of the above provisions, any reproduction, representation, use or modification, by any means whatsoever and on any medium whatsoever, of all or part of the pages of the site, without having obtained the prior authorization of Galerie Chastel Mar\u00e9chal, is strictly prohibited.<\/p>\n<p>You will also refrain from entering data on the chastel-marechal.com website which would modify or which would be likely to modify the content or appearance of the data, the presentation or the organization of the site or the works appearing on the Galerie Chastel Mar\u00e9chal website and by any means whatsoever.<\/p>\n<h2>Personal data<\/h2>\n<p>Galerie Chastel Mar\u00e9chal collects information from visitors to the chastel-marechal.com website through questionnaires on the website. This information is used to respond to your requests for information. They are neither sold nor exchanged. This information may be stored in the secure computer systems of Galerie Chastel Mar\u00e9chal located in France for a period of 36 months. Any new interaction from a visitor resets the length of time their information is stored.<\/p>\n<p>The personal information collected in this way is limited to that which is necessary to contact you: name, e-mail address. The recipient of this information is contact@chastel-marechal.com.<\/p>\n<p>Subscription to the newsletter uses the MailChimp solution, this information may be stored in the secure computer systems of MailChimp located in the United States. More information on the <a href=\"https:\/\/mailchimp.com\/legal\/\" target=\"_blank\" rel=\"noopener\"> MailChimp privacy policy <\/a>.<\/p>\n<p>In accordance with the provisions of articles 38 and following of law 78-17 of January 6, 1978, and the RGPD (Regulation of the Protection of Personal Data) regulation 2016\/679 of April 27, 2016, you have at any time a right to access, communication, rectification, updating and deletion of personal data concerning you. To exercise any of these rights, you can send an email to the following address: contact@chastel-marechal.com<\/p>\n<h2>Cookies<\/h2>\n<p>This site uses cookies which do not allow you to be identified personally. Cookies are computer files which are installed on your computer via your browser and which contain information about your browsing when you visit the pages of the site.<\/p>\n<p>These cookies can be permanent or specific to a session. We use cookies for tracking and statistical purposes to understand your expectations and your interest in our products. They also allow us to improve the operation and browsing performance on our site.<\/p>\n<p>The configuration of your Internet browser allows you to inform you of the presence of cookies and to block these cookies. You can view cookies with most text editors or word processing programs. The list below explains how to display cookies in different browsers. If you use a different browser, see the information on cookies specific to that browser. If you use a mobile phone, refer to its user manual for more information.<\/p>\n<ul>\n<li>Firefox: &amp; nbsp; <a href=\"http:\/\/transition-management.fr\/kamel-controleur-de-gestion\/\"> https:\/\/support.mozilla.org\/cookies <\/a> <!-- li --><\/li>\n<li>Chrome: &amp; nbsp; <a href=\"https:\/\/support.google.com\/chrome\/bin\/answer.py?hl=en&amp;answer=95647&amp;topic=14666&amp;ctx=topic\"> https: \/ \/support.google.com\/cookies <\/a><\/li>\n<li>Internet Explorer 8-11: &amp; nbsp; <a href=\"https:\/\/windows.microsoft.com\/fr-FR\/internet-explorer\/delete-manage-cookies\"> https:\/\/windows.microsoft.com \/ explorer \/ cookies <\/a><\/li>\n<li>Microsoft Edge: &amp; nbsp; <a href=\"https:\/\/privacy.microsoft.com\/en-us\/windows-10-microsoft-edge-and-privacy\"> https:\/\/www.privacy.microsoft\/ edge <\/a><\/li>\n<li>Opera: &amp; nbsp; <a href=\"https:\/\/www.opera.com\/help\/tutorials\/security\/privacy\/\"> http:\/\/www.opera.com\/help <\/a> <!-- li --><\/li>\n<\/ul>\n<p>You can deactivate the use of cookies by selecting the appropriate settings on your browser. However, such deactivation could prevent the use of certain features of this site.<\/p>\n<p>This site uses Google Analytics, which allows us to determine which pages are the most viewed by Internet users and to improve our content as well as to count the number of visitors and to analyze the way in which Internet users navigate within this site. Google Analytics is a web analysis service offered by Google Inc. Google will not combine the information collected through Google Analytics with any other data held by Google. The data generated by the cookies relate only to your use of the site, the IP addresses are anonymized. More information on the <a href=\"https:\/\/policies.google.com\/privacy?hl=en&amp;gl=en\"> Google privacy policy <\/a>.<\/p>\n<p>This site may provide access to or integrate content from Google services (Google Maps, Youtube, Google Font, etc.). By visiting a page that contains embedded content from one of these sites, cookies from these sites may be placed on your browser or your computer&#8217;s hard drive. More information on the <a href=\"https:\/\/policies.google.com\/privacy?hl=en&amp;gl=en\"> Google privacy policy<\/a>.<\/p>\n<p>[\/et_pb_text][\/et_pb_column][\/et_pb_row][\/et_pb_section]<\/p>\n","protected":false},"excerpt":{"rendered":"<p>DisclaimerGalerie Chastel Mar\u00e9chal is bound only by a simple obligation of means concerning the information it makes available to people who access its chastel-marechal.com website.Even though we have taken all steps to ensure the reliability of the information contained on this website, Galerie Chastel Mar\u00e9chal can not incur any liability for errors, omissions, or for [&hellip;]<\/p>\n","protected":false},"author":2,"featured_media":0,"parent":0,"menu_order":0,"comment_status":"closed","ping_status":"closed","template":"","meta":{"_et_pb_use_builder":"on","_et_pb_old_content":"","_et_gb_content_width":"","footnotes":""},"class_list":["post-17164","page","type-page","status-publish","hentry"],"yoast_head":"<!-- This site is optimized with the Yoast SEO plugin v25.1 - https:\/\/yoast.com\/wordpress\/plugins\/seo\/ -->\n<title>General Terms of Use - Galerie Chastel Mar\u00e9chal<\/title>\n<meta name=\"description\" content=\"General Terms of Use\" \/>\n<meta name=\"robots\" content=\"index, follow, max-snippet:-1, max-image-preview:large, max-video-preview:-1\" \/>\n<link rel=\"canonical\" href=\"https:\/\/chastel-marechal.com\/en\/general-terms-of-use\/\" \/>\n<meta property=\"og:locale\" content=\"en_US\" \/>\n<meta property=\"og:type\" content=\"article\" \/>\n<meta property=\"og:title\" content=\"General Terms of Use - Galerie Chastel Mar\u00e9chal\" \/>\n<meta property=\"og:description\" content=\"General Terms of Use\" \/>\n<meta property=\"og:url\" content=\"https:\/\/chastel-marechal.com\/en\/general-terms-of-use\/\" \/>\n<meta property=\"og:site_name\" content=\"Galerie Chastel Mar\u00e9chal\" \/>\n<meta property=\"article:publisher\" content=\"https:\/\/www.facebook.com\/galerie.chastelmarechal\/\" \/>\n<meta property=\"article:modified_time\" content=\"2024-05-29T13:29:35+00:00\" \/>\n<meta property=\"og:image\" content=\"https:\/\/chastel-marechal.com\/wp-content\/uploads\/2016\/08\/galerie-chastel-marechal-logo.png\" \/>\n\t<meta property=\"og:image:width\" content=\"800\" \/>\n\t<meta property=\"og:image:height\" content=\"103\" \/>\n\t<meta property=\"og:image:type\" content=\"image\/png\" \/>\n<meta name=\"twitter:card\" content=\"summary_large_image\" \/>\n<meta name=\"twitter:site\" content=\"@chastelmarechal\" \/>\n<meta name=\"twitter:label1\" content=\"Est. reading time\" \/>\n\t<meta name=\"twitter:data1\" content=\"6 minutes\" \/>\n<script type=\"application\/ld+json\" class=\"yoast-schema-graph\">{\"@context\":\"https:\/\/schema.org\",\"@graph\":[{\"@type\":\"WebPage\",\"@id\":\"https:\/\/chastel-marechal.com\/en\/general-terms-of-use\/\",\"url\":\"https:\/\/chastel-marechal.com\/en\/general-terms-of-use\/\",\"name\":\"General Terms of Use - Galerie Chastel Mar\u00e9chal\",\"isPartOf\":{\"@id\":\"https:\/\/chastel-marechal.com\/en\/#website\"},\"datePublished\":\"2021-03-12T15:44:31+00:00\",\"dateModified\":\"2024-05-29T13:29:35+00:00\",\"description\":\"General Terms of Use\",\"breadcrumb\":{\"@id\":\"https:\/\/chastel-marechal.com\/en\/general-terms-of-use\/#breadcrumb\"},\"inLanguage\":\"en-US\",\"potentialAction\":[{\"@type\":\"ReadAction\",\"target\":[\"https:\/\/chastel-marechal.com\/en\/general-terms-of-use\/\"]}]},{\"@type\":\"BreadcrumbList\",\"@id\":\"https:\/\/chastel-marechal.com\/en\/general-terms-of-use\/#breadcrumb\",\"itemListElement\":[{\"@type\":\"ListItem\",\"position\":1,\"name\":\"Accueil\",\"item\":\"https:\/\/chastel-marechal.com\/en\/\"},{\"@type\":\"ListItem\",\"position\":2,\"name\":\"General Terms of Use\"}]},{\"@type\":\"WebSite\",\"@id\":\"https:\/\/chastel-marechal.com\/en\/#website\",\"url\":\"https:\/\/chastel-marechal.com\/en\/\",\"name\":\"Galerie Chastel Mar\u00e9chal\",\"description\":\"Arts d\u00e9coratifs du XX\u00e8me si\u00e8cle\",\"publisher\":{\"@id\":\"https:\/\/chastel-marechal.com\/en\/#organization\"},\"potentialAction\":[{\"@type\":\"SearchAction\",\"target\":{\"@type\":\"EntryPoint\",\"urlTemplate\":\"https:\/\/chastel-marechal.com\/en\/?s={search_term_string}\"},\"query-input\":{\"@type\":\"PropertyValueSpecification\",\"valueRequired\":true,\"valueName\":\"search_term_string\"}}],\"inLanguage\":\"en-US\"},{\"@type\":\"Organization\",\"@id\":\"https:\/\/chastel-marechal.com\/en\/#organization\",\"name\":\"Galerie Chastel Mar\u00e9chal\",\"url\":\"https:\/\/chastel-marechal.com\/en\/\",\"logo\":{\"@type\":\"ImageObject\",\"inLanguage\":\"en-US\",\"@id\":\"https:\/\/chastel-marechal.com\/en\/#\/schema\/logo\/image\/\",\"url\":\"https:\/\/www.chastel-marechal.com\/wp-content\/uploads\/2016\/08\/galerie-chastel-marechal-logo.png\",\"contentUrl\":\"https:\/\/www.chastel-marechal.com\/wp-content\/uploads\/2016\/08\/galerie-chastel-marechal-logo.png\",\"width\":800,\"height\":103,\"caption\":\"Galerie Chastel Mar\u00e9chal\"},\"image\":{\"@id\":\"https:\/\/chastel-marechal.com\/en\/#\/schema\/logo\/image\/\"},\"sameAs\":[\"https:\/\/www.facebook.com\/galerie.chastelmarechal\/\",\"https:\/\/x.com\/chastelmarechal\",\"https:\/\/www.instagram.com\/galeriechastelmarechal\/\",\"https:\/\/fr.pinterest.com\/galerieCM\/\"]}]}<\/script>\n<!-- \/ Yoast SEO plugin. -->","yoast_head_json":{"title":"General Terms of Use - Galerie Chastel Mar\u00e9chal","description":"General Terms of Use","robots":{"index":"index","follow":"follow","max-snippet":"max-snippet:-1","max-image-preview":"max-image-preview:large","max-video-preview":"max-video-preview:-1"},"canonical":"https:\/\/chastel-marechal.com\/en\/general-terms-of-use\/","og_locale":"en_US","og_type":"article","og_title":"General Terms of Use - Galerie Chastel Mar\u00e9chal","og_description":"General Terms of Use","og_url":"https:\/\/chastel-marechal.com\/en\/general-terms-of-use\/","og_site_name":"Galerie Chastel Mar\u00e9chal","article_publisher":"https:\/\/www.facebook.com\/galerie.chastelmarechal\/","article_modified_time":"2024-05-29T13:29:35+00:00","og_image":[{"width":800,"height":103,"url":"https:\/\/chastel-marechal.com\/wp-content\/uploads\/2016\/08\/galerie-chastel-marechal-logo.png","type":"image\/png"}],"twitter_card":"summary_large_image","twitter_site":"@chastelmarechal","twitter_misc":{"Est. reading time":"6 minutes"},"schema":{"@context":"https:\/\/schema.org","@graph":[{"@type":"WebPage","@id":"https:\/\/chastel-marechal.com\/en\/general-terms-of-use\/","url":"https:\/\/chastel-marechal.com\/en\/general-terms-of-use\/","name":"General Terms of Use - Galerie Chastel Mar\u00e9chal","isPartOf":{"@id":"https:\/\/chastel-marechal.com\/en\/#website"},"datePublished":"2021-03-12T15:44:31+00:00","dateModified":"2024-05-29T13:29:35+00:00","description":"General Terms of Use","breadcrumb":{"@id":"https:\/\/chastel-marechal.com\/en\/general-terms-of-use\/#breadcrumb"},"inLanguage":"en-US","potentialAction":[{"@type":"ReadAction","target":["https:\/\/chastel-marechal.com\/en\/general-terms-of-use\/"]}]},{"@type":"BreadcrumbList","@id":"https:\/\/chastel-marechal.com\/en\/general-terms-of-use\/#breadcrumb","itemListElement":[{"@type":"ListItem","position":1,"name":"Accueil","item":"https:\/\/chastel-marechal.com\/en\/"},{"@type":"ListItem","position":2,"name":"General Terms of Use"}]},{"@type":"WebSite","@id":"https:\/\/chastel-marechal.com\/en\/#website","url":"https:\/\/chastel-marechal.com\/en\/","name":"Galerie Chastel Mar\u00e9chal","description":"Arts d\u00e9coratifs du XX\u00e8me si\u00e8cle","publisher":{"@id":"https:\/\/chastel-marechal.com\/en\/#organization"},"potentialAction":[{"@type":"SearchAction","target":{"@type":"EntryPoint","urlTemplate":"https:\/\/chastel-marechal.com\/en\/?s={search_term_string}"},"query-input":{"@type":"PropertyValueSpecification","valueRequired":true,"valueName":"search_term_string"}}],"inLanguage":"en-US"},{"@type":"Organization","@id":"https:\/\/chastel-marechal.com\/en\/#organization","name":"Galerie Chastel Mar\u00e9chal","url":"https:\/\/chastel-marechal.com\/en\/","logo":{"@type":"ImageObject","inLanguage":"en-US","@id":"https:\/\/chastel-marechal.com\/en\/#\/schema\/logo\/image\/","url":"https:\/\/www.chastel-marechal.com\/wp-content\/uploads\/2016\/08\/galerie-chastel-marechal-logo.png","contentUrl":"https:\/\/www.chastel-marechal.com\/wp-content\/uploads\/2016\/08\/galerie-chastel-marechal-logo.png","width":800,"height":103,"caption":"Galerie Chastel Mar\u00e9chal"},"image":{"@id":"https:\/\/chastel-marechal.com\/en\/#\/schema\/logo\/image\/"},"sameAs":["https:\/\/www.facebook.com\/galerie.chastelmarechal\/","https:\/\/x.com\/chastelmarechal","https:\/\/www.instagram.com\/galeriechastelmarechal\/","https:\/\/fr.pinterest.com\/galerieCM\/"]}]}},"acf":[],"_links":{"self":[{"href":"https:\/\/chastel-marechal.com\/en\/wp-json\/wp\/v2\/pages\/17164","targetHints":{"allow":["GET"]}}],"collection":[{"href":"https:\/\/chastel-marechal.com\/en\/wp-json\/wp\/v2\/pages"}],"about":[{"href":"https:\/\/chastel-marechal.com\/en\/wp-json\/wp\/v2\/types\/page"}],"author":[{"embeddable":true,"href":"https:\/\/chastel-marechal.com\/en\/wp-json\/wp\/v2\/users\/2"}],"replies":[{"embeddable":true,"href":"https:\/\/chastel-marechal.com\/en\/wp-json\/wp\/v2\/comments?post=17164"}],"version-history":[{"count":3,"href":"https:\/\/chastel-marechal.com\/en\/wp-json\/wp\/v2\/pages\/17164\/revisions"}],"predecessor-version":[{"id":32256,"href":"https:\/\/chastel-marechal.com\/en\/wp-json\/wp\/v2\/pages\/17164\/revisions\/32256"}],"wp:attachment":[{"href":"https:\/\/chastel-marechal.com\/en\/wp-json\/wp\/v2\/media?parent=17164"}],"curies":[{"name":"wp","href":"https:\/\/api.w.org\/{rel}","templated":true}]}}