{"id":18232,"date":"2021-06-26T11:12:46","date_gmt":"2021-06-26T09:12:46","guid":{"rendered":"https:\/\/chastel-marechal.com\/?page_id=18232"},"modified":"2021-06-26T11:26:43","modified_gmt":"2021-06-26T09:26:43","slug":"eyre-de-lanux","status":"publish","type":"page","link":"https:\/\/chastel-marechal.com\/en\/eyre-de-lanux\/","title":{"rendered":"Eyre de Lanux"},"content":{"rendered":"<p>[et_pb_section admin_label=&#8221;Section&#8221; fullwidth=&#8221;off&#8221; specialty=&#8221;off&#8221; transparent_background=&#8221;off&#8221; background_color=&#8221;#ffffff&#8221; allow_player_pause=&#8221;off&#8221; inner_shadow=&#8221;off&#8221; parallax=&#8221;off&#8221; parallax_method=&#8221;off&#8221; padding_mobile=&#8221;off&#8221; make_fullwidth=&#8221;off&#8221; use_custom_width=&#8221;off&#8221; width_unit=&#8221;on&#8221; make_equal=&#8221;off&#8221; use_custom_gutter=&#8221;off&#8221; module_class=&#8221;introductionartistes&#8221; custom_padding=&#8221;20px|120px|20px|120px&#8221; custom_padding_phone=&#8221;0px|||&#8221; custom_padding_last_edited=&#8221;on|desktop&#8221;][et_pb_row admin_label=&#8221;Row&#8221; make_fullwidth=&#8221;on&#8221; use_custom_width=&#8221;off&#8221; width_unit=&#8221;on&#8221; use_custom_gutter=&#8221;off&#8221; padding_mobile=&#8221;off&#8221; allow_player_pause=&#8221;off&#8221; parallax=&#8221;off&#8221; parallax_method=&#8221;off&#8221; make_equal=&#8221;off&#8221; parallax_1=&#8221;off&#8221; parallax_method_1=&#8221;off&#8221; column_padding_mobile=&#8221;on&#8221; custom_padding=&#8221;||0px|&#8221;][et_pb_column type=&#8221;4_4&#8243;][et_pb_text admin_label=&#8221;Nom Artiste&#8221; background_layout=&#8221;light&#8221; text_orientation=&#8221;left&#8221; use_border_color=&#8221;off&#8221; border_color=&#8221;#ffffff&#8221; border_style=&#8221;solid&#8221; module_class=&#8221;titressections&#8221;]<\/p>\n<p>Eyre de Lanux (1894-1996)<\/p>\n<p>[\/et_pb_text][\/et_pb_column][\/et_pb_row][et_pb_row admin_label=&#8221;Row&#8221; make_fullwidth=&#8221;on&#8221; use_custom_width=&#8221;off&#8221; width_unit=&#8221;on&#8221; use_custom_gutter=&#8221;off&#8221; padding_mobile=&#8221;off&#8221; allow_player_pause=&#8221;off&#8221; parallax=&#8221;off&#8221; parallax_method=&#8221;off&#8221; make_equal=&#8221;off&#8221; parallax_1=&#8221;off&#8221; parallax_method_1=&#8221;off&#8221; parallax_2=&#8221;off&#8221; parallax_method_2=&#8221;off&#8221; column_padding_mobile=&#8221;on&#8221; custom_padding=&#8221;||0px|&#8221; custom_margin=&#8221;||0px|&#8221;][et_pb_column type=&#8221;2_3&#8243;][et_pb_text admin_label=&#8221;Extrait biographie&#8221; background_layout=&#8221;light&#8221; text_orientation=&#8221;justified&#8221; use_border_color=&#8221;off&#8221; border_color=&#8221;#ffffff&#8221; border_style=&#8221;solid&#8221;]<\/p>\n<div class=\"page\" title=\"Page 10\">\n<div class=\"layoutArea\">\n<div class=\"column\">\n<p>Eyre de Lanux discovered the modernity and Roaring twen- ties. She rub shoulders with the artistic and literary circles. Man Ray took several pictures of Eyre de Lanux who became a true muse. She took lessons at the Maurice Denis studio where she met Tamara de Lempicka. Then, she became Brancusi\u2019s student and she learnt the direct cutting sculpture ; she also became friend with Pablo Picasso ; and she inspired Louis Aragaon until having a love affair.<\/p>\n<\/div>\n<\/div>\n<\/div>\n<p>[\/et_pb_text][\/et_pb_column][et_pb_column type=&#8221;1_3&#8243;][et_pb_image admin_label=&#8221;Photo artiste&#8221; src=&#8221;https:\/\/chastel-marechal.com\/wp-content\/uploads\/2021\/06\/eyre-de-lanux-doc-7-portrait-copie.jpg&#8221; show_in_lightbox=&#8221;off&#8221; url_new_window=&#8221;off&#8221; use_overlay=&#8221;off&#8221; animation=&#8221;off&#8221; sticky=&#8221;off&#8221; align=&#8221;left&#8221; force_fullwidth=&#8221;off&#8221; always_center_on_mobile=&#8221;on&#8221; use_border_color=&#8221;off&#8221; border_color=&#8221;#ffffff&#8221; border_style=&#8221;solid&#8221; custom_margin_phone=&#8221;50px|||&#8221; custom_margin_last_edited=&#8221;on|phone&#8221;] [\/et_pb_image][\/et_pb_column][\/et_pb_row][et_pb_row admin_label=&#8221;Row&#8221; make_fullwidth=&#8221;on&#8221; use_custom_width=&#8221;off&#8221; width_unit=&#8221;on&#8221; use_custom_gutter=&#8221;off&#8221; padding_mobile=&#8221;off&#8221; allow_player_pause=&#8221;off&#8221; parallax=&#8221;off&#8221; parallax_method=&#8221;off&#8221; make_equal=&#8221;off&#8221; parallax_1=&#8221;off&#8221; parallax_method_1=&#8221;off&#8221; column_padding_mobile=&#8221;on&#8221; custom_padding=&#8221;0px|||&#8221; custom_margin=&#8221;0px||20px|&#8221;][et_pb_column type=&#8221;4_4&#8243;][et_pb_toggle admin_label=&#8221;Biographie compl\u00e8te&#8221; title=&#8221;Afficher la biographie compl\u00e8te&#8221; open=&#8221;off&#8221; use_border_color=&#8221;off&#8221; border_color=&#8221;#ffffff&#8221; border_style=&#8221;solid&#8221; closed_toggle_background_color=&#8221;rgba(0,0,0,0)&#8221; custom_padding=&#8221;0px|0px|0px|0px&#8221; title_font_size=&#8221;14&#8243;]<\/p>\n<div class=\"page\" title=\"Page 10\">\n<div class=\"layoutArea\">\n<div class=\"column\">\n<p>Eyre de Lanux discovered the modernity and Roaring twen- ties. She rub shoulders with the artistic and literary circles. Man Ray took several pictures of Eyre de Lanux who became a true muse. She took lessons at the Maurice Denis studio where she met Tamara de Lempicka. Then, she became Brancusi\u2019s student and she learnt the direct cutting sculpture ; she also became friend with Pablo Picasso ; and she inspired Louis Aragaon until having a love affair.<\/p>\n<div class=\"page\" title=\"Page 10\">\n<div class=\"layoutArea\">\n<div class=\"column\">\n<p>Her meeting with the poetess Natalie Clifford Barney and her discovery of the free love pushed her to expand her creative field. First, the writting and then, the interior decoration and furniture creation. In 1926, Eyre de Lanux met Evely Wyld which was associated to Eileen Gray. Gray had already designed nu- merous projects and she was at this time working on her im- portant architecture projects, while designing refined pieces of furniture. In this context, Evelyn Wyld and Eyre de Lanux be- came associates and created their own interior decor society, located in rue de Visconti, the heart of Saint-Germain-des-Pre\u0300s district. Together they took part in many exhibitions as the Sa- lon des Artistes De\u0301corateurs en 1928 and 1929, but also at the exhibition of the Union des Artistes Modernes in 1930.<\/p>\n<\/div>\n<\/div>\n<\/div>\n<\/div>\n<\/div>\n<\/div>\n<p>[\/et_pb_toggle][\/et_pb_column][\/et_pb_row][et_pb_row admin_label=&#8221;Row&#8221; make_fullwidth=&#8221;on&#8221; use_custom_width=&#8221;off&#8221; width_unit=&#8221;on&#8221; use_custom_gutter=&#8221;off&#8221; padding_mobile=&#8221;off&#8221; allow_player_pause=&#8221;off&#8221; parallax=&#8221;off&#8221; parallax_method=&#8221;off&#8221; make_equal=&#8221;off&#8221; parallax_1=&#8221;off&#8221; parallax_method_1=&#8221;off&#8221; column_padding_mobile=&#8221;on&#8221;][et_pb_column type=&#8221;4_4&#8243;][et_pb_text admin_label=&#8221;Titre \u0153uvres&#8221; background_layout=&#8221;light&#8221; text_orientation=&#8221;left&#8221; use_border_color=&#8221;off&#8221; border_color=&#8221;#ffffff&#8221; border_style=&#8221;solid&#8221; module_class=&#8221;titressections&#8221;]<\/p>\n<p>Works<\/p>\n<p>[\/et_pb_text][et_pb_portfolio admin_label=&#8221;Liste des \u0153uvres&#8221; fullwidth=&#8221;off&#8221; show_title=&#8221;off&#8221; show_categories=&#8221;off&#8221; show_pagination=&#8221;off&#8221; background_layout=&#8221;light&#8221; hover_overlay_color=&#8221;rgba(255,255,255,0.6)&#8221; use_border_color=&#8221;off&#8221; border_color=&#8221;#ffffff&#8221; border_style=&#8221;solid&#8221; posts_number=&#8221;80&#8243; include_categories=&#8221;3111&#8243;] [\/et_pb_portfolio][\/et_pb_column][\/et_pb_row][\/et_pb_section][et_pb_section admin_label=&#8221;section&#8221;][et_pb_row admin_label=&#8221;row&#8221;][\/et_pb_row][\/et_pb_section]<\/p>\n","protected":false},"excerpt":{"rendered":"<p>Eyre de Lanux (1894-1996) Eyre de Lanux discovered the modernity and Roaring twen- ties. She rub shoulders with the artistic and literary circles. Man Ray took several pictures of Eyre de Lanux who became a true muse. She took lessons at the Maurice Denis studio where she met Tamara de Lempicka. Then, she became Brancusi\u2019s [&hellip;]<\/p>\n","protected":false},"author":2,"featured_media":0,"parent":0,"menu_order":0,"comment_status":"closed","ping_status":"closed","template":"","meta":{"_et_pb_use_builder":"on","_et_pb_old_content":"","_et_gb_content_width":"","footnotes":""},"class_list":["post-18232","page","type-page","status-publish","hentry"],"yoast_head":"<!-- This site is optimized with the Yoast SEO plugin v25.1 - https:\/\/yoast.com\/wordpress\/plugins\/seo\/ -->\n<title>Eyre de Lanux - Galerie Chastel Mar\u00e9chal<\/title>\n<meta name=\"description\" content=\"Eyre de Lanux\" \/>\n<meta name=\"robots\" content=\"index, follow, max-snippet:-1, max-image-preview:large, max-video-preview:-1\" \/>\n<link rel=\"canonical\" href=\"https:\/\/chastel-marechal.com\/en\/eyre-de-lanux\/\" \/>\n<meta property=\"og:locale\" content=\"en_US\" \/>\n<meta property=\"og:type\" content=\"article\" \/>\n<meta property=\"og:title\" content=\"Eyre de Lanux - Galerie Chastel Mar\u00e9chal\" \/>\n<meta property=\"og:description\" content=\"Eyre de Lanux\" \/>\n<meta property=\"og:url\" content=\"https:\/\/chastel-marechal.com\/en\/eyre-de-lanux\/\" \/>\n<meta property=\"og:site_name\" content=\"Galerie Chastel Mar\u00e9chal\" \/>\n<meta property=\"article:publisher\" content=\"https:\/\/www.facebook.com\/galerie.chastelmarechal\/\" \/>\n<meta property=\"article:modified_time\" content=\"2021-06-26T09:26:43+00:00\" \/>\n<meta property=\"og:image\" content=\"https:\/\/chastel-marechal.com\/wp-content\/uploads\/2016\/08\/galerie-chastel-marechal-logo.png\" \/>\n\t<meta property=\"og:image:width\" content=\"800\" \/>\n\t<meta property=\"og:image:height\" content=\"103\" \/>\n\t<meta property=\"og:image:type\" content=\"image\/png\" \/>\n<meta name=\"twitter:card\" content=\"summary_large_image\" \/>\n<meta name=\"twitter:site\" content=\"@chastelmarechal\" \/>\n<meta name=\"twitter:label1\" content=\"Est. reading time\" \/>\n\t<meta name=\"twitter:data1\" content=\"4 minutes\" \/>\n<script type=\"application\/ld+json\" class=\"yoast-schema-graph\">{\"@context\":\"https:\/\/schema.org\",\"@graph\":[{\"@type\":\"WebPage\",\"@id\":\"https:\/\/chastel-marechal.com\/en\/eyre-de-lanux\/\",\"url\":\"https:\/\/chastel-marechal.com\/en\/eyre-de-lanux\/\",\"name\":\"Eyre de Lanux - Galerie Chastel Mar\u00e9chal\",\"isPartOf\":{\"@id\":\"https:\/\/chastel-marechal.com\/en\/#website\"},\"datePublished\":\"2021-06-26T09:12:46+00:00\",\"dateModified\":\"2021-06-26T09:26:43+00:00\",\"description\":\"Eyre de Lanux\",\"breadcrumb\":{\"@id\":\"https:\/\/chastel-marechal.com\/en\/eyre-de-lanux\/#breadcrumb\"},\"inLanguage\":\"en-US\",\"potentialAction\":[{\"@type\":\"ReadAction\",\"target\":[\"https:\/\/chastel-marechal.com\/en\/eyre-de-lanux\/\"]}]},{\"@type\":\"BreadcrumbList\",\"@id\":\"https:\/\/chastel-marechal.com\/en\/eyre-de-lanux\/#breadcrumb\",\"itemListElement\":[{\"@type\":\"ListItem\",\"position\":1,\"name\":\"Accueil\",\"item\":\"https:\/\/chastel-marechal.com\/en\/\"},{\"@type\":\"ListItem\",\"position\":2,\"name\":\"Eyre de Lanux\"}]},{\"@type\":\"WebSite\",\"@id\":\"https:\/\/chastel-marechal.com\/en\/#website\",\"url\":\"https:\/\/chastel-marechal.com\/en\/\",\"name\":\"Galerie Chastel Mar\u00e9chal\",\"description\":\"Arts d\u00e9coratifs du XX\u00e8me si\u00e8cle\",\"publisher\":{\"@id\":\"https:\/\/chastel-marechal.com\/en\/#organization\"},\"potentialAction\":[{\"@type\":\"SearchAction\",\"target\":{\"@type\":\"EntryPoint\",\"urlTemplate\":\"https:\/\/chastel-marechal.com\/en\/?s={search_term_string}\"},\"query-input\":{\"@type\":\"PropertyValueSpecification\",\"valueRequired\":true,\"valueName\":\"search_term_string\"}}],\"inLanguage\":\"en-US\"},{\"@type\":\"Organization\",\"@id\":\"https:\/\/chastel-marechal.com\/en\/#organization\",\"name\":\"Galerie Chastel Mar\u00e9chal\",\"url\":\"https:\/\/chastel-marechal.com\/en\/\",\"logo\":{\"@type\":\"ImageObject\",\"inLanguage\":\"en-US\",\"@id\":\"https:\/\/chastel-marechal.com\/en\/#\/schema\/logo\/image\/\",\"url\":\"https:\/\/www.chastel-marechal.com\/wp-content\/uploads\/2016\/08\/galerie-chastel-marechal-logo.png\",\"contentUrl\":\"https:\/\/www.chastel-marechal.com\/wp-content\/uploads\/2016\/08\/galerie-chastel-marechal-logo.png\",\"width\":800,\"height\":103,\"caption\":\"Galerie Chastel Mar\u00e9chal\"},\"image\":{\"@id\":\"https:\/\/chastel-marechal.com\/en\/#\/schema\/logo\/image\/\"},\"sameAs\":[\"https:\/\/www.facebook.com\/galerie.chastelmarechal\/\",\"https:\/\/x.com\/chastelmarechal\",\"https:\/\/www.instagram.com\/galeriechastelmarechal\/\",\"https:\/\/fr.pinterest.com\/galerieCM\/\"]}]}<\/script>\n<!-- \/ Yoast SEO plugin. -->","yoast_head_json":{"title":"Eyre de Lanux - Galerie Chastel Mar\u00e9chal","description":"Eyre de Lanux","robots":{"index":"index","follow":"follow","max-snippet":"max-snippet:-1","max-image-preview":"max-image-preview:large","max-video-preview":"max-video-preview:-1"},"canonical":"https:\/\/chastel-marechal.com\/en\/eyre-de-lanux\/","og_locale":"en_US","og_type":"article","og_title":"Eyre de Lanux - Galerie Chastel Mar\u00e9chal","og_description":"Eyre de Lanux","og_url":"https:\/\/chastel-marechal.com\/en\/eyre-de-lanux\/","og_site_name":"Galerie Chastel Mar\u00e9chal","article_publisher":"https:\/\/www.facebook.com\/galerie.chastelmarechal\/","article_modified_time":"2021-06-26T09:26:43+00:00","og_image":[{"width":800,"height":103,"url":"https:\/\/chastel-marechal.com\/wp-content\/uploads\/2016\/08\/galerie-chastel-marechal-logo.png","type":"image\/png"}],"twitter_card":"summary_large_image","twitter_site":"@chastelmarechal","twitter_misc":{"Est. reading time":"4 minutes"},"schema":{"@context":"https:\/\/schema.org","@graph":[{"@type":"WebPage","@id":"https:\/\/chastel-marechal.com\/en\/eyre-de-lanux\/","url":"https:\/\/chastel-marechal.com\/en\/eyre-de-lanux\/","name":"Eyre de Lanux - Galerie Chastel Mar\u00e9chal","isPartOf":{"@id":"https:\/\/chastel-marechal.com\/en\/#website"},"datePublished":"2021-06-26T09:12:46+00:00","dateModified":"2021-06-26T09:26:43+00:00","description":"Eyre de Lanux","breadcrumb":{"@id":"https:\/\/chastel-marechal.com\/en\/eyre-de-lanux\/#breadcrumb"},"inLanguage":"en-US","potentialAction":[{"@type":"ReadAction","target":["https:\/\/chastel-marechal.com\/en\/eyre-de-lanux\/"]}]},{"@type":"BreadcrumbList","@id":"https:\/\/chastel-marechal.com\/en\/eyre-de-lanux\/#breadcrumb","itemListElement":[{"@type":"ListItem","position":1,"name":"Accueil","item":"https:\/\/chastel-marechal.com\/en\/"},{"@type":"ListItem","position":2,"name":"Eyre de Lanux"}]},{"@type":"WebSite","@id":"https:\/\/chastel-marechal.com\/en\/#website","url":"https:\/\/chastel-marechal.com\/en\/","name":"Galerie Chastel Mar\u00e9chal","description":"Arts d\u00e9coratifs du XX\u00e8me si\u00e8cle","publisher":{"@id":"https:\/\/chastel-marechal.com\/en\/#organization"},"potentialAction":[{"@type":"SearchAction","target":{"@type":"EntryPoint","urlTemplate":"https:\/\/chastel-marechal.com\/en\/?s={search_term_string}"},"query-input":{"@type":"PropertyValueSpecification","valueRequired":true,"valueName":"search_term_string"}}],"inLanguage":"en-US"},{"@type":"Organization","@id":"https:\/\/chastel-marechal.com\/en\/#organization","name":"Galerie Chastel Mar\u00e9chal","url":"https:\/\/chastel-marechal.com\/en\/","logo":{"@type":"ImageObject","inLanguage":"en-US","@id":"https:\/\/chastel-marechal.com\/en\/#\/schema\/logo\/image\/","url":"https:\/\/www.chastel-marechal.com\/wp-content\/uploads\/2016\/08\/galerie-chastel-marechal-logo.png","contentUrl":"https:\/\/www.chastel-marechal.com\/wp-content\/uploads\/2016\/08\/galerie-chastel-marechal-logo.png","width":800,"height":103,"caption":"Galerie Chastel Mar\u00e9chal"},"image":{"@id":"https:\/\/chastel-marechal.com\/en\/#\/schema\/logo\/image\/"},"sameAs":["https:\/\/www.facebook.com\/galerie.chastelmarechal\/","https:\/\/x.com\/chastelmarechal","https:\/\/www.instagram.com\/galeriechastelmarechal\/","https:\/\/fr.pinterest.com\/galerieCM\/"]}]}},"acf":[],"_links":{"self":[{"href":"https:\/\/chastel-marechal.com\/en\/wp-json\/wp\/v2\/pages\/18232","targetHints":{"allow":["GET"]}}],"collection":[{"href":"https:\/\/chastel-marechal.com\/en\/wp-json\/wp\/v2\/pages"}],"about":[{"href":"https:\/\/chastel-marechal.com\/en\/wp-json\/wp\/v2\/types\/page"}],"author":[{"embeddable":true,"href":"https:\/\/chastel-marechal.com\/en\/wp-json\/wp\/v2\/users\/2"}],"replies":[{"embeddable":true,"href":"https:\/\/chastel-marechal.com\/en\/wp-json\/wp\/v2\/comments?post=18232"}],"version-history":[{"count":1,"href":"https:\/\/chastel-marechal.com\/en\/wp-json\/wp\/v2\/pages\/18232\/revisions"}],"predecessor-version":[{"id":18233,"href":"https:\/\/chastel-marechal.com\/en\/wp-json\/wp\/v2\/pages\/18232\/revisions\/18233"}],"wp:attachment":[{"href":"https:\/\/chastel-marechal.com\/en\/wp-json\/wp\/v2\/media?parent=18232"}],"curies":[{"name":"wp","href":"https:\/\/api.w.org\/{rel}","templated":true}]}}