{"id":16461,"date":"2021-01-19T14:54:07","date_gmt":"2021-01-19T13:54:07","guid":{"rendered":"https:\/\/chastel-marechal.com\/produit\/jacques-quinet-architecte-dinterieur-maitre-ebeniste\/"},"modified":"2024-11-13T17:53:39","modified_gmt":"2024-11-13T16:53:39","slug":"jacques-quinet-architecte-dinterieur-maitre-ebeniste","status":"publish","type":"product","link":"https:\/\/chastel-marechal.com\/en\/produit\/jacques-quinet-architecte-dinterieur-maitre-ebeniste\/","title":{"rendered":"Jacques Quinet, architecte d&#8217;int\u00e9rieur \u00ab ma\u00eetre-\u00e9b\u00e9niste \u00bb"},"content":{"rendered":"<p>Who was Jacques Quinet ? Even thought he was one of the most talented designers of the second half of the Twentieth Century, whose work is prespected and appreciated by a great many art deco lovers who are interested in this period, we are often not aware of the details of his career and we are not familiar with his work. Let us go back a few years&#8230;<\/p>\n","protected":false},"excerpt":{"rendered":"<p>This book goes along with the exhibition dedicated to &#8220;Jacques Quinet&#8221; organized by the gallery Chastel-Mar\u00e9chal from September 9 to October 18, 2008. Texts by Guy Bloch-Champfort.<\/p>\n","protected":false},"featured_media":16650,"template":"","meta":{"_et_pb_use_builder":"on","_et_pb_old_content":"","_et_gb_content_width":""},"product_brand":[],"product_cat":[2624,2622],"product_tag":[],"class_list":{"0":"post-16461","1":"product","2":"type-product","3":"status-publish","4":"has-post-thumbnail","6":"product_cat-new-books","7":"product_cat-works-books","9":"first","10":"instock","11":"taxable","12":"shipping-taxable","13":"purchasable","14":"product-type-simple"},"yoast_head":"<!-- This site is optimized with the Yoast SEO plugin v25.1 - https:\/\/yoast.com\/wordpress\/plugins\/seo\/ -->\n<title>Jacques Quinet, architecte d&#039;int\u00e9rieur \u00ab ma\u00eetre-\u00e9b\u00e9niste \u00bb - Galerie Chastel Mar\u00e9chal<\/title>\n<meta name=\"robots\" content=\"index, follow, max-snippet:-1, max-image-preview:large, max-video-preview:-1\" \/>\n<link rel=\"canonical\" href=\"https:\/\/chastel-marechal.com\/en\/produit\/jacques-quinet-architecte-dinterieur-maitre-ebeniste\/\" \/>\n<meta property=\"og:locale\" content=\"en_US\" \/>\n<meta property=\"og:type\" content=\"article\" \/>\n<meta property=\"og:title\" content=\"Jacques Quinet, architecte d&#039;int\u00e9rieur \u00ab ma\u00eetre-\u00e9b\u00e9niste \u00bb - Galerie Chastel Mar\u00e9chal\" \/>\n<meta property=\"og:description\" content=\"This book goes along with the exhibition dedicated to &quot;Jacques Quinet&quot; organized by the gallery Chastel-Mar\u00e9chal from September 9 to October 18, 2008. Texts by Guy Bloch-Champfort.\" \/>\n<meta property=\"og:url\" content=\"https:\/\/chastel-marechal.com\/en\/produit\/jacques-quinet-architecte-dinterieur-maitre-ebeniste\/\" \/>\n<meta property=\"og:site_name\" content=\"Galerie Chastel Mar\u00e9chal\" \/>\n<meta property=\"article:publisher\" content=\"https:\/\/www.facebook.com\/galerie.chastelmarechal\/\" \/>\n<meta property=\"article:modified_time\" content=\"2024-11-13T16:53:39+00:00\" \/>\n<meta property=\"og:image\" content=\"https:\/\/chastel-marechal.com\/wp-content\/uploads\/2021\/01\/livre-2_1.jpg\" \/>\n\t<meta property=\"og:image:width\" content=\"2000\" \/>\n\t<meta property=\"og:image:height\" content=\"2000\" \/>\n\t<meta property=\"og:image:type\" content=\"image\/jpeg\" \/>\n<meta name=\"twitter:card\" content=\"summary_large_image\" \/>\n<meta name=\"twitter:site\" content=\"@chastelmarechal\" \/>\n<script type=\"application\/ld+json\" class=\"yoast-schema-graph\">{\"@context\":\"https:\/\/schema.org\",\"@graph\":[{\"@type\":\"WebPage\",\"@id\":\"https:\/\/chastel-marechal.com\/en\/produit\/jacques-quinet-architecte-dinterieur-maitre-ebeniste\/\",\"url\":\"https:\/\/chastel-marechal.com\/en\/produit\/jacques-quinet-architecte-dinterieur-maitre-ebeniste\/\",\"name\":\"Jacques Quinet, architecte d'int\u00e9rieur \u00ab ma\u00eetre-\u00e9b\u00e9niste \u00bb - Galerie Chastel Mar\u00e9chal\",\"isPartOf\":{\"@id\":\"https:\/\/chastel-marechal.com\/en\/#website\"},\"primaryImageOfPage\":{\"@id\":\"https:\/\/chastel-marechal.com\/en\/produit\/jacques-quinet-architecte-dinterieur-maitre-ebeniste\/#primaryimage\"},\"image\":{\"@id\":\"https:\/\/chastel-marechal.com\/en\/produit\/jacques-quinet-architecte-dinterieur-maitre-ebeniste\/#primaryimage\"},\"thumbnailUrl\":\"https:\/\/chastel-marechal.com\/wp-content\/uploads\/2021\/01\/livre-2_1.jpg\",\"datePublished\":\"2021-01-19T13:54:07+00:00\",\"dateModified\":\"2024-11-13T16:53:39+00:00\",\"breadcrumb\":{\"@id\":\"https:\/\/chastel-marechal.com\/en\/produit\/jacques-quinet-architecte-dinterieur-maitre-ebeniste\/#breadcrumb\"},\"inLanguage\":\"en-US\",\"potentialAction\":[{\"@type\":\"ReadAction\",\"target\":[\"https:\/\/chastel-marechal.com\/en\/produit\/jacques-quinet-architecte-dinterieur-maitre-ebeniste\/\"]}]},{\"@type\":\"ImageObject\",\"inLanguage\":\"en-US\",\"@id\":\"https:\/\/chastel-marechal.com\/en\/produit\/jacques-quinet-architecte-dinterieur-maitre-ebeniste\/#primaryimage\",\"url\":\"https:\/\/chastel-marechal.com\/wp-content\/uploads\/2021\/01\/livre-2_1.jpg\",\"contentUrl\":\"https:\/\/chastel-marechal.com\/wp-content\/uploads\/2021\/01\/livre-2_1.jpg\",\"width\":2000,\"height\":2000},{\"@type\":\"BreadcrumbList\",\"@id\":\"https:\/\/chastel-marechal.com\/en\/produit\/jacques-quinet-architecte-dinterieur-maitre-ebeniste\/#breadcrumb\",\"itemListElement\":[{\"@type\":\"ListItem\",\"position\":1,\"name\":\"Accueil\",\"item\":\"https:\/\/chastel-marechal.com\/en\/\"},{\"@type\":\"ListItem\",\"position\":2,\"name\":\"E-shop\",\"item\":\"https:\/\/chastel-marechal.com\/en\/e-shop\/\"},{\"@type\":\"ListItem\",\"position\":3,\"name\":\"Jacques Quinet, architecte d&#8217;int\u00e9rieur \u00ab ma\u00eetre-\u00e9b\u00e9niste \u00bb\"}]},{\"@type\":\"WebSite\",\"@id\":\"https:\/\/chastel-marechal.com\/en\/#website\",\"url\":\"https:\/\/chastel-marechal.com\/en\/\",\"name\":\"Galerie Chastel Mar\u00e9chal\",\"description\":\"Arts d\u00e9coratifs du XX\u00e8me si\u00e8cle\",\"publisher\":{\"@id\":\"https:\/\/chastel-marechal.com\/en\/#organization\"},\"potentialAction\":[{\"@type\":\"SearchAction\",\"target\":{\"@type\":\"EntryPoint\",\"urlTemplate\":\"https:\/\/chastel-marechal.com\/en\/?s={search_term_string}\"},\"query-input\":{\"@type\":\"PropertyValueSpecification\",\"valueRequired\":true,\"valueName\":\"search_term_string\"}}],\"inLanguage\":\"en-US\"},{\"@type\":\"Organization\",\"@id\":\"https:\/\/chastel-marechal.com\/en\/#organization\",\"name\":\"Galerie Chastel Mar\u00e9chal\",\"url\":\"https:\/\/chastel-marechal.com\/en\/\",\"logo\":{\"@type\":\"ImageObject\",\"inLanguage\":\"en-US\",\"@id\":\"https:\/\/chastel-marechal.com\/en\/#\/schema\/logo\/image\/\",\"url\":\"https:\/\/www.chastel-marechal.com\/wp-content\/uploads\/2016\/08\/galerie-chastel-marechal-logo.png\",\"contentUrl\":\"https:\/\/www.chastel-marechal.com\/wp-content\/uploads\/2016\/08\/galerie-chastel-marechal-logo.png\",\"width\":800,\"height\":103,\"caption\":\"Galerie Chastel Mar\u00e9chal\"},\"image\":{\"@id\":\"https:\/\/chastel-marechal.com\/en\/#\/schema\/logo\/image\/\"},\"sameAs\":[\"https:\/\/www.facebook.com\/galerie.chastelmarechal\/\",\"https:\/\/x.com\/chastelmarechal\",\"https:\/\/www.instagram.com\/galeriechastelmarechal\/\",\"https:\/\/fr.pinterest.com\/galerieCM\/\"]}]}<\/script>\n<!-- \/ Yoast SEO plugin. -->","yoast_head_json":{"title":"Jacques Quinet, architecte d'int\u00e9rieur \u00ab ma\u00eetre-\u00e9b\u00e9niste \u00bb - Galerie Chastel Mar\u00e9chal","robots":{"index":"index","follow":"follow","max-snippet":"max-snippet:-1","max-image-preview":"max-image-preview:large","max-video-preview":"max-video-preview:-1"},"canonical":"https:\/\/chastel-marechal.com\/en\/produit\/jacques-quinet-architecte-dinterieur-maitre-ebeniste\/","og_locale":"en_US","og_type":"article","og_title":"Jacques Quinet, architecte d'int\u00e9rieur \u00ab ma\u00eetre-\u00e9b\u00e9niste \u00bb - Galerie Chastel Mar\u00e9chal","og_description":"This book goes along with the exhibition dedicated to \"Jacques Quinet\" organized by the gallery Chastel-Mar\u00e9chal from September 9 to October 18, 2008. Texts by Guy Bloch-Champfort.","og_url":"https:\/\/chastel-marechal.com\/en\/produit\/jacques-quinet-architecte-dinterieur-maitre-ebeniste\/","og_site_name":"Galerie Chastel Mar\u00e9chal","article_publisher":"https:\/\/www.facebook.com\/galerie.chastelmarechal\/","article_modified_time":"2024-11-13T16:53:39+00:00","og_image":[{"width":2000,"height":2000,"url":"https:\/\/chastel-marechal.com\/wp-content\/uploads\/2021\/01\/livre-2_1.jpg","type":"image\/jpeg"}],"twitter_card":"summary_large_image","twitter_site":"@chastelmarechal","schema":{"@context":"https:\/\/schema.org","@graph":[{"@type":"WebPage","@id":"https:\/\/chastel-marechal.com\/en\/produit\/jacques-quinet-architecte-dinterieur-maitre-ebeniste\/","url":"https:\/\/chastel-marechal.com\/en\/produit\/jacques-quinet-architecte-dinterieur-maitre-ebeniste\/","name":"Jacques Quinet, architecte d'int\u00e9rieur \u00ab ma\u00eetre-\u00e9b\u00e9niste \u00bb - Galerie Chastel Mar\u00e9chal","isPartOf":{"@id":"https:\/\/chastel-marechal.com\/en\/#website"},"primaryImageOfPage":{"@id":"https:\/\/chastel-marechal.com\/en\/produit\/jacques-quinet-architecte-dinterieur-maitre-ebeniste\/#primaryimage"},"image":{"@id":"https:\/\/chastel-marechal.com\/en\/produit\/jacques-quinet-architecte-dinterieur-maitre-ebeniste\/#primaryimage"},"thumbnailUrl":"https:\/\/chastel-marechal.com\/wp-content\/uploads\/2021\/01\/livre-2_1.jpg","datePublished":"2021-01-19T13:54:07+00:00","dateModified":"2024-11-13T16:53:39+00:00","breadcrumb":{"@id":"https:\/\/chastel-marechal.com\/en\/produit\/jacques-quinet-architecte-dinterieur-maitre-ebeniste\/#breadcrumb"},"inLanguage":"en-US","potentialAction":[{"@type":"ReadAction","target":["https:\/\/chastel-marechal.com\/en\/produit\/jacques-quinet-architecte-dinterieur-maitre-ebeniste\/"]}]},{"@type":"ImageObject","inLanguage":"en-US","@id":"https:\/\/chastel-marechal.com\/en\/produit\/jacques-quinet-architecte-dinterieur-maitre-ebeniste\/#primaryimage","url":"https:\/\/chastel-marechal.com\/wp-content\/uploads\/2021\/01\/livre-2_1.jpg","contentUrl":"https:\/\/chastel-marechal.com\/wp-content\/uploads\/2021\/01\/livre-2_1.jpg","width":2000,"height":2000},{"@type":"BreadcrumbList","@id":"https:\/\/chastel-marechal.com\/en\/produit\/jacques-quinet-architecte-dinterieur-maitre-ebeniste\/#breadcrumb","itemListElement":[{"@type":"ListItem","position":1,"name":"Accueil","item":"https:\/\/chastel-marechal.com\/en\/"},{"@type":"ListItem","position":2,"name":"E-shop","item":"https:\/\/chastel-marechal.com\/en\/e-shop\/"},{"@type":"ListItem","position":3,"name":"Jacques Quinet, architecte d&#8217;int\u00e9rieur \u00ab ma\u00eetre-\u00e9b\u00e9niste \u00bb"}]},{"@type":"WebSite","@id":"https:\/\/chastel-marechal.com\/en\/#website","url":"https:\/\/chastel-marechal.com\/en\/","name":"Galerie Chastel Mar\u00e9chal","description":"Arts d\u00e9coratifs du XX\u00e8me si\u00e8cle","publisher":{"@id":"https:\/\/chastel-marechal.com\/en\/#organization"},"potentialAction":[{"@type":"SearchAction","target":{"@type":"EntryPoint","urlTemplate":"https:\/\/chastel-marechal.com\/en\/?s={search_term_string}"},"query-input":{"@type":"PropertyValueSpecification","valueRequired":true,"valueName":"search_term_string"}}],"inLanguage":"en-US"},{"@type":"Organization","@id":"https:\/\/chastel-marechal.com\/en\/#organization","name":"Galerie Chastel Mar\u00e9chal","url":"https:\/\/chastel-marechal.com\/en\/","logo":{"@type":"ImageObject","inLanguage":"en-US","@id":"https:\/\/chastel-marechal.com\/en\/#\/schema\/logo\/image\/","url":"https:\/\/www.chastel-marechal.com\/wp-content\/uploads\/2016\/08\/galerie-chastel-marechal-logo.png","contentUrl":"https:\/\/www.chastel-marechal.com\/wp-content\/uploads\/2016\/08\/galerie-chastel-marechal-logo.png","width":800,"height":103,"caption":"Galerie Chastel Mar\u00e9chal"},"image":{"@id":"https:\/\/chastel-marechal.com\/en\/#\/schema\/logo\/image\/"},"sameAs":["https:\/\/www.facebook.com\/galerie.chastelmarechal\/","https:\/\/x.com\/chastelmarechal","https:\/\/www.instagram.com\/galeriechastelmarechal\/","https:\/\/fr.pinterest.com\/galerieCM\/"]}]}},"acf":[],"_links":{"self":[{"href":"https:\/\/chastel-marechal.com\/en\/wp-json\/wp\/v2\/product\/16461","targetHints":{"allow":["GET"]}}],"collection":[{"href":"https:\/\/chastel-marechal.com\/en\/wp-json\/wp\/v2\/product"}],"about":[{"href":"https:\/\/chastel-marechal.com\/en\/wp-json\/wp\/v2\/types\/product"}],"wp:featuredmedia":[{"embeddable":true,"href":"https:\/\/chastel-marechal.com\/en\/wp-json\/wp\/v2\/media\/16650"}],"wp:attachment":[{"href":"https:\/\/chastel-marechal.com\/en\/wp-json\/wp\/v2\/media?parent=16461"}],"wp:term":[{"taxonomy":"product_brand","embeddable":true,"href":"https:\/\/chastel-marechal.com\/en\/wp-json\/wp\/v2\/product_brand?post=16461"},{"taxonomy":"product_cat","embeddable":true,"href":"https:\/\/chastel-marechal.com\/en\/wp-json\/wp\/v2\/product_cat?post=16461"},{"taxonomy":"product_tag","embeddable":true,"href":"https:\/\/chastel-marechal.com\/en\/wp-json\/wp\/v2\/product_tag?post=16461"}],"curies":[{"name":"wp","href":"https:\/\/api.w.org\/{rel}","templated":true}]}}