{"id":16688,"date":"2021-02-06T16:10:13","date_gmt":"2021-02-06T15:10:13","guid":{"rendered":"https:\/\/chastel-marechal.com\/produit\/jean-charles-moreux\/"},"modified":"2024-07-27T08:13:27","modified_gmt":"2024-07-27T06:13:27","slug":"jean-charles-moreux","status":"publish","type":"product","link":"https:\/\/chastel-marechal.com\/en\/produit\/jean-charles-moreux\/","title":{"rendered":"Jean-Charles Moreux"},"content":{"rendered":"<p>&#8220;How to impose a classical vision of the order of things in a period characterized by extravagance ? How to allow a talent rooted in tradition and culture to flourish in the world of architecture, landscape gardening or interior design when all those around you vie with their creative exxentricity, eclecticism and lack of inspiration ?&#8221;<\/p>\n","protected":false},"excerpt":{"rendered":"<p>This book has been published at the occasion of the exhibition &#8220;Jean-Charles Moreux&#8221; which was held at the gallery Chastel-Mar\u00e9chal from September 12 to October 10, 2021. Preface by Felix Marcilhac.<\/p>\n","protected":false},"featured_media":16683,"template":"","meta":{"_et_pb_use_builder":"on","_et_pb_old_content":"","_et_gb_content_width":""},"product_brand":[],"product_cat":[2624,2622],"product_tag":[],"class_list":{"0":"post-16688","1":"product","2":"type-product","3":"status-publish","4":"has-post-thumbnail","6":"product_cat-new-books","7":"product_cat-works-books","9":"first","10":"instock","11":"taxable","12":"shipping-taxable","13":"purchasable","14":"product-type-simple"},"yoast_head":"<!-- This site is optimized with the Yoast SEO plugin v25.1 - https:\/\/yoast.com\/wordpress\/plugins\/seo\/ -->\n<title>Jean-Charles Moreux - Galerie Chastel Mar\u00e9chal<\/title>\n<meta name=\"robots\" content=\"index, follow, max-snippet:-1, max-image-preview:large, max-video-preview:-1\" \/>\n<link rel=\"canonical\" href=\"https:\/\/chastel-marechal.com\/en\/produit\/jean-charles-moreux\/\" \/>\n<meta property=\"og:locale\" content=\"en_US\" \/>\n<meta property=\"og:type\" content=\"article\" \/>\n<meta property=\"og:title\" content=\"Jean-Charles Moreux - Galerie Chastel Mar\u00e9chal\" \/>\n<meta property=\"og:description\" content=\"This book has been published at the occasion of the exhibition &quot;Jean-Charles Moreux&quot; which was held at the gallery Chastel-Mar\u00e9chal from September 12 to October 10, 2021. Preface by Felix Marcilhac.\" \/>\n<meta property=\"og:url\" content=\"https:\/\/chastel-marechal.com\/en\/produit\/jean-charles-moreux\/\" \/>\n<meta property=\"og:site_name\" content=\"Galerie Chastel Mar\u00e9chal\" \/>\n<meta property=\"article:publisher\" content=\"https:\/\/www.facebook.com\/galerie.chastelmarechal\/\" \/>\n<meta property=\"article:modified_time\" content=\"2024-07-27T06:13:27+00:00\" \/>\n<meta property=\"og:image\" content=\"https:\/\/chastel-marechal.com\/wp-content\/uploads\/2021\/02\/livre-9_1-copie.jpg\" \/>\n\t<meta property=\"og:image:width\" content=\"2000\" \/>\n\t<meta property=\"og:image:height\" content=\"2000\" \/>\n\t<meta property=\"og:image:type\" content=\"image\/jpeg\" \/>\n<meta name=\"twitter:card\" content=\"summary_large_image\" \/>\n<meta name=\"twitter:site\" content=\"@chastelmarechal\" \/>\n<script type=\"application\/ld+json\" class=\"yoast-schema-graph\">{\"@context\":\"https:\/\/schema.org\",\"@graph\":[{\"@type\":\"WebPage\",\"@id\":\"https:\/\/chastel-marechal.com\/en\/produit\/jean-charles-moreux\/\",\"url\":\"https:\/\/chastel-marechal.com\/en\/produit\/jean-charles-moreux\/\",\"name\":\"Jean-Charles Moreux - Galerie Chastel Mar\u00e9chal\",\"isPartOf\":{\"@id\":\"https:\/\/chastel-marechal.com\/en\/#website\"},\"primaryImageOfPage\":{\"@id\":\"https:\/\/chastel-marechal.com\/en\/produit\/jean-charles-moreux\/#primaryimage\"},\"image\":{\"@id\":\"https:\/\/chastel-marechal.com\/en\/produit\/jean-charles-moreux\/#primaryimage\"},\"thumbnailUrl\":\"https:\/\/chastel-marechal.com\/wp-content\/uploads\/2021\/02\/livre-9_1-copie.jpg\",\"datePublished\":\"2021-02-06T15:10:13+00:00\",\"dateModified\":\"2024-07-27T06:13:27+00:00\",\"breadcrumb\":{\"@id\":\"https:\/\/chastel-marechal.com\/en\/produit\/jean-charles-moreux\/#breadcrumb\"},\"inLanguage\":\"en-US\",\"potentialAction\":[{\"@type\":\"ReadAction\",\"target\":[\"https:\/\/chastel-marechal.com\/en\/produit\/jean-charles-moreux\/\"]}]},{\"@type\":\"ImageObject\",\"inLanguage\":\"en-US\",\"@id\":\"https:\/\/chastel-marechal.com\/en\/produit\/jean-charles-moreux\/#primaryimage\",\"url\":\"https:\/\/chastel-marechal.com\/wp-content\/uploads\/2021\/02\/livre-9_1-copie.jpg\",\"contentUrl\":\"https:\/\/chastel-marechal.com\/wp-content\/uploads\/2021\/02\/livre-9_1-copie.jpg\",\"width\":2000,\"height\":2000},{\"@type\":\"BreadcrumbList\",\"@id\":\"https:\/\/chastel-marechal.com\/en\/produit\/jean-charles-moreux\/#breadcrumb\",\"itemListElement\":[{\"@type\":\"ListItem\",\"position\":1,\"name\":\"Accueil\",\"item\":\"https:\/\/chastel-marechal.com\/en\/\"},{\"@type\":\"ListItem\",\"position\":2,\"name\":\"E-shop\",\"item\":\"https:\/\/chastel-marechal.com\/en\/e-shop\/\"},{\"@type\":\"ListItem\",\"position\":3,\"name\":\"Jean-Charles Moreux\"}]},{\"@type\":\"WebSite\",\"@id\":\"https:\/\/chastel-marechal.com\/en\/#website\",\"url\":\"https:\/\/chastel-marechal.com\/en\/\",\"name\":\"Galerie Chastel Mar\u00e9chal\",\"description\":\"Arts d\u00e9coratifs du XX\u00e8me si\u00e8cle\",\"publisher\":{\"@id\":\"https:\/\/chastel-marechal.com\/en\/#organization\"},\"potentialAction\":[{\"@type\":\"SearchAction\",\"target\":{\"@type\":\"EntryPoint\",\"urlTemplate\":\"https:\/\/chastel-marechal.com\/en\/?s={search_term_string}\"},\"query-input\":{\"@type\":\"PropertyValueSpecification\",\"valueRequired\":true,\"valueName\":\"search_term_string\"}}],\"inLanguage\":\"en-US\"},{\"@type\":\"Organization\",\"@id\":\"https:\/\/chastel-marechal.com\/en\/#organization\",\"name\":\"Galerie Chastel Mar\u00e9chal\",\"url\":\"https:\/\/chastel-marechal.com\/en\/\",\"logo\":{\"@type\":\"ImageObject\",\"inLanguage\":\"en-US\",\"@id\":\"https:\/\/chastel-marechal.com\/en\/#\/schema\/logo\/image\/\",\"url\":\"https:\/\/www.chastel-marechal.com\/wp-content\/uploads\/2016\/08\/galerie-chastel-marechal-logo.png\",\"contentUrl\":\"https:\/\/www.chastel-marechal.com\/wp-content\/uploads\/2016\/08\/galerie-chastel-marechal-logo.png\",\"width\":800,\"height\":103,\"caption\":\"Galerie Chastel Mar\u00e9chal\"},\"image\":{\"@id\":\"https:\/\/chastel-marechal.com\/en\/#\/schema\/logo\/image\/\"},\"sameAs\":[\"https:\/\/www.facebook.com\/galerie.chastelmarechal\/\",\"https:\/\/x.com\/chastelmarechal\",\"https:\/\/www.instagram.com\/galeriechastelmarechal\/\",\"https:\/\/fr.pinterest.com\/galerieCM\/\"]}]}<\/script>\n<!-- \/ Yoast SEO plugin. -->","yoast_head_json":{"title":"Jean-Charles Moreux - Galerie Chastel Mar\u00e9chal","robots":{"index":"index","follow":"follow","max-snippet":"max-snippet:-1","max-image-preview":"max-image-preview:large","max-video-preview":"max-video-preview:-1"},"canonical":"https:\/\/chastel-marechal.com\/en\/produit\/jean-charles-moreux\/","og_locale":"en_US","og_type":"article","og_title":"Jean-Charles Moreux - Galerie Chastel Mar\u00e9chal","og_description":"This book has been published at the occasion of the exhibition \"Jean-Charles Moreux\" which was held at the gallery Chastel-Mar\u00e9chal from September 12 to October 10, 2021. Preface by Felix Marcilhac.","og_url":"https:\/\/chastel-marechal.com\/en\/produit\/jean-charles-moreux\/","og_site_name":"Galerie Chastel Mar\u00e9chal","article_publisher":"https:\/\/www.facebook.com\/galerie.chastelmarechal\/","article_modified_time":"2024-07-27T06:13:27+00:00","og_image":[{"width":2000,"height":2000,"url":"https:\/\/chastel-marechal.com\/wp-content\/uploads\/2021\/02\/livre-9_1-copie.jpg","type":"image\/jpeg"}],"twitter_card":"summary_large_image","twitter_site":"@chastelmarechal","schema":{"@context":"https:\/\/schema.org","@graph":[{"@type":"WebPage","@id":"https:\/\/chastel-marechal.com\/en\/produit\/jean-charles-moreux\/","url":"https:\/\/chastel-marechal.com\/en\/produit\/jean-charles-moreux\/","name":"Jean-Charles Moreux - Galerie Chastel Mar\u00e9chal","isPartOf":{"@id":"https:\/\/chastel-marechal.com\/en\/#website"},"primaryImageOfPage":{"@id":"https:\/\/chastel-marechal.com\/en\/produit\/jean-charles-moreux\/#primaryimage"},"image":{"@id":"https:\/\/chastel-marechal.com\/en\/produit\/jean-charles-moreux\/#primaryimage"},"thumbnailUrl":"https:\/\/chastel-marechal.com\/wp-content\/uploads\/2021\/02\/livre-9_1-copie.jpg","datePublished":"2021-02-06T15:10:13+00:00","dateModified":"2024-07-27T06:13:27+00:00","breadcrumb":{"@id":"https:\/\/chastel-marechal.com\/en\/produit\/jean-charles-moreux\/#breadcrumb"},"inLanguage":"en-US","potentialAction":[{"@type":"ReadAction","target":["https:\/\/chastel-marechal.com\/en\/produit\/jean-charles-moreux\/"]}]},{"@type":"ImageObject","inLanguage":"en-US","@id":"https:\/\/chastel-marechal.com\/en\/produit\/jean-charles-moreux\/#primaryimage","url":"https:\/\/chastel-marechal.com\/wp-content\/uploads\/2021\/02\/livre-9_1-copie.jpg","contentUrl":"https:\/\/chastel-marechal.com\/wp-content\/uploads\/2021\/02\/livre-9_1-copie.jpg","width":2000,"height":2000},{"@type":"BreadcrumbList","@id":"https:\/\/chastel-marechal.com\/en\/produit\/jean-charles-moreux\/#breadcrumb","itemListElement":[{"@type":"ListItem","position":1,"name":"Accueil","item":"https:\/\/chastel-marechal.com\/en\/"},{"@type":"ListItem","position":2,"name":"E-shop","item":"https:\/\/chastel-marechal.com\/en\/e-shop\/"},{"@type":"ListItem","position":3,"name":"Jean-Charles Moreux"}]},{"@type":"WebSite","@id":"https:\/\/chastel-marechal.com\/en\/#website","url":"https:\/\/chastel-marechal.com\/en\/","name":"Galerie Chastel Mar\u00e9chal","description":"Arts d\u00e9coratifs du XX\u00e8me si\u00e8cle","publisher":{"@id":"https:\/\/chastel-marechal.com\/en\/#organization"},"potentialAction":[{"@type":"SearchAction","target":{"@type":"EntryPoint","urlTemplate":"https:\/\/chastel-marechal.com\/en\/?s={search_term_string}"},"query-input":{"@type":"PropertyValueSpecification","valueRequired":true,"valueName":"search_term_string"}}],"inLanguage":"en-US"},{"@type":"Organization","@id":"https:\/\/chastel-marechal.com\/en\/#organization","name":"Galerie Chastel Mar\u00e9chal","url":"https:\/\/chastel-marechal.com\/en\/","logo":{"@type":"ImageObject","inLanguage":"en-US","@id":"https:\/\/chastel-marechal.com\/en\/#\/schema\/logo\/image\/","url":"https:\/\/www.chastel-marechal.com\/wp-content\/uploads\/2016\/08\/galerie-chastel-marechal-logo.png","contentUrl":"https:\/\/www.chastel-marechal.com\/wp-content\/uploads\/2016\/08\/galerie-chastel-marechal-logo.png","width":800,"height":103,"caption":"Galerie Chastel Mar\u00e9chal"},"image":{"@id":"https:\/\/chastel-marechal.com\/en\/#\/schema\/logo\/image\/"},"sameAs":["https:\/\/www.facebook.com\/galerie.chastelmarechal\/","https:\/\/x.com\/chastelmarechal","https:\/\/www.instagram.com\/galeriechastelmarechal\/","https:\/\/fr.pinterest.com\/galerieCM\/"]}]}},"acf":[],"_links":{"self":[{"href":"https:\/\/chastel-marechal.com\/en\/wp-json\/wp\/v2\/product\/16688","targetHints":{"allow":["GET"]}}],"collection":[{"href":"https:\/\/chastel-marechal.com\/en\/wp-json\/wp\/v2\/product"}],"about":[{"href":"https:\/\/chastel-marechal.com\/en\/wp-json\/wp\/v2\/types\/product"}],"wp:featuredmedia":[{"embeddable":true,"href":"https:\/\/chastel-marechal.com\/en\/wp-json\/wp\/v2\/media\/16683"}],"wp:attachment":[{"href":"https:\/\/chastel-marechal.com\/en\/wp-json\/wp\/v2\/media?parent=16688"}],"wp:term":[{"taxonomy":"product_brand","embeddable":true,"href":"https:\/\/chastel-marechal.com\/en\/wp-json\/wp\/v2\/product_brand?post=16688"},{"taxonomy":"product_cat","embeddable":true,"href":"https:\/\/chastel-marechal.com\/en\/wp-json\/wp\/v2\/product_cat?post=16688"},{"taxonomy":"product_tag","embeddable":true,"href":"https:\/\/chastel-marechal.com\/en\/wp-json\/wp\/v2\/product_tag?post=16688"}],"curies":[{"name":"wp","href":"https:\/\/api.w.org\/{rel}","templated":true}]}}