{"id":16714,"date":"2021-02-06T17:18:21","date_gmt":"2021-02-06T16:18:21","guid":{"rendered":"https:\/\/chastel-marechal.com\/produit\/lattrape-reve-joy-de-rohan-chabot\/"},"modified":"2021-04-15T21:54:07","modified_gmt":"2021-04-15T19:54:07","slug":"lattrape-reve-joy-de-rohan-chabot","status":"publish","type":"product","link":"https:\/\/chastel-marechal.com\/en\/produit\/lattrape-reve-joy-de-rohan-chabot\/","title":{"rendered":"L&#8217;Attrape-R\u00eave, Joy de Rohan Chabot"},"content":{"rendered":"<p>&#8220;Joy&#8217;s poetry<\/p>\n<p>Joy de Rohan Chabot&#8217;s world is full of poetry. A true artist-artisan, Joy de Rohan Chabot&#8217;s creation of extraordinary usable sculptures has assured her place in the history of decorative arts. Nature, a boundless source of inspiration, becomes magical in her hands. A root, piece of bark or leaf give rise to pieces as powerful as they are delicate. (&#8230;)&#8221;<\/p>\n","protected":false},"excerpt":{"rendered":"<p>Catalog of the exhibition &#8220;L&#8217;Attrape-R\u00eave&#8221;, by Joy de Rohan Chabot, which was held at the gallery Chastel-Mar\u00e9chal from November 22, 2019 to January 21, 2020.<\/p>\n","protected":false},"featured_media":16709,"template":"","meta":{"_et_pb_use_builder":"on","_et_pb_old_content":"","_et_gb_content_width":""},"product_brand":[],"product_cat":[2624,2622],"product_tag":[],"class_list":{"0":"post-16714","1":"product","2":"type-product","3":"status-publish","4":"has-post-thumbnail","6":"product_cat-new-books","7":"product_cat-works-books","9":"first","10":"instock","11":"taxable","12":"shipping-taxable","13":"purchasable","14":"product-type-simple"},"yoast_head":"<!-- This site is optimized with the Yoast SEO plugin v25.1 - https:\/\/yoast.com\/wordpress\/plugins\/seo\/ -->\n<title>L&#039;Attrape-R\u00eave, Joy de Rohan Chabot - Galerie Chastel Mar\u00e9chal<\/title>\n<meta name=\"robots\" content=\"index, follow, max-snippet:-1, max-image-preview:large, max-video-preview:-1\" \/>\n<link rel=\"canonical\" href=\"https:\/\/chastel-marechal.com\/en\/produit\/lattrape-reve-joy-de-rohan-chabot\/\" \/>\n<meta property=\"og:locale\" content=\"en_US\" \/>\n<meta property=\"og:type\" content=\"article\" \/>\n<meta property=\"og:title\" content=\"L&#039;Attrape-R\u00eave, Joy de Rohan Chabot - Galerie Chastel Mar\u00e9chal\" \/>\n<meta property=\"og:description\" content=\"Catalog of the exhibition &quot;L&#039;Attrape-R\u00eave&quot;, by Joy de Rohan Chabot, which was held at the gallery Chastel-Mar\u00e9chal from November 22, 2019 to January 21, 2020.\" \/>\n<meta property=\"og:url\" content=\"https:\/\/chastel-marechal.com\/en\/produit\/lattrape-reve-joy-de-rohan-chabot\/\" \/>\n<meta property=\"og:site_name\" content=\"Galerie Chastel Mar\u00e9chal\" \/>\n<meta property=\"article:publisher\" content=\"https:\/\/www.facebook.com\/galerie.chastelmarechal\/\" \/>\n<meta property=\"article:modified_time\" content=\"2021-04-15T19:54:07+00:00\" \/>\n<meta property=\"og:image\" content=\"https:\/\/chastel-marechal.com\/wp-content\/uploads\/2021\/02\/livre-3_2.jpg\" \/>\n\t<meta property=\"og:image:width\" content=\"2000\" \/>\n\t<meta property=\"og:image:height\" content=\"2000\" \/>\n\t<meta property=\"og:image:type\" content=\"image\/jpeg\" \/>\n<meta name=\"twitter:card\" content=\"summary_large_image\" \/>\n<meta name=\"twitter:site\" content=\"@chastelmarechal\" \/>\n<script type=\"application\/ld+json\" class=\"yoast-schema-graph\">{\"@context\":\"https:\/\/schema.org\",\"@graph\":[{\"@type\":\"WebPage\",\"@id\":\"https:\/\/chastel-marechal.com\/en\/produit\/lattrape-reve-joy-de-rohan-chabot\/\",\"url\":\"https:\/\/chastel-marechal.com\/en\/produit\/lattrape-reve-joy-de-rohan-chabot\/\",\"name\":\"L'Attrape-R\u00eave, Joy de Rohan Chabot - Galerie Chastel Mar\u00e9chal\",\"isPartOf\":{\"@id\":\"https:\/\/chastel-marechal.com\/en\/#website\"},\"primaryImageOfPage\":{\"@id\":\"https:\/\/chastel-marechal.com\/en\/produit\/lattrape-reve-joy-de-rohan-chabot\/#primaryimage\"},\"image\":{\"@id\":\"https:\/\/chastel-marechal.com\/en\/produit\/lattrape-reve-joy-de-rohan-chabot\/#primaryimage\"},\"thumbnailUrl\":\"https:\/\/chastel-marechal.com\/wp-content\/uploads\/2021\/02\/livre-3_2.jpg\",\"datePublished\":\"2021-02-06T16:18:21+00:00\",\"dateModified\":\"2021-04-15T19:54:07+00:00\",\"breadcrumb\":{\"@id\":\"https:\/\/chastel-marechal.com\/en\/produit\/lattrape-reve-joy-de-rohan-chabot\/#breadcrumb\"},\"inLanguage\":\"en-US\",\"potentialAction\":[{\"@type\":\"ReadAction\",\"target\":[\"https:\/\/chastel-marechal.com\/en\/produit\/lattrape-reve-joy-de-rohan-chabot\/\"]}]},{\"@type\":\"ImageObject\",\"inLanguage\":\"en-US\",\"@id\":\"https:\/\/chastel-marechal.com\/en\/produit\/lattrape-reve-joy-de-rohan-chabot\/#primaryimage\",\"url\":\"https:\/\/chastel-marechal.com\/wp-content\/uploads\/2021\/02\/livre-3_2.jpg\",\"contentUrl\":\"https:\/\/chastel-marechal.com\/wp-content\/uploads\/2021\/02\/livre-3_2.jpg\",\"width\":2000,\"height\":2000},{\"@type\":\"BreadcrumbList\",\"@id\":\"https:\/\/chastel-marechal.com\/en\/produit\/lattrape-reve-joy-de-rohan-chabot\/#breadcrumb\",\"itemListElement\":[{\"@type\":\"ListItem\",\"position\":1,\"name\":\"Accueil\",\"item\":\"https:\/\/chastel-marechal.com\/en\/\"},{\"@type\":\"ListItem\",\"position\":2,\"name\":\"E-shop\",\"item\":\"https:\/\/chastel-marechal.com\/en\/e-shop\/\"},{\"@type\":\"ListItem\",\"position\":3,\"name\":\"L&#8217;Attrape-R\u00eave, Joy de Rohan Chabot\"}]},{\"@type\":\"WebSite\",\"@id\":\"https:\/\/chastel-marechal.com\/en\/#website\",\"url\":\"https:\/\/chastel-marechal.com\/en\/\",\"name\":\"Galerie Chastel Mar\u00e9chal\",\"description\":\"Arts d\u00e9coratifs du XX\u00e8me si\u00e8cle\",\"publisher\":{\"@id\":\"https:\/\/chastel-marechal.com\/en\/#organization\"},\"potentialAction\":[{\"@type\":\"SearchAction\",\"target\":{\"@type\":\"EntryPoint\",\"urlTemplate\":\"https:\/\/chastel-marechal.com\/en\/?s={search_term_string}\"},\"query-input\":{\"@type\":\"PropertyValueSpecification\",\"valueRequired\":true,\"valueName\":\"search_term_string\"}}],\"inLanguage\":\"en-US\"},{\"@type\":\"Organization\",\"@id\":\"https:\/\/chastel-marechal.com\/en\/#organization\",\"name\":\"Galerie Chastel Mar\u00e9chal\",\"url\":\"https:\/\/chastel-marechal.com\/en\/\",\"logo\":{\"@type\":\"ImageObject\",\"inLanguage\":\"en-US\",\"@id\":\"https:\/\/chastel-marechal.com\/en\/#\/schema\/logo\/image\/\",\"url\":\"https:\/\/www.chastel-marechal.com\/wp-content\/uploads\/2016\/08\/galerie-chastel-marechal-logo.png\",\"contentUrl\":\"https:\/\/www.chastel-marechal.com\/wp-content\/uploads\/2016\/08\/galerie-chastel-marechal-logo.png\",\"width\":800,\"height\":103,\"caption\":\"Galerie Chastel Mar\u00e9chal\"},\"image\":{\"@id\":\"https:\/\/chastel-marechal.com\/en\/#\/schema\/logo\/image\/\"},\"sameAs\":[\"https:\/\/www.facebook.com\/galerie.chastelmarechal\/\",\"https:\/\/x.com\/chastelmarechal\",\"https:\/\/www.instagram.com\/galeriechastelmarechal\/\",\"https:\/\/fr.pinterest.com\/galerieCM\/\"]}]}<\/script>\n<!-- \/ Yoast SEO plugin. -->","yoast_head_json":{"title":"L'Attrape-R\u00eave, Joy de Rohan Chabot - Galerie Chastel Mar\u00e9chal","robots":{"index":"index","follow":"follow","max-snippet":"max-snippet:-1","max-image-preview":"max-image-preview:large","max-video-preview":"max-video-preview:-1"},"canonical":"https:\/\/chastel-marechal.com\/en\/produit\/lattrape-reve-joy-de-rohan-chabot\/","og_locale":"en_US","og_type":"article","og_title":"L'Attrape-R\u00eave, Joy de Rohan Chabot - Galerie Chastel Mar\u00e9chal","og_description":"Catalog of the exhibition \"L'Attrape-R\u00eave\", by Joy de Rohan Chabot, which was held at the gallery Chastel-Mar\u00e9chal from November 22, 2019 to January 21, 2020.","og_url":"https:\/\/chastel-marechal.com\/en\/produit\/lattrape-reve-joy-de-rohan-chabot\/","og_site_name":"Galerie Chastel Mar\u00e9chal","article_publisher":"https:\/\/www.facebook.com\/galerie.chastelmarechal\/","article_modified_time":"2021-04-15T19:54:07+00:00","og_image":[{"width":2000,"height":2000,"url":"https:\/\/chastel-marechal.com\/wp-content\/uploads\/2021\/02\/livre-3_2.jpg","type":"image\/jpeg"}],"twitter_card":"summary_large_image","twitter_site":"@chastelmarechal","schema":{"@context":"https:\/\/schema.org","@graph":[{"@type":"WebPage","@id":"https:\/\/chastel-marechal.com\/en\/produit\/lattrape-reve-joy-de-rohan-chabot\/","url":"https:\/\/chastel-marechal.com\/en\/produit\/lattrape-reve-joy-de-rohan-chabot\/","name":"L'Attrape-R\u00eave, Joy de Rohan Chabot - Galerie Chastel Mar\u00e9chal","isPartOf":{"@id":"https:\/\/chastel-marechal.com\/en\/#website"},"primaryImageOfPage":{"@id":"https:\/\/chastel-marechal.com\/en\/produit\/lattrape-reve-joy-de-rohan-chabot\/#primaryimage"},"image":{"@id":"https:\/\/chastel-marechal.com\/en\/produit\/lattrape-reve-joy-de-rohan-chabot\/#primaryimage"},"thumbnailUrl":"https:\/\/chastel-marechal.com\/wp-content\/uploads\/2021\/02\/livre-3_2.jpg","datePublished":"2021-02-06T16:18:21+00:00","dateModified":"2021-04-15T19:54:07+00:00","breadcrumb":{"@id":"https:\/\/chastel-marechal.com\/en\/produit\/lattrape-reve-joy-de-rohan-chabot\/#breadcrumb"},"inLanguage":"en-US","potentialAction":[{"@type":"ReadAction","target":["https:\/\/chastel-marechal.com\/en\/produit\/lattrape-reve-joy-de-rohan-chabot\/"]}]},{"@type":"ImageObject","inLanguage":"en-US","@id":"https:\/\/chastel-marechal.com\/en\/produit\/lattrape-reve-joy-de-rohan-chabot\/#primaryimage","url":"https:\/\/chastel-marechal.com\/wp-content\/uploads\/2021\/02\/livre-3_2.jpg","contentUrl":"https:\/\/chastel-marechal.com\/wp-content\/uploads\/2021\/02\/livre-3_2.jpg","width":2000,"height":2000},{"@type":"BreadcrumbList","@id":"https:\/\/chastel-marechal.com\/en\/produit\/lattrape-reve-joy-de-rohan-chabot\/#breadcrumb","itemListElement":[{"@type":"ListItem","position":1,"name":"Accueil","item":"https:\/\/chastel-marechal.com\/en\/"},{"@type":"ListItem","position":2,"name":"E-shop","item":"https:\/\/chastel-marechal.com\/en\/e-shop\/"},{"@type":"ListItem","position":3,"name":"L&#8217;Attrape-R\u00eave, Joy de Rohan Chabot"}]},{"@type":"WebSite","@id":"https:\/\/chastel-marechal.com\/en\/#website","url":"https:\/\/chastel-marechal.com\/en\/","name":"Galerie Chastel Mar\u00e9chal","description":"Arts d\u00e9coratifs du XX\u00e8me si\u00e8cle","publisher":{"@id":"https:\/\/chastel-marechal.com\/en\/#organization"},"potentialAction":[{"@type":"SearchAction","target":{"@type":"EntryPoint","urlTemplate":"https:\/\/chastel-marechal.com\/en\/?s={search_term_string}"},"query-input":{"@type":"PropertyValueSpecification","valueRequired":true,"valueName":"search_term_string"}}],"inLanguage":"en-US"},{"@type":"Organization","@id":"https:\/\/chastel-marechal.com\/en\/#organization","name":"Galerie Chastel Mar\u00e9chal","url":"https:\/\/chastel-marechal.com\/en\/","logo":{"@type":"ImageObject","inLanguage":"en-US","@id":"https:\/\/chastel-marechal.com\/en\/#\/schema\/logo\/image\/","url":"https:\/\/www.chastel-marechal.com\/wp-content\/uploads\/2016\/08\/galerie-chastel-marechal-logo.png","contentUrl":"https:\/\/www.chastel-marechal.com\/wp-content\/uploads\/2016\/08\/galerie-chastel-marechal-logo.png","width":800,"height":103,"caption":"Galerie Chastel Mar\u00e9chal"},"image":{"@id":"https:\/\/chastel-marechal.com\/en\/#\/schema\/logo\/image\/"},"sameAs":["https:\/\/www.facebook.com\/galerie.chastelmarechal\/","https:\/\/x.com\/chastelmarechal","https:\/\/www.instagram.com\/galeriechastelmarechal\/","https:\/\/fr.pinterest.com\/galerieCM\/"]}]}},"acf":[],"_links":{"self":[{"href":"https:\/\/chastel-marechal.com\/en\/wp-json\/wp\/v2\/product\/16714","targetHints":{"allow":["GET"]}}],"collection":[{"href":"https:\/\/chastel-marechal.com\/en\/wp-json\/wp\/v2\/product"}],"about":[{"href":"https:\/\/chastel-marechal.com\/en\/wp-json\/wp\/v2\/types\/product"}],"wp:featuredmedia":[{"embeddable":true,"href":"https:\/\/chastel-marechal.com\/en\/wp-json\/wp\/v2\/media\/16709"}],"wp:attachment":[{"href":"https:\/\/chastel-marechal.com\/en\/wp-json\/wp\/v2\/media?parent=16714"}],"wp:term":[{"taxonomy":"product_brand","embeddable":true,"href":"https:\/\/chastel-marechal.com\/en\/wp-json\/wp\/v2\/product_brand?post=16714"},{"taxonomy":"product_cat","embeddable":true,"href":"https:\/\/chastel-marechal.com\/en\/wp-json\/wp\/v2\/product_cat?post=16714"},{"taxonomy":"product_tag","embeddable":true,"href":"https:\/\/chastel-marechal.com\/en\/wp-json\/wp\/v2\/product_tag?post=16714"}],"curies":[{"name":"wp","href":"https:\/\/api.w.org\/{rel}","templated":true}]}}