{"id":18109,"date":"2021-06-18T14:24:47","date_gmt":"2021-06-18T12:24:47","guid":{"rendered":"https:\/\/chastel-marechal.com\/?post_type=product&#038;p=18109"},"modified":"2021-09-06T14:48:10","modified_gmt":"2021-09-06T12:48:10","slug":"les-grenouilles-double-brooch-circa-1950","status":"publish","type":"product","link":"https:\/\/chastel-marechal.com\/en\/produit\/les-grenouilles-double-brooch-circa-1950\/","title":{"rendered":"\u00abLes Grenouilles\u00bb chatelaine brooch, circa 1950"},"content":{"rendered":"<p>Unclassifiable artist, Line Vautrin (1913-1997) was named \u201cThe poetess of metal\u201d by Vogue magazine in 1948.<br \/>\nThis French artist expressed her desire for freedom through her works and stood out thanks to her original style which broke with the artistic conventions of the post-war period.<br \/>\nA look back at this major artist of the 20th French decorative arts with a selection of boxes, powder boxes, bronze or talosel jewellery\u2026<\/p>\n","protected":false},"excerpt":{"rendered":"<p>Chatelaine gilt-bronze brooch decorated with four batracians, two on a water lily leaf.<br \/>\nStamped \u00ab Line Vautrin \u00bb on the back.<\/p>\n<p>Provenance : Private collection, France.<\/p>\n<p>Literature:<br \/>\n&#8211; &#8216;Line Vautrin, Bijoux et Objets&#8217;, Line Vautrin et Patrick Mauri\u00e8s, \u00e9d. Thames &amp; Hudson, Paris, 1992, p.96.<\/p>\n","protected":false},"featured_media":18100,"template":"","meta":{"_et_pb_use_builder":"on","_et_pb_old_content":"","_et_gb_content_width":""},"product_brand":[],"product_cat":[2625],"product_tag":[2962,2961],"class_list":{"0":"post-18109","1":"product","2":"type-product","3":"status-publish","4":"has-post-thumbnail","6":"product_cat-items","7":"product_tag-the-gallery-chastel-marechal-buys-and-sells-line-vautrin-pieces-and-mirrors","8":"product_tag-the-gallery-chastel-marechal-is-specialized-in-line-vautrin-pieces-since-1994-en","10":"first","11":"instock","12":"purchasable","13":"product-type-simple"},"yoast_head":"<!-- This site is optimized with the Yoast SEO plugin v25.1 - https:\/\/yoast.com\/wordpress\/plugins\/seo\/ -->\n<title>\u00abLes Grenouilles\u00bb chatelaine brooch, circa 1950 - Galerie Chastel Mar\u00e9chal<\/title>\n<meta name=\"robots\" content=\"index, follow, max-snippet:-1, max-image-preview:large, max-video-preview:-1\" \/>\n<link rel=\"canonical\" href=\"https:\/\/chastel-marechal.com\/en\/produit\/les-grenouilles-double-brooch-circa-1950\/\" \/>\n<meta property=\"og:locale\" content=\"en_US\" \/>\n<meta property=\"og:type\" content=\"article\" \/>\n<meta property=\"og:title\" content=\"\u00abLes Grenouilles\u00bb chatelaine brooch, circa 1950 - Galerie Chastel Mar\u00e9chal\" \/>\n<meta property=\"og:description\" content=\"Chatelaine gilt-bronze brooch decorated with four batracians, two on a water lily leaf. Stamped \u00ab Line Vautrin \u00bb on the back.  Provenance : Private collection, France.  Literature: - &#039;Line Vautrin, Bijoux et Objets&#039;, Line Vautrin et Patrick Mauri\u00e8s, \u00e9d. Thames &amp; Hudson, Paris, 1992, p.96.\" \/>\n<meta property=\"og:url\" content=\"https:\/\/chastel-marechal.com\/en\/produit\/les-grenouilles-double-brooch-circa-1950\/\" \/>\n<meta property=\"og:site_name\" content=\"Galerie Chastel Mar\u00e9chal\" \/>\n<meta property=\"article:publisher\" content=\"https:\/\/www.facebook.com\/galerie.chastelmarechal\/\" \/>\n<meta property=\"article:modified_time\" content=\"2021-09-06T12:48:10+00:00\" \/>\n<meta property=\"og:image\" content=\"https:\/\/chastel-marechal.com\/wp-content\/uploads\/2021\/06\/vautrin_double-broche-grenouilles2.jpg\" \/>\n\t<meta property=\"og:image:width\" content=\"1200\" \/>\n\t<meta property=\"og:image:height\" content=\"1200\" \/>\n\t<meta property=\"og:image:type\" content=\"image\/jpeg\" \/>\n<meta name=\"twitter:card\" content=\"summary_large_image\" \/>\n<meta name=\"twitter:site\" content=\"@chastelmarechal\" \/>\n<script type=\"application\/ld+json\" class=\"yoast-schema-graph\">{\"@context\":\"https:\/\/schema.org\",\"@graph\":[{\"@type\":\"WebPage\",\"@id\":\"https:\/\/chastel-marechal.com\/en\/produit\/les-grenouilles-double-brooch-circa-1950\/\",\"url\":\"https:\/\/chastel-marechal.com\/en\/produit\/les-grenouilles-double-brooch-circa-1950\/\",\"name\":\"\u00abLes Grenouilles\u00bb chatelaine brooch, circa 1950 - Galerie Chastel Mar\u00e9chal\",\"isPartOf\":{\"@id\":\"https:\/\/chastel-marechal.com\/en\/#website\"},\"primaryImageOfPage\":{\"@id\":\"https:\/\/chastel-marechal.com\/en\/produit\/les-grenouilles-double-brooch-circa-1950\/#primaryimage\"},\"image\":{\"@id\":\"https:\/\/chastel-marechal.com\/en\/produit\/les-grenouilles-double-brooch-circa-1950\/#primaryimage\"},\"thumbnailUrl\":\"https:\/\/chastel-marechal.com\/wp-content\/uploads\/2021\/06\/vautrin_double-broche-grenouilles2.jpg\",\"datePublished\":\"2021-06-18T12:24:47+00:00\",\"dateModified\":\"2021-09-06T12:48:10+00:00\",\"breadcrumb\":{\"@id\":\"https:\/\/chastel-marechal.com\/en\/produit\/les-grenouilles-double-brooch-circa-1950\/#breadcrumb\"},\"inLanguage\":\"en-US\",\"potentialAction\":[{\"@type\":\"ReadAction\",\"target\":[\"https:\/\/chastel-marechal.com\/en\/produit\/les-grenouilles-double-brooch-circa-1950\/\"]}]},{\"@type\":\"ImageObject\",\"inLanguage\":\"en-US\",\"@id\":\"https:\/\/chastel-marechal.com\/en\/produit\/les-grenouilles-double-brooch-circa-1950\/#primaryimage\",\"url\":\"https:\/\/chastel-marechal.com\/wp-content\/uploads\/2021\/06\/vautrin_double-broche-grenouilles2.jpg\",\"contentUrl\":\"https:\/\/chastel-marechal.com\/wp-content\/uploads\/2021\/06\/vautrin_double-broche-grenouilles2.jpg\",\"width\":1200,\"height\":1200},{\"@type\":\"BreadcrumbList\",\"@id\":\"https:\/\/chastel-marechal.com\/en\/produit\/les-grenouilles-double-brooch-circa-1950\/#breadcrumb\",\"itemListElement\":[{\"@type\":\"ListItem\",\"position\":1,\"name\":\"Accueil\",\"item\":\"https:\/\/chastel-marechal.com\/en\/\"},{\"@type\":\"ListItem\",\"position\":2,\"name\":\"E-shop\",\"item\":\"https:\/\/chastel-marechal.com\/en\/e-shop\/\"},{\"@type\":\"ListItem\",\"position\":3,\"name\":\"\u00abLes Grenouilles\u00bb chatelaine brooch, circa 1950\"}]},{\"@type\":\"WebSite\",\"@id\":\"https:\/\/chastel-marechal.com\/en\/#website\",\"url\":\"https:\/\/chastel-marechal.com\/en\/\",\"name\":\"Galerie Chastel Mar\u00e9chal\",\"description\":\"Arts d\u00e9coratifs du XX\u00e8me si\u00e8cle\",\"publisher\":{\"@id\":\"https:\/\/chastel-marechal.com\/en\/#organization\"},\"potentialAction\":[{\"@type\":\"SearchAction\",\"target\":{\"@type\":\"EntryPoint\",\"urlTemplate\":\"https:\/\/chastel-marechal.com\/en\/?s={search_term_string}\"},\"query-input\":{\"@type\":\"PropertyValueSpecification\",\"valueRequired\":true,\"valueName\":\"search_term_string\"}}],\"inLanguage\":\"en-US\"},{\"@type\":\"Organization\",\"@id\":\"https:\/\/chastel-marechal.com\/en\/#organization\",\"name\":\"Galerie Chastel Mar\u00e9chal\",\"url\":\"https:\/\/chastel-marechal.com\/en\/\",\"logo\":{\"@type\":\"ImageObject\",\"inLanguage\":\"en-US\",\"@id\":\"https:\/\/chastel-marechal.com\/en\/#\/schema\/logo\/image\/\",\"url\":\"https:\/\/www.chastel-marechal.com\/wp-content\/uploads\/2016\/08\/galerie-chastel-marechal-logo.png\",\"contentUrl\":\"https:\/\/www.chastel-marechal.com\/wp-content\/uploads\/2016\/08\/galerie-chastel-marechal-logo.png\",\"width\":800,\"height\":103,\"caption\":\"Galerie Chastel Mar\u00e9chal\"},\"image\":{\"@id\":\"https:\/\/chastel-marechal.com\/en\/#\/schema\/logo\/image\/\"},\"sameAs\":[\"https:\/\/www.facebook.com\/galerie.chastelmarechal\/\",\"https:\/\/x.com\/chastelmarechal\",\"https:\/\/www.instagram.com\/galeriechastelmarechal\/\",\"https:\/\/fr.pinterest.com\/galerieCM\/\"]}]}<\/script>\n<!-- \/ Yoast SEO plugin. -->","yoast_head_json":{"title":"\u00abLes Grenouilles\u00bb chatelaine brooch, circa 1950 - Galerie Chastel Mar\u00e9chal","robots":{"index":"index","follow":"follow","max-snippet":"max-snippet:-1","max-image-preview":"max-image-preview:large","max-video-preview":"max-video-preview:-1"},"canonical":"https:\/\/chastel-marechal.com\/en\/produit\/les-grenouilles-double-brooch-circa-1950\/","og_locale":"en_US","og_type":"article","og_title":"\u00abLes Grenouilles\u00bb chatelaine brooch, circa 1950 - Galerie Chastel Mar\u00e9chal","og_description":"Chatelaine gilt-bronze brooch decorated with four batracians, two on a water lily leaf. Stamped \u00ab Line Vautrin \u00bb on the back.  Provenance : Private collection, France.  Literature: - 'Line Vautrin, Bijoux et Objets', Line Vautrin et Patrick Mauri\u00e8s, \u00e9d. Thames &amp; Hudson, Paris, 1992, p.96.","og_url":"https:\/\/chastel-marechal.com\/en\/produit\/les-grenouilles-double-brooch-circa-1950\/","og_site_name":"Galerie Chastel Mar\u00e9chal","article_publisher":"https:\/\/www.facebook.com\/galerie.chastelmarechal\/","article_modified_time":"2021-09-06T12:48:10+00:00","og_image":[{"width":1200,"height":1200,"url":"https:\/\/chastel-marechal.com\/wp-content\/uploads\/2021\/06\/vautrin_double-broche-grenouilles2.jpg","type":"image\/jpeg"}],"twitter_card":"summary_large_image","twitter_site":"@chastelmarechal","schema":{"@context":"https:\/\/schema.org","@graph":[{"@type":"WebPage","@id":"https:\/\/chastel-marechal.com\/en\/produit\/les-grenouilles-double-brooch-circa-1950\/","url":"https:\/\/chastel-marechal.com\/en\/produit\/les-grenouilles-double-brooch-circa-1950\/","name":"\u00abLes Grenouilles\u00bb chatelaine brooch, circa 1950 - Galerie Chastel Mar\u00e9chal","isPartOf":{"@id":"https:\/\/chastel-marechal.com\/en\/#website"},"primaryImageOfPage":{"@id":"https:\/\/chastel-marechal.com\/en\/produit\/les-grenouilles-double-brooch-circa-1950\/#primaryimage"},"image":{"@id":"https:\/\/chastel-marechal.com\/en\/produit\/les-grenouilles-double-brooch-circa-1950\/#primaryimage"},"thumbnailUrl":"https:\/\/chastel-marechal.com\/wp-content\/uploads\/2021\/06\/vautrin_double-broche-grenouilles2.jpg","datePublished":"2021-06-18T12:24:47+00:00","dateModified":"2021-09-06T12:48:10+00:00","breadcrumb":{"@id":"https:\/\/chastel-marechal.com\/en\/produit\/les-grenouilles-double-brooch-circa-1950\/#breadcrumb"},"inLanguage":"en-US","potentialAction":[{"@type":"ReadAction","target":["https:\/\/chastel-marechal.com\/en\/produit\/les-grenouilles-double-brooch-circa-1950\/"]}]},{"@type":"ImageObject","inLanguage":"en-US","@id":"https:\/\/chastel-marechal.com\/en\/produit\/les-grenouilles-double-brooch-circa-1950\/#primaryimage","url":"https:\/\/chastel-marechal.com\/wp-content\/uploads\/2021\/06\/vautrin_double-broche-grenouilles2.jpg","contentUrl":"https:\/\/chastel-marechal.com\/wp-content\/uploads\/2021\/06\/vautrin_double-broche-grenouilles2.jpg","width":1200,"height":1200},{"@type":"BreadcrumbList","@id":"https:\/\/chastel-marechal.com\/en\/produit\/les-grenouilles-double-brooch-circa-1950\/#breadcrumb","itemListElement":[{"@type":"ListItem","position":1,"name":"Accueil","item":"https:\/\/chastel-marechal.com\/en\/"},{"@type":"ListItem","position":2,"name":"E-shop","item":"https:\/\/chastel-marechal.com\/en\/e-shop\/"},{"@type":"ListItem","position":3,"name":"\u00abLes Grenouilles\u00bb chatelaine brooch, circa 1950"}]},{"@type":"WebSite","@id":"https:\/\/chastel-marechal.com\/en\/#website","url":"https:\/\/chastel-marechal.com\/en\/","name":"Galerie Chastel Mar\u00e9chal","description":"Arts d\u00e9coratifs du XX\u00e8me si\u00e8cle","publisher":{"@id":"https:\/\/chastel-marechal.com\/en\/#organization"},"potentialAction":[{"@type":"SearchAction","target":{"@type":"EntryPoint","urlTemplate":"https:\/\/chastel-marechal.com\/en\/?s={search_term_string}"},"query-input":{"@type":"PropertyValueSpecification","valueRequired":true,"valueName":"search_term_string"}}],"inLanguage":"en-US"},{"@type":"Organization","@id":"https:\/\/chastel-marechal.com\/en\/#organization","name":"Galerie Chastel Mar\u00e9chal","url":"https:\/\/chastel-marechal.com\/en\/","logo":{"@type":"ImageObject","inLanguage":"en-US","@id":"https:\/\/chastel-marechal.com\/en\/#\/schema\/logo\/image\/","url":"https:\/\/www.chastel-marechal.com\/wp-content\/uploads\/2016\/08\/galerie-chastel-marechal-logo.png","contentUrl":"https:\/\/www.chastel-marechal.com\/wp-content\/uploads\/2016\/08\/galerie-chastel-marechal-logo.png","width":800,"height":103,"caption":"Galerie Chastel Mar\u00e9chal"},"image":{"@id":"https:\/\/chastel-marechal.com\/en\/#\/schema\/logo\/image\/"},"sameAs":["https:\/\/www.facebook.com\/galerie.chastelmarechal\/","https:\/\/x.com\/chastelmarechal","https:\/\/www.instagram.com\/galeriechastelmarechal\/","https:\/\/fr.pinterest.com\/galerieCM\/"]}]}},"acf":[],"_links":{"self":[{"href":"https:\/\/chastel-marechal.com\/en\/wp-json\/wp\/v2\/product\/18109","targetHints":{"allow":["GET"]}}],"collection":[{"href":"https:\/\/chastel-marechal.com\/en\/wp-json\/wp\/v2\/product"}],"about":[{"href":"https:\/\/chastel-marechal.com\/en\/wp-json\/wp\/v2\/types\/product"}],"wp:featuredmedia":[{"embeddable":true,"href":"https:\/\/chastel-marechal.com\/en\/wp-json\/wp\/v2\/media\/18100"}],"wp:attachment":[{"href":"https:\/\/chastel-marechal.com\/en\/wp-json\/wp\/v2\/media?parent=18109"}],"wp:term":[{"taxonomy":"product_brand","embeddable":true,"href":"https:\/\/chastel-marechal.com\/en\/wp-json\/wp\/v2\/product_brand?post=18109"},{"taxonomy":"product_cat","embeddable":true,"href":"https:\/\/chastel-marechal.com\/en\/wp-json\/wp\/v2\/product_cat?post=18109"},{"taxonomy":"product_tag","embeddable":true,"href":"https:\/\/chastel-marechal.com\/en\/wp-json\/wp\/v2\/product_tag?post=18109"}],"curies":[{"name":"wp","href":"https:\/\/api.w.org\/{rel}","templated":true}]}}