{"id":24164,"date":"2022-09-08T16:09:43","date_gmt":"2022-09-08T14:09:43","guid":{"rendered":"https:\/\/chastel-marechal.com\/?post_type=product&#038;p=24164"},"modified":"2022-09-08T16:16:49","modified_gmt":"2022-09-08T14:16:49","slug":"feeries-exhibition-catalog","status":"publish","type":"product","link":"https:\/\/chastel-marechal.com\/en\/produit\/feeries-exhibition-catalog\/","title":{"rendered":"&#8220;F\u00e9\u00e9ries&#8221; exhibition catalogue"},"content":{"rendered":"<p>[et_pb_section bb_built=&#8221;1&#8243;][et_pb_row][\/et_pb_row][\/et_pb_section]<\/p>\n","protected":false},"excerpt":{"rendered":"<p>Catalogue of the exhibition &#8220;F\u00e9\u00e9ries&#8221; from April 1st to June 4th 2022.<br \/>\nText by Patrick Mauri\u00e8s<\/p>\n<p>Pieces by : Max Ingrand &#8211; Janine Janet &#8211; Syrie Maugham &#8211; Jean-Charles Moreux &#8211; Gilbert Poillerat &#8211; Serge Roche &#8211; Line Vautrin &#8211; Joy de Rohan Chabot<\/p>\n<p>After erudite exhibitions resulting in publications now considered as references, such as \u201cVerre et Miroir\u201c in 2002, \u201cLine Vautrin\u201c in 2004 and \u201cUn univers baroque\u201c in 2006, Aline Chastel reconnects with the gallery\u2019s historical milestones and presents her most enchanting vision of modernity. \u201cF\u00e9eries\u201c highlights creativity, ingenuity and spirit of an entire era that still leaves us dreaming today.<\/p>\n","protected":false},"featured_media":32328,"template":"","meta":{"_et_pb_use_builder":"off","_et_pb_old_content":"","_et_gb_content_width":""},"product_brand":[],"product_cat":[2624,2622],"product_tag":[],"class_list":{"0":"post-24164","1":"product","2":"type-product","3":"status-publish","4":"has-post-thumbnail","6":"product_cat-new-books","7":"product_cat-works-books","9":"first","10":"instock","11":"taxable","12":"shipping-taxable","13":"purchasable","14":"product-type-simple"},"yoast_head":"<!-- This site is optimized with the Yoast SEO plugin v25.1 - https:\/\/yoast.com\/wordpress\/plugins\/seo\/ -->\n<title>&quot;F\u00e9\u00e9ries&quot; exhibition catalogue - Galerie Chastel Mar\u00e9chal<\/title>\n<meta name=\"robots\" content=\"index, follow, max-snippet:-1, max-image-preview:large, max-video-preview:-1\" \/>\n<link rel=\"canonical\" href=\"https:\/\/chastel-marechal.com\/en\/produit\/feeries-exhibition-catalog\/\" \/>\n<meta property=\"og:locale\" content=\"en_US\" \/>\n<meta property=\"og:type\" content=\"article\" \/>\n<meta property=\"og:title\" content=\"&quot;F\u00e9\u00e9ries&quot; exhibition catalogue - Galerie Chastel Mar\u00e9chal\" \/>\n<meta property=\"og:description\" content=\"Catalogue of the exhibition &quot;F\u00e9\u00e9ries&quot; from April 1st to June 4th 2022. Text by Patrick Mauri\u00e8s  Pieces by : Max Ingrand - Janine Janet - Syrie Maugham - Jean-Charles Moreux - Gilbert Poillerat - Serge Roche - Line Vautrin - Joy de Rohan Chabot  After erudite exhibitions resulting in publications now considered as references, such as \u201cVerre et Miroir\u201c in 2002, \u201cLine Vautrin\u201c in 2004 and \u201cUn univers baroque\u201c in 2006, Aline Chastel reconnects with the gallery\u2019s historical milestones and presents her most enchanting vision of modernity. \u201cF\u00e9eries\u201c highlights creativity, ingenuity and spirit of an entire era that still leaves us dreaming today.\" \/>\n<meta property=\"og:url\" content=\"https:\/\/chastel-marechal.com\/en\/produit\/feeries-exhibition-catalog\/\" \/>\n<meta property=\"og:site_name\" content=\"Galerie Chastel Mar\u00e9chal\" \/>\n<meta property=\"article:publisher\" content=\"https:\/\/www.facebook.com\/galerie.chastelmarechal\/\" \/>\n<meta property=\"article:modified_time\" content=\"2022-09-08T14:16:49+00:00\" \/>\n<meta property=\"og:image\" content=\"https:\/\/chastel-marechal.com\/wp-content\/uploads\/2022\/09\/capture-decran-2022-09-08-a-155431-853x1024.png\" \/>\n\t<meta property=\"og:image:width\" content=\"853\" \/>\n\t<meta property=\"og:image:height\" content=\"1024\" \/>\n\t<meta property=\"og:image:type\" content=\"image\/png\" \/>\n<meta name=\"twitter:card\" content=\"summary_large_image\" \/>\n<meta name=\"twitter:site\" content=\"@chastelmarechal\" \/>\n<meta name=\"twitter:label1\" content=\"Est. reading time\" \/>\n\t<meta name=\"twitter:data1\" content=\"1 minute\" \/>\n<script type=\"application\/ld+json\" class=\"yoast-schema-graph\">{\"@context\":\"https:\/\/schema.org\",\"@graph\":[{\"@type\":\"WebPage\",\"@id\":\"https:\/\/chastel-marechal.com\/en\/produit\/feeries-exhibition-catalog\/\",\"url\":\"https:\/\/chastel-marechal.com\/en\/produit\/feeries-exhibition-catalog\/\",\"name\":\"\\\"F\u00e9\u00e9ries\\\" exhibition catalogue - Galerie Chastel Mar\u00e9chal\",\"isPartOf\":{\"@id\":\"https:\/\/chastel-marechal.com\/en\/#website\"},\"primaryImageOfPage\":{\"@id\":\"https:\/\/chastel-marechal.com\/en\/produit\/feeries-exhibition-catalog\/#primaryimage\"},\"image\":{\"@id\":\"https:\/\/chastel-marechal.com\/en\/produit\/feeries-exhibition-catalog\/#primaryimage\"},\"thumbnailUrl\":\"https:\/\/chastel-marechal.com\/wp-content\/uploads\/2024\/06\/livre-2-1.jpg\",\"datePublished\":\"2022-09-08T14:09:43+00:00\",\"dateModified\":\"2022-09-08T14:16:49+00:00\",\"breadcrumb\":{\"@id\":\"https:\/\/chastel-marechal.com\/en\/produit\/feeries-exhibition-catalog\/#breadcrumb\"},\"inLanguage\":\"en-US\",\"potentialAction\":[{\"@type\":\"ReadAction\",\"target\":[\"https:\/\/chastel-marechal.com\/en\/produit\/feeries-exhibition-catalog\/\"]}]},{\"@type\":\"ImageObject\",\"inLanguage\":\"en-US\",\"@id\":\"https:\/\/chastel-marechal.com\/en\/produit\/feeries-exhibition-catalog\/#primaryimage\",\"url\":\"https:\/\/chastel-marechal.com\/wp-content\/uploads\/2024\/06\/livre-2-1.jpg\",\"contentUrl\":\"https:\/\/chastel-marechal.com\/wp-content\/uploads\/2024\/06\/livre-2-1.jpg\",\"width\":2000,\"height\":2000},{\"@type\":\"BreadcrumbList\",\"@id\":\"https:\/\/chastel-marechal.com\/en\/produit\/feeries-exhibition-catalog\/#breadcrumb\",\"itemListElement\":[{\"@type\":\"ListItem\",\"position\":1,\"name\":\"Accueil\",\"item\":\"https:\/\/chastel-marechal.com\/en\/\"},{\"@type\":\"ListItem\",\"position\":2,\"name\":\"E-shop\",\"item\":\"https:\/\/chastel-marechal.com\/en\/e-shop\/\"},{\"@type\":\"ListItem\",\"position\":3,\"name\":\"&#8220;F\u00e9\u00e9ries&#8221; exhibition catalogue\"}]},{\"@type\":\"WebSite\",\"@id\":\"https:\/\/chastel-marechal.com\/en\/#website\",\"url\":\"https:\/\/chastel-marechal.com\/en\/\",\"name\":\"Galerie Chastel Mar\u00e9chal\",\"description\":\"Arts d\u00e9coratifs du XX\u00e8me si\u00e8cle\",\"publisher\":{\"@id\":\"https:\/\/chastel-marechal.com\/en\/#organization\"},\"potentialAction\":[{\"@type\":\"SearchAction\",\"target\":{\"@type\":\"EntryPoint\",\"urlTemplate\":\"https:\/\/chastel-marechal.com\/en\/?s={search_term_string}\"},\"query-input\":{\"@type\":\"PropertyValueSpecification\",\"valueRequired\":true,\"valueName\":\"search_term_string\"}}],\"inLanguage\":\"en-US\"},{\"@type\":\"Organization\",\"@id\":\"https:\/\/chastel-marechal.com\/en\/#organization\",\"name\":\"Galerie Chastel Mar\u00e9chal\",\"url\":\"https:\/\/chastel-marechal.com\/en\/\",\"logo\":{\"@type\":\"ImageObject\",\"inLanguage\":\"en-US\",\"@id\":\"https:\/\/chastel-marechal.com\/en\/#\/schema\/logo\/image\/\",\"url\":\"https:\/\/www.chastel-marechal.com\/wp-content\/uploads\/2016\/08\/galerie-chastel-marechal-logo.png\",\"contentUrl\":\"https:\/\/www.chastel-marechal.com\/wp-content\/uploads\/2016\/08\/galerie-chastel-marechal-logo.png\",\"width\":800,\"height\":103,\"caption\":\"Galerie Chastel Mar\u00e9chal\"},\"image\":{\"@id\":\"https:\/\/chastel-marechal.com\/en\/#\/schema\/logo\/image\/\"},\"sameAs\":[\"https:\/\/www.facebook.com\/galerie.chastelmarechal\/\",\"https:\/\/x.com\/chastelmarechal\",\"https:\/\/www.instagram.com\/galeriechastelmarechal\/\",\"https:\/\/fr.pinterest.com\/galerieCM\/\"]}]}<\/script>\n<!-- \/ Yoast SEO plugin. -->","yoast_head_json":{"title":"\"F\u00e9\u00e9ries\" exhibition catalogue - Galerie Chastel Mar\u00e9chal","robots":{"index":"index","follow":"follow","max-snippet":"max-snippet:-1","max-image-preview":"max-image-preview:large","max-video-preview":"max-video-preview:-1"},"canonical":"https:\/\/chastel-marechal.com\/en\/produit\/feeries-exhibition-catalog\/","og_locale":"en_US","og_type":"article","og_title":"\"F\u00e9\u00e9ries\" exhibition catalogue - Galerie Chastel Mar\u00e9chal","og_description":"Catalogue of the exhibition \"F\u00e9\u00e9ries\" from April 1st to June 4th 2022. Text by Patrick Mauri\u00e8s  Pieces by : Max Ingrand - Janine Janet - Syrie Maugham - Jean-Charles Moreux - Gilbert Poillerat - Serge Roche - Line Vautrin - Joy de Rohan Chabot  After erudite exhibitions resulting in publications now considered as references, such as \u201cVerre et Miroir\u201c in 2002, \u201cLine Vautrin\u201c in 2004 and \u201cUn univers baroque\u201c in 2006, Aline Chastel reconnects with the gallery\u2019s historical milestones and presents her most enchanting vision of modernity. \u201cF\u00e9eries\u201c highlights creativity, ingenuity and spirit of an entire era that still leaves us dreaming today.","og_url":"https:\/\/chastel-marechal.com\/en\/produit\/feeries-exhibition-catalog\/","og_site_name":"Galerie Chastel Mar\u00e9chal","article_publisher":"https:\/\/www.facebook.com\/galerie.chastelmarechal\/","article_modified_time":"2022-09-08T14:16:49+00:00","og_image":[{"width":853,"height":1024,"url":"https:\/\/chastel-marechal.com\/wp-content\/uploads\/2022\/09\/capture-decran-2022-09-08-a-155431-853x1024.png","type":"image\/png"}],"twitter_card":"summary_large_image","twitter_site":"@chastelmarechal","twitter_misc":{"Est. reading time":"1 minute"},"schema":{"@context":"https:\/\/schema.org","@graph":[{"@type":"WebPage","@id":"https:\/\/chastel-marechal.com\/en\/produit\/feeries-exhibition-catalog\/","url":"https:\/\/chastel-marechal.com\/en\/produit\/feeries-exhibition-catalog\/","name":"\"F\u00e9\u00e9ries\" exhibition catalogue - Galerie Chastel Mar\u00e9chal","isPartOf":{"@id":"https:\/\/chastel-marechal.com\/en\/#website"},"primaryImageOfPage":{"@id":"https:\/\/chastel-marechal.com\/en\/produit\/feeries-exhibition-catalog\/#primaryimage"},"image":{"@id":"https:\/\/chastel-marechal.com\/en\/produit\/feeries-exhibition-catalog\/#primaryimage"},"thumbnailUrl":"https:\/\/chastel-marechal.com\/wp-content\/uploads\/2024\/06\/livre-2-1.jpg","datePublished":"2022-09-08T14:09:43+00:00","dateModified":"2022-09-08T14:16:49+00:00","breadcrumb":{"@id":"https:\/\/chastel-marechal.com\/en\/produit\/feeries-exhibition-catalog\/#breadcrumb"},"inLanguage":"en-US","potentialAction":[{"@type":"ReadAction","target":["https:\/\/chastel-marechal.com\/en\/produit\/feeries-exhibition-catalog\/"]}]},{"@type":"ImageObject","inLanguage":"en-US","@id":"https:\/\/chastel-marechal.com\/en\/produit\/feeries-exhibition-catalog\/#primaryimage","url":"https:\/\/chastel-marechal.com\/wp-content\/uploads\/2024\/06\/livre-2-1.jpg","contentUrl":"https:\/\/chastel-marechal.com\/wp-content\/uploads\/2024\/06\/livre-2-1.jpg","width":2000,"height":2000},{"@type":"BreadcrumbList","@id":"https:\/\/chastel-marechal.com\/en\/produit\/feeries-exhibition-catalog\/#breadcrumb","itemListElement":[{"@type":"ListItem","position":1,"name":"Accueil","item":"https:\/\/chastel-marechal.com\/en\/"},{"@type":"ListItem","position":2,"name":"E-shop","item":"https:\/\/chastel-marechal.com\/en\/e-shop\/"},{"@type":"ListItem","position":3,"name":"&#8220;F\u00e9\u00e9ries&#8221; exhibition catalogue"}]},{"@type":"WebSite","@id":"https:\/\/chastel-marechal.com\/en\/#website","url":"https:\/\/chastel-marechal.com\/en\/","name":"Galerie Chastel Mar\u00e9chal","description":"Arts d\u00e9coratifs du XX\u00e8me si\u00e8cle","publisher":{"@id":"https:\/\/chastel-marechal.com\/en\/#organization"},"potentialAction":[{"@type":"SearchAction","target":{"@type":"EntryPoint","urlTemplate":"https:\/\/chastel-marechal.com\/en\/?s={search_term_string}"},"query-input":{"@type":"PropertyValueSpecification","valueRequired":true,"valueName":"search_term_string"}}],"inLanguage":"en-US"},{"@type":"Organization","@id":"https:\/\/chastel-marechal.com\/en\/#organization","name":"Galerie Chastel Mar\u00e9chal","url":"https:\/\/chastel-marechal.com\/en\/","logo":{"@type":"ImageObject","inLanguage":"en-US","@id":"https:\/\/chastel-marechal.com\/en\/#\/schema\/logo\/image\/","url":"https:\/\/www.chastel-marechal.com\/wp-content\/uploads\/2016\/08\/galerie-chastel-marechal-logo.png","contentUrl":"https:\/\/www.chastel-marechal.com\/wp-content\/uploads\/2016\/08\/galerie-chastel-marechal-logo.png","width":800,"height":103,"caption":"Galerie Chastel Mar\u00e9chal"},"image":{"@id":"https:\/\/chastel-marechal.com\/en\/#\/schema\/logo\/image\/"},"sameAs":["https:\/\/www.facebook.com\/galerie.chastelmarechal\/","https:\/\/x.com\/chastelmarechal","https:\/\/www.instagram.com\/galeriechastelmarechal\/","https:\/\/fr.pinterest.com\/galerieCM\/"]}]}},"acf":[],"_links":{"self":[{"href":"https:\/\/chastel-marechal.com\/en\/wp-json\/wp\/v2\/product\/24164","targetHints":{"allow":["GET"]}}],"collection":[{"href":"https:\/\/chastel-marechal.com\/en\/wp-json\/wp\/v2\/product"}],"about":[{"href":"https:\/\/chastel-marechal.com\/en\/wp-json\/wp\/v2\/types\/product"}],"wp:featuredmedia":[{"embeddable":true,"href":"https:\/\/chastel-marechal.com\/en\/wp-json\/wp\/v2\/media\/32328"}],"wp:attachment":[{"href":"https:\/\/chastel-marechal.com\/en\/wp-json\/wp\/v2\/media?parent=24164"}],"wp:term":[{"taxonomy":"product_brand","embeddable":true,"href":"https:\/\/chastel-marechal.com\/en\/wp-json\/wp\/v2\/product_brand?post=24164"},{"taxonomy":"product_cat","embeddable":true,"href":"https:\/\/chastel-marechal.com\/en\/wp-json\/wp\/v2\/product_cat?post=24164"},{"taxonomy":"product_tag","embeddable":true,"href":"https:\/\/chastel-marechal.com\/en\/wp-json\/wp\/v2\/product_tag?post=24164"}],"curies":[{"name":"wp","href":"https:\/\/api.w.org\/{rel}","templated":true}]}}