{"id":24921,"date":"2022-11-09T17:01:54","date_gmt":"2022-11-09T16:01:54","guid":{"rendered":"https:\/\/chastel-marechal.com\/?post_type=product&#038;p=24921"},"modified":"2023-03-18T15:28:42","modified_gmt":"2023-03-18T14:28:42","slug":"box-les-petits-cadeaux-entretiennent-lamitie-circa-1945","status":"publish","type":"product","link":"https:\/\/chastel-marechal.com\/en\/produit\/box-les-petits-cadeaux-entretiennent-lamitie-circa-1945\/","title":{"rendered":"Box &#8220;Les petits cadeaux entretiennent l&#8217;amiti\u00e9&#8221;, circa 1945"},"content":{"rendered":"","protected":false},"excerpt":{"rendered":"<p>Rectangular silvery-bronze powder box. Good original condition.<\/p>\n<p>Signed &#8220;Line Vautrin&#8221;<br \/>\nPrivate collection, France. <\/p>\n","protected":false},"featured_media":26132,"template":"","meta":{"_et_pb_use_builder":"on","_et_pb_old_content":"","_et_gb_content_width":""},"product_brand":[],"product_cat":[2625],"product_tag":[2962,2950,2961],"class_list":{"0":"post-24921","1":"product","2":"type-product","3":"status-publish","4":"has-post-thumbnail","6":"product_cat-items","7":"product_tag-the-gallery-chastel-marechal-buys-and-sells-line-vautrin-pieces-and-mirrors","8":"product_tag-the-gallery-chastel-marechal-is-specialized-in-line-vautrin-pieces-since-1994","9":"product_tag-the-gallery-chastel-marechal-is-specialized-in-line-vautrin-pieces-since-1994-en","11":"first","12":"instock","13":"purchasable","14":"product-type-simple"},"yoast_head":"<!-- This site is optimized with the Yoast SEO plugin v25.1 - https:\/\/yoast.com\/wordpress\/plugins\/seo\/ -->\n<title>Box &quot;Les petits cadeaux entretiennent l&#039;amiti\u00e9&quot;, circa 1945 - Galerie Chastel Mar\u00e9chal<\/title>\n<meta name=\"robots\" content=\"index, follow, max-snippet:-1, max-image-preview:large, max-video-preview:-1\" \/>\n<link rel=\"canonical\" href=\"https:\/\/chastel-marechal.com\/en\/produit\/box-les-petits-cadeaux-entretiennent-lamitie-circa-1945\/\" \/>\n<meta property=\"og:locale\" content=\"en_US\" \/>\n<meta property=\"og:type\" content=\"article\" \/>\n<meta property=\"og:title\" content=\"Box &quot;Les petits cadeaux entretiennent l&#039;amiti\u00e9&quot;, circa 1945 - Galerie Chastel Mar\u00e9chal\" \/>\n<meta property=\"og:description\" content=\"Rectangular silvery-bronze powder box. Good original condition. Signed &quot;Line Vautrin&quot; Private collection, France.\" \/>\n<meta property=\"og:url\" content=\"https:\/\/chastel-marechal.com\/en\/produit\/box-les-petits-cadeaux-entretiennent-lamitie-circa-1945\/\" \/>\n<meta property=\"og:site_name\" content=\"Galerie Chastel Mar\u00e9chal\" \/>\n<meta property=\"article:publisher\" content=\"https:\/\/www.facebook.com\/galerie.chastelmarechal\/\" \/>\n<meta property=\"article:modified_time\" content=\"2023-03-18T14:28:42+00:00\" \/>\n<meta property=\"og:image\" content=\"https:\/\/chastel-marechal.com\/wp-content\/uploads\/2022\/11\/vautrin-boite-lespetitscadeaux-1-scaled.jpg\" \/>\n\t<meta property=\"og:image:width\" content=\"2880\" \/>\n\t<meta property=\"og:image:height\" content=\"1921\" \/>\n\t<meta property=\"og:image:type\" content=\"image\/jpeg\" \/>\n<meta name=\"twitter:card\" content=\"summary_large_image\" \/>\n<meta name=\"twitter:site\" content=\"@chastelmarechal\" \/>\n<script type=\"application\/ld+json\" class=\"yoast-schema-graph\">{\"@context\":\"https:\/\/schema.org\",\"@graph\":[{\"@type\":\"WebPage\",\"@id\":\"https:\/\/chastel-marechal.com\/en\/produit\/box-les-petits-cadeaux-entretiennent-lamitie-circa-1945\/\",\"url\":\"https:\/\/chastel-marechal.com\/en\/produit\/box-les-petits-cadeaux-entretiennent-lamitie-circa-1945\/\",\"name\":\"Box \\\"Les petits cadeaux entretiennent l'amiti\u00e9\\\", circa 1945 - Galerie Chastel Mar\u00e9chal\",\"isPartOf\":{\"@id\":\"https:\/\/chastel-marechal.com\/en\/#website\"},\"primaryImageOfPage\":{\"@id\":\"https:\/\/chastel-marechal.com\/en\/produit\/box-les-petits-cadeaux-entretiennent-lamitie-circa-1945\/#primaryimage\"},\"image\":{\"@id\":\"https:\/\/chastel-marechal.com\/en\/produit\/box-les-petits-cadeaux-entretiennent-lamitie-circa-1945\/#primaryimage\"},\"thumbnailUrl\":\"https:\/\/chastel-marechal.com\/wp-content\/uploads\/2022\/11\/vautrin-boite-lespetitscadeaux-1-scaled.jpg\",\"datePublished\":\"2022-11-09T16:01:54+00:00\",\"dateModified\":\"2023-03-18T14:28:42+00:00\",\"breadcrumb\":{\"@id\":\"https:\/\/chastel-marechal.com\/en\/produit\/box-les-petits-cadeaux-entretiennent-lamitie-circa-1945\/#breadcrumb\"},\"inLanguage\":\"en-US\",\"potentialAction\":[{\"@type\":\"ReadAction\",\"target\":[\"https:\/\/chastel-marechal.com\/en\/produit\/box-les-petits-cadeaux-entretiennent-lamitie-circa-1945\/\"]}]},{\"@type\":\"ImageObject\",\"inLanguage\":\"en-US\",\"@id\":\"https:\/\/chastel-marechal.com\/en\/produit\/box-les-petits-cadeaux-entretiennent-lamitie-circa-1945\/#primaryimage\",\"url\":\"https:\/\/chastel-marechal.com\/wp-content\/uploads\/2022\/11\/vautrin-boite-lespetitscadeaux-1-scaled.jpg\",\"contentUrl\":\"https:\/\/chastel-marechal.com\/wp-content\/uploads\/2022\/11\/vautrin-boite-lespetitscadeaux-1-scaled.jpg\",\"width\":2880,\"height\":1921},{\"@type\":\"BreadcrumbList\",\"@id\":\"https:\/\/chastel-marechal.com\/en\/produit\/box-les-petits-cadeaux-entretiennent-lamitie-circa-1945\/#breadcrumb\",\"itemListElement\":[{\"@type\":\"ListItem\",\"position\":1,\"name\":\"Accueil\",\"item\":\"https:\/\/chastel-marechal.com\/en\/\"},{\"@type\":\"ListItem\",\"position\":2,\"name\":\"E-shop\",\"item\":\"https:\/\/chastel-marechal.com\/en\/e-shop\/\"},{\"@type\":\"ListItem\",\"position\":3,\"name\":\"Box &#8220;Les petits cadeaux entretiennent l&#8217;amiti\u00e9&#8221;, circa 1945\"}]},{\"@type\":\"WebSite\",\"@id\":\"https:\/\/chastel-marechal.com\/en\/#website\",\"url\":\"https:\/\/chastel-marechal.com\/en\/\",\"name\":\"Galerie Chastel Mar\u00e9chal\",\"description\":\"Arts d\u00e9coratifs du XX\u00e8me si\u00e8cle\",\"publisher\":{\"@id\":\"https:\/\/chastel-marechal.com\/en\/#organization\"},\"potentialAction\":[{\"@type\":\"SearchAction\",\"target\":{\"@type\":\"EntryPoint\",\"urlTemplate\":\"https:\/\/chastel-marechal.com\/en\/?s={search_term_string}\"},\"query-input\":{\"@type\":\"PropertyValueSpecification\",\"valueRequired\":true,\"valueName\":\"search_term_string\"}}],\"inLanguage\":\"en-US\"},{\"@type\":\"Organization\",\"@id\":\"https:\/\/chastel-marechal.com\/en\/#organization\",\"name\":\"Galerie Chastel Mar\u00e9chal\",\"url\":\"https:\/\/chastel-marechal.com\/en\/\",\"logo\":{\"@type\":\"ImageObject\",\"inLanguage\":\"en-US\",\"@id\":\"https:\/\/chastel-marechal.com\/en\/#\/schema\/logo\/image\/\",\"url\":\"https:\/\/www.chastel-marechal.com\/wp-content\/uploads\/2016\/08\/galerie-chastel-marechal-logo.png\",\"contentUrl\":\"https:\/\/www.chastel-marechal.com\/wp-content\/uploads\/2016\/08\/galerie-chastel-marechal-logo.png\",\"width\":800,\"height\":103,\"caption\":\"Galerie Chastel Mar\u00e9chal\"},\"image\":{\"@id\":\"https:\/\/chastel-marechal.com\/en\/#\/schema\/logo\/image\/\"},\"sameAs\":[\"https:\/\/www.facebook.com\/galerie.chastelmarechal\/\",\"https:\/\/x.com\/chastelmarechal\",\"https:\/\/www.instagram.com\/galeriechastelmarechal\/\",\"https:\/\/fr.pinterest.com\/galerieCM\/\"]}]}<\/script>\n<!-- \/ Yoast SEO plugin. -->","yoast_head_json":{"title":"Box \"Les petits cadeaux entretiennent l'amiti\u00e9\", circa 1945 - Galerie Chastel Mar\u00e9chal","robots":{"index":"index","follow":"follow","max-snippet":"max-snippet:-1","max-image-preview":"max-image-preview:large","max-video-preview":"max-video-preview:-1"},"canonical":"https:\/\/chastel-marechal.com\/en\/produit\/box-les-petits-cadeaux-entretiennent-lamitie-circa-1945\/","og_locale":"en_US","og_type":"article","og_title":"Box \"Les petits cadeaux entretiennent l'amiti\u00e9\", circa 1945 - Galerie Chastel Mar\u00e9chal","og_description":"Rectangular silvery-bronze powder box. Good original condition. Signed \"Line Vautrin\" Private collection, France.","og_url":"https:\/\/chastel-marechal.com\/en\/produit\/box-les-petits-cadeaux-entretiennent-lamitie-circa-1945\/","og_site_name":"Galerie Chastel Mar\u00e9chal","article_publisher":"https:\/\/www.facebook.com\/galerie.chastelmarechal\/","article_modified_time":"2023-03-18T14:28:42+00:00","og_image":[{"width":2880,"height":1921,"url":"https:\/\/chastel-marechal.com\/wp-content\/uploads\/2022\/11\/vautrin-boite-lespetitscadeaux-1-scaled.jpg","type":"image\/jpeg"}],"twitter_card":"summary_large_image","twitter_site":"@chastelmarechal","schema":{"@context":"https:\/\/schema.org","@graph":[{"@type":"WebPage","@id":"https:\/\/chastel-marechal.com\/en\/produit\/box-les-petits-cadeaux-entretiennent-lamitie-circa-1945\/","url":"https:\/\/chastel-marechal.com\/en\/produit\/box-les-petits-cadeaux-entretiennent-lamitie-circa-1945\/","name":"Box \"Les petits cadeaux entretiennent l'amiti\u00e9\", circa 1945 - Galerie Chastel Mar\u00e9chal","isPartOf":{"@id":"https:\/\/chastel-marechal.com\/en\/#website"},"primaryImageOfPage":{"@id":"https:\/\/chastel-marechal.com\/en\/produit\/box-les-petits-cadeaux-entretiennent-lamitie-circa-1945\/#primaryimage"},"image":{"@id":"https:\/\/chastel-marechal.com\/en\/produit\/box-les-petits-cadeaux-entretiennent-lamitie-circa-1945\/#primaryimage"},"thumbnailUrl":"https:\/\/chastel-marechal.com\/wp-content\/uploads\/2022\/11\/vautrin-boite-lespetitscadeaux-1-scaled.jpg","datePublished":"2022-11-09T16:01:54+00:00","dateModified":"2023-03-18T14:28:42+00:00","breadcrumb":{"@id":"https:\/\/chastel-marechal.com\/en\/produit\/box-les-petits-cadeaux-entretiennent-lamitie-circa-1945\/#breadcrumb"},"inLanguage":"en-US","potentialAction":[{"@type":"ReadAction","target":["https:\/\/chastel-marechal.com\/en\/produit\/box-les-petits-cadeaux-entretiennent-lamitie-circa-1945\/"]}]},{"@type":"ImageObject","inLanguage":"en-US","@id":"https:\/\/chastel-marechal.com\/en\/produit\/box-les-petits-cadeaux-entretiennent-lamitie-circa-1945\/#primaryimage","url":"https:\/\/chastel-marechal.com\/wp-content\/uploads\/2022\/11\/vautrin-boite-lespetitscadeaux-1-scaled.jpg","contentUrl":"https:\/\/chastel-marechal.com\/wp-content\/uploads\/2022\/11\/vautrin-boite-lespetitscadeaux-1-scaled.jpg","width":2880,"height":1921},{"@type":"BreadcrumbList","@id":"https:\/\/chastel-marechal.com\/en\/produit\/box-les-petits-cadeaux-entretiennent-lamitie-circa-1945\/#breadcrumb","itemListElement":[{"@type":"ListItem","position":1,"name":"Accueil","item":"https:\/\/chastel-marechal.com\/en\/"},{"@type":"ListItem","position":2,"name":"E-shop","item":"https:\/\/chastel-marechal.com\/en\/e-shop\/"},{"@type":"ListItem","position":3,"name":"Box &#8220;Les petits cadeaux entretiennent l&#8217;amiti\u00e9&#8221;, circa 1945"}]},{"@type":"WebSite","@id":"https:\/\/chastel-marechal.com\/en\/#website","url":"https:\/\/chastel-marechal.com\/en\/","name":"Galerie Chastel Mar\u00e9chal","description":"Arts d\u00e9coratifs du XX\u00e8me si\u00e8cle","publisher":{"@id":"https:\/\/chastel-marechal.com\/en\/#organization"},"potentialAction":[{"@type":"SearchAction","target":{"@type":"EntryPoint","urlTemplate":"https:\/\/chastel-marechal.com\/en\/?s={search_term_string}"},"query-input":{"@type":"PropertyValueSpecification","valueRequired":true,"valueName":"search_term_string"}}],"inLanguage":"en-US"},{"@type":"Organization","@id":"https:\/\/chastel-marechal.com\/en\/#organization","name":"Galerie Chastel Mar\u00e9chal","url":"https:\/\/chastel-marechal.com\/en\/","logo":{"@type":"ImageObject","inLanguage":"en-US","@id":"https:\/\/chastel-marechal.com\/en\/#\/schema\/logo\/image\/","url":"https:\/\/www.chastel-marechal.com\/wp-content\/uploads\/2016\/08\/galerie-chastel-marechal-logo.png","contentUrl":"https:\/\/www.chastel-marechal.com\/wp-content\/uploads\/2016\/08\/galerie-chastel-marechal-logo.png","width":800,"height":103,"caption":"Galerie Chastel Mar\u00e9chal"},"image":{"@id":"https:\/\/chastel-marechal.com\/en\/#\/schema\/logo\/image\/"},"sameAs":["https:\/\/www.facebook.com\/galerie.chastelmarechal\/","https:\/\/x.com\/chastelmarechal","https:\/\/www.instagram.com\/galeriechastelmarechal\/","https:\/\/fr.pinterest.com\/galerieCM\/"]}]}},"acf":[],"_links":{"self":[{"href":"https:\/\/chastel-marechal.com\/en\/wp-json\/wp\/v2\/product\/24921","targetHints":{"allow":["GET"]}}],"collection":[{"href":"https:\/\/chastel-marechal.com\/en\/wp-json\/wp\/v2\/product"}],"about":[{"href":"https:\/\/chastel-marechal.com\/en\/wp-json\/wp\/v2\/types\/product"}],"wp:featuredmedia":[{"embeddable":true,"href":"https:\/\/chastel-marechal.com\/en\/wp-json\/wp\/v2\/media\/26132"}],"wp:attachment":[{"href":"https:\/\/chastel-marechal.com\/en\/wp-json\/wp\/v2\/media?parent=24921"}],"wp:term":[{"taxonomy":"product_brand","embeddable":true,"href":"https:\/\/chastel-marechal.com\/en\/wp-json\/wp\/v2\/product_brand?post=24921"},{"taxonomy":"product_cat","embeddable":true,"href":"https:\/\/chastel-marechal.com\/en\/wp-json\/wp\/v2\/product_cat?post=24921"},{"taxonomy":"product_tag","embeddable":true,"href":"https:\/\/chastel-marechal.com\/en\/wp-json\/wp\/v2\/product_tag?post=24921"}],"curies":[{"name":"wp","href":"https:\/\/api.w.org\/{rel}","templated":true}]}}