{"id":25410,"date":"2022-12-01T11:37:30","date_gmt":"2022-12-01T10:37:30","guid":{"rendered":"https:\/\/chastel-marechal.com\/?post_type=product&#038;p=25410"},"modified":"2025-11-28T15:56:14","modified_gmt":"2025-11-28T14:56:14","slug":"bracelet-les-filles-de-neptune-circa-1940","status":"publish","type":"product","link":"https:\/\/chastel-marechal.com\/en\/produit\/bracelet-les-filles-de-neptune-circa-1940\/","title":{"rendered":"Bracelet &#8220;Les filles de Neptune&#8221;, circa 1940"},"content":{"rendered":"<p>[et_pb_section bb_built=&#8221;1&#8243; next_background_color=&#8221;#000000&#8243;][et_pb_row][\/et_pb_row][\/et_pb_section][et_pb_section bb_built=&#8221;1&#8243; prev_background_color=&#8221;#000000&#8243;][et_pb_row][\/et_pb_row][\/et_pb_section]<\/p>\n","protected":false},"excerpt":{"rendered":"<p>Bracelet in gilded bronze &#8220;Les filles de Neptune&#8221; composed of six parts, presenting Neptune with sirens. The last part in which the clasp closed, presents greek inscription.<br \/>\nStamped Line Vautrin<\/p>\n<p>Provenance : Private collection, France. <\/p>\n<p>Literature :<br \/>\n-&#8220;Line Vautrin : Poesie in Metall&#8221;, Museum f\u00fcr Kunst und Gewerbe, exhibition catalogue, Hambourg, 2003, p. 147. <\/p>\n","protected":false},"featured_media":25404,"template":"","meta":{"_et_pb_use_builder":"on","_et_pb_old_content":"Artiste inclassable, Line Vautrin (1913-1997) est surnomm\u00e9e, par le magazine Vogue, d\u00e8s 1948, \u00ab La po\u00e9tesse du m\u00e9tal \u00bb.\r\nCette artiste fran\u00e7aise exprime \u00e0 travers ses \u0153uvres sa volont\u00e9 de libert\u00e9 et se d\u00e9marque gr\u00e2ce \u00e0 son style original qui rompt avec les conventions artistiques de l\u2019apr\u00e8s-guerre.\r\nRetour sur cette artiste majeure des arts d\u00e9coratifs fran\u00e7ais du XXe si\u00e8cle avec une s\u00e9lection de bo\u00eetes, poudriers, bijoux en bronze ou talosel\u2026","_et_gb_content_width":""},"product_brand":[],"product_cat":[2625],"product_tag":[3103,2962,2951,2950],"class_list":{"0":"post-25410","1":"product","2":"type-product","3":"status-publish","4":"has-post-thumbnail","6":"product_cat-items","7":"product_tag-bracelet-par-line-vautrin-en","8":"product_tag-the-gallery-chastel-marechal-buys-and-sells-line-vautrin-pieces-and-mirrors","9":"product_tag-the-gallery-chastel-marechal-buys-and-sells-line-vautrin-pieces-since-1994","10":"product_tag-the-gallery-chastel-marechal-is-specialized-in-line-vautrin-pieces-since-1994","12":"first","13":"instock","14":"purchasable","15":"product-type-simple"},"yoast_head":"<!-- This site is optimized with the Yoast SEO plugin v25.1 - https:\/\/yoast.com\/wordpress\/plugins\/seo\/ -->\n<title>Bracelet &quot;Les filles de Neptune&quot;, circa 1940 - Galerie Chastel Mar\u00e9chal<\/title>\n<meta name=\"robots\" content=\"index, follow, max-snippet:-1, max-image-preview:large, max-video-preview:-1\" \/>\n<link rel=\"canonical\" href=\"https:\/\/chastel-marechal.com\/en\/produit\/bracelet-les-filles-de-neptune-circa-1940\/\" \/>\n<meta property=\"og:locale\" content=\"en_US\" \/>\n<meta property=\"og:type\" content=\"article\" \/>\n<meta property=\"og:title\" content=\"Bracelet &quot;Les filles de Neptune&quot;, circa 1940 - Galerie Chastel Mar\u00e9chal\" \/>\n<meta property=\"og:description\" content=\"Bracelet in gilded bronze &quot;Les filles de Neptune&quot; composed of six parts, presenting Neptune with sirens. The last part in which the clasp closed, presents greek inscription.  Stamped Line Vautrin  Provenance : Private collection, France.   Literature : -&quot;Line Vautrin : Poesie in Metall&quot;, Museum f\u00fcr Kunst und Gewerbe, exhibition catalogue, Hambourg, 2003, p. 147.\" \/>\n<meta property=\"og:url\" content=\"https:\/\/chastel-marechal.com\/en\/produit\/bracelet-les-filles-de-neptune-circa-1940\/\" \/>\n<meta property=\"og:site_name\" content=\"Galerie Chastel Mar\u00e9chal\" \/>\n<meta property=\"article:publisher\" content=\"https:\/\/www.facebook.com\/galerie.chastelmarechal\/\" \/>\n<meta property=\"article:modified_time\" content=\"2025-11-28T14:56:14+00:00\" \/>\n<meta property=\"og:image\" content=\"https:\/\/chastel-marechal.com\/wp-content\/uploads\/2022\/12\/vautrin-les-filles-de-neptune-2-scaled.jpg\" \/>\n\t<meta property=\"og:image:width\" content=\"2880\" \/>\n\t<meta property=\"og:image:height\" content=\"2880\" \/>\n\t<meta property=\"og:image:type\" content=\"image\/jpeg\" \/>\n<meta name=\"twitter:card\" content=\"summary_large_image\" \/>\n<meta name=\"twitter:site\" content=\"@chastelmarechal\" \/>\n<meta name=\"twitter:label1\" content=\"Est. reading time\" \/>\n\t<meta name=\"twitter:data1\" content=\"1 minute\" \/>\n<script type=\"application\/ld+json\" class=\"yoast-schema-graph\">{\"@context\":\"https:\/\/schema.org\",\"@graph\":[{\"@type\":\"WebPage\",\"@id\":\"https:\/\/chastel-marechal.com\/en\/produit\/bracelet-les-filles-de-neptune-circa-1940\/\",\"url\":\"https:\/\/chastel-marechal.com\/en\/produit\/bracelet-les-filles-de-neptune-circa-1940\/\",\"name\":\"Bracelet \\\"Les filles de Neptune\\\", circa 1940 - Galerie Chastel Mar\u00e9chal\",\"isPartOf\":{\"@id\":\"https:\/\/chastel-marechal.com\/en\/#website\"},\"primaryImageOfPage\":{\"@id\":\"https:\/\/chastel-marechal.com\/en\/produit\/bracelet-les-filles-de-neptune-circa-1940\/#primaryimage\"},\"image\":{\"@id\":\"https:\/\/chastel-marechal.com\/en\/produit\/bracelet-les-filles-de-neptune-circa-1940\/#primaryimage\"},\"thumbnailUrl\":\"https:\/\/chastel-marechal.com\/wp-content\/uploads\/2022\/12\/vautrin-les-filles-de-neptune-2-scaled.jpg\",\"datePublished\":\"2022-12-01T10:37:30+00:00\",\"dateModified\":\"2025-11-28T14:56:14+00:00\",\"breadcrumb\":{\"@id\":\"https:\/\/chastel-marechal.com\/en\/produit\/bracelet-les-filles-de-neptune-circa-1940\/#breadcrumb\"},\"inLanguage\":\"en-US\",\"potentialAction\":[{\"@type\":\"ReadAction\",\"target\":[\"https:\/\/chastel-marechal.com\/en\/produit\/bracelet-les-filles-de-neptune-circa-1940\/\"]}]},{\"@type\":\"ImageObject\",\"inLanguage\":\"en-US\",\"@id\":\"https:\/\/chastel-marechal.com\/en\/produit\/bracelet-les-filles-de-neptune-circa-1940\/#primaryimage\",\"url\":\"https:\/\/chastel-marechal.com\/wp-content\/uploads\/2022\/12\/vautrin-les-filles-de-neptune-2-scaled.jpg\",\"contentUrl\":\"https:\/\/chastel-marechal.com\/wp-content\/uploads\/2022\/12\/vautrin-les-filles-de-neptune-2-scaled.jpg\",\"width\":2880,\"height\":2880,\"caption\":\"Line Vautrin les filles de Neptune bracelet\"},{\"@type\":\"BreadcrumbList\",\"@id\":\"https:\/\/chastel-marechal.com\/en\/produit\/bracelet-les-filles-de-neptune-circa-1940\/#breadcrumb\",\"itemListElement\":[{\"@type\":\"ListItem\",\"position\":1,\"name\":\"Accueil\",\"item\":\"https:\/\/chastel-marechal.com\/en\/\"},{\"@type\":\"ListItem\",\"position\":2,\"name\":\"E-shop\",\"item\":\"https:\/\/chastel-marechal.com\/en\/e-shop\/\"},{\"@type\":\"ListItem\",\"position\":3,\"name\":\"Bracelet \u00ab\u00a0Les filles de Neptune\u00a0\u00bb, circa 1940\"}]},{\"@type\":\"WebSite\",\"@id\":\"https:\/\/chastel-marechal.com\/en\/#website\",\"url\":\"https:\/\/chastel-marechal.com\/en\/\",\"name\":\"Galerie Chastel Mar\u00e9chal\",\"description\":\"Arts d\u00e9coratifs du XX\u00e8me si\u00e8cle\",\"publisher\":{\"@id\":\"https:\/\/chastel-marechal.com\/en\/#organization\"},\"potentialAction\":[{\"@type\":\"SearchAction\",\"target\":{\"@type\":\"EntryPoint\",\"urlTemplate\":\"https:\/\/chastel-marechal.com\/en\/?s={search_term_string}\"},\"query-input\":{\"@type\":\"PropertyValueSpecification\",\"valueRequired\":true,\"valueName\":\"search_term_string\"}}],\"inLanguage\":\"en-US\"},{\"@type\":\"Organization\",\"@id\":\"https:\/\/chastel-marechal.com\/en\/#organization\",\"name\":\"Galerie Chastel Mar\u00e9chal\",\"url\":\"https:\/\/chastel-marechal.com\/en\/\",\"logo\":{\"@type\":\"ImageObject\",\"inLanguage\":\"en-US\",\"@id\":\"https:\/\/chastel-marechal.com\/en\/#\/schema\/logo\/image\/\",\"url\":\"https:\/\/www.chastel-marechal.com\/wp-content\/uploads\/2016\/08\/galerie-chastel-marechal-logo.png\",\"contentUrl\":\"https:\/\/www.chastel-marechal.com\/wp-content\/uploads\/2016\/08\/galerie-chastel-marechal-logo.png\",\"width\":800,\"height\":103,\"caption\":\"Galerie Chastel Mar\u00e9chal\"},\"image\":{\"@id\":\"https:\/\/chastel-marechal.com\/en\/#\/schema\/logo\/image\/\"},\"sameAs\":[\"https:\/\/www.facebook.com\/galerie.chastelmarechal\/\",\"https:\/\/x.com\/chastelmarechal\",\"https:\/\/www.instagram.com\/galeriechastelmarechal\/\",\"https:\/\/fr.pinterest.com\/galerieCM\/\"]}]}<\/script>\n<!-- \/ Yoast SEO plugin. -->","yoast_head_json":{"title":"Bracelet \"Les filles de Neptune\", circa 1940 - Galerie Chastel Mar\u00e9chal","robots":{"index":"index","follow":"follow","max-snippet":"max-snippet:-1","max-image-preview":"max-image-preview:large","max-video-preview":"max-video-preview:-1"},"canonical":"https:\/\/chastel-marechal.com\/en\/produit\/bracelet-les-filles-de-neptune-circa-1940\/","og_locale":"en_US","og_type":"article","og_title":"Bracelet \"Les filles de Neptune\", circa 1940 - Galerie Chastel Mar\u00e9chal","og_description":"Bracelet in gilded bronze \"Les filles de Neptune\" composed of six parts, presenting Neptune with sirens. The last part in which the clasp closed, presents greek inscription.  Stamped Line Vautrin  Provenance : Private collection, France.   Literature : -\"Line Vautrin : Poesie in Metall\", Museum f\u00fcr Kunst und Gewerbe, exhibition catalogue, Hambourg, 2003, p. 147.","og_url":"https:\/\/chastel-marechal.com\/en\/produit\/bracelet-les-filles-de-neptune-circa-1940\/","og_site_name":"Galerie Chastel Mar\u00e9chal","article_publisher":"https:\/\/www.facebook.com\/galerie.chastelmarechal\/","article_modified_time":"2025-11-28T14:56:14+00:00","og_image":[{"width":2880,"height":2880,"url":"https:\/\/chastel-marechal.com\/wp-content\/uploads\/2022\/12\/vautrin-les-filles-de-neptune-2-scaled.jpg","type":"image\/jpeg"}],"twitter_card":"summary_large_image","twitter_site":"@chastelmarechal","twitter_misc":{"Est. reading time":"1 minute"},"schema":{"@context":"https:\/\/schema.org","@graph":[{"@type":"WebPage","@id":"https:\/\/chastel-marechal.com\/en\/produit\/bracelet-les-filles-de-neptune-circa-1940\/","url":"https:\/\/chastel-marechal.com\/en\/produit\/bracelet-les-filles-de-neptune-circa-1940\/","name":"Bracelet \"Les filles de Neptune\", circa 1940 - Galerie Chastel Mar\u00e9chal","isPartOf":{"@id":"https:\/\/chastel-marechal.com\/en\/#website"},"primaryImageOfPage":{"@id":"https:\/\/chastel-marechal.com\/en\/produit\/bracelet-les-filles-de-neptune-circa-1940\/#primaryimage"},"image":{"@id":"https:\/\/chastel-marechal.com\/en\/produit\/bracelet-les-filles-de-neptune-circa-1940\/#primaryimage"},"thumbnailUrl":"https:\/\/chastel-marechal.com\/wp-content\/uploads\/2022\/12\/vautrin-les-filles-de-neptune-2-scaled.jpg","datePublished":"2022-12-01T10:37:30+00:00","dateModified":"2025-11-28T14:56:14+00:00","breadcrumb":{"@id":"https:\/\/chastel-marechal.com\/en\/produit\/bracelet-les-filles-de-neptune-circa-1940\/#breadcrumb"},"inLanguage":"en-US","potentialAction":[{"@type":"ReadAction","target":["https:\/\/chastel-marechal.com\/en\/produit\/bracelet-les-filles-de-neptune-circa-1940\/"]}]},{"@type":"ImageObject","inLanguage":"en-US","@id":"https:\/\/chastel-marechal.com\/en\/produit\/bracelet-les-filles-de-neptune-circa-1940\/#primaryimage","url":"https:\/\/chastel-marechal.com\/wp-content\/uploads\/2022\/12\/vautrin-les-filles-de-neptune-2-scaled.jpg","contentUrl":"https:\/\/chastel-marechal.com\/wp-content\/uploads\/2022\/12\/vautrin-les-filles-de-neptune-2-scaled.jpg","width":2880,"height":2880,"caption":"Line Vautrin les filles de Neptune bracelet"},{"@type":"BreadcrumbList","@id":"https:\/\/chastel-marechal.com\/en\/produit\/bracelet-les-filles-de-neptune-circa-1940\/#breadcrumb","itemListElement":[{"@type":"ListItem","position":1,"name":"Accueil","item":"https:\/\/chastel-marechal.com\/en\/"},{"@type":"ListItem","position":2,"name":"E-shop","item":"https:\/\/chastel-marechal.com\/en\/e-shop\/"},{"@type":"ListItem","position":3,"name":"Bracelet \u00ab\u00a0Les filles de Neptune\u00a0\u00bb, circa 1940"}]},{"@type":"WebSite","@id":"https:\/\/chastel-marechal.com\/en\/#website","url":"https:\/\/chastel-marechal.com\/en\/","name":"Galerie Chastel Mar\u00e9chal","description":"Arts d\u00e9coratifs du XX\u00e8me si\u00e8cle","publisher":{"@id":"https:\/\/chastel-marechal.com\/en\/#organization"},"potentialAction":[{"@type":"SearchAction","target":{"@type":"EntryPoint","urlTemplate":"https:\/\/chastel-marechal.com\/en\/?s={search_term_string}"},"query-input":{"@type":"PropertyValueSpecification","valueRequired":true,"valueName":"search_term_string"}}],"inLanguage":"en-US"},{"@type":"Organization","@id":"https:\/\/chastel-marechal.com\/en\/#organization","name":"Galerie Chastel Mar\u00e9chal","url":"https:\/\/chastel-marechal.com\/en\/","logo":{"@type":"ImageObject","inLanguage":"en-US","@id":"https:\/\/chastel-marechal.com\/en\/#\/schema\/logo\/image\/","url":"https:\/\/www.chastel-marechal.com\/wp-content\/uploads\/2016\/08\/galerie-chastel-marechal-logo.png","contentUrl":"https:\/\/www.chastel-marechal.com\/wp-content\/uploads\/2016\/08\/galerie-chastel-marechal-logo.png","width":800,"height":103,"caption":"Galerie Chastel Mar\u00e9chal"},"image":{"@id":"https:\/\/chastel-marechal.com\/en\/#\/schema\/logo\/image\/"},"sameAs":["https:\/\/www.facebook.com\/galerie.chastelmarechal\/","https:\/\/x.com\/chastelmarechal","https:\/\/www.instagram.com\/galeriechastelmarechal\/","https:\/\/fr.pinterest.com\/galerieCM\/"]}]}},"acf":[],"_links":{"self":[{"href":"https:\/\/chastel-marechal.com\/en\/wp-json\/wp\/v2\/product\/25410","targetHints":{"allow":["GET"]}}],"collection":[{"href":"https:\/\/chastel-marechal.com\/en\/wp-json\/wp\/v2\/product"}],"about":[{"href":"https:\/\/chastel-marechal.com\/en\/wp-json\/wp\/v2\/types\/product"}],"wp:featuredmedia":[{"embeddable":true,"href":"https:\/\/chastel-marechal.com\/en\/wp-json\/wp\/v2\/media\/25404"}],"wp:attachment":[{"href":"https:\/\/chastel-marechal.com\/en\/wp-json\/wp\/v2\/media?parent=25410"}],"wp:term":[{"taxonomy":"product_brand","embeddable":true,"href":"https:\/\/chastel-marechal.com\/en\/wp-json\/wp\/v2\/product_brand?post=25410"},{"taxonomy":"product_cat","embeddable":true,"href":"https:\/\/chastel-marechal.com\/en\/wp-json\/wp\/v2\/product_cat?post=25410"},{"taxonomy":"product_tag","embeddable":true,"href":"https:\/\/chastel-marechal.com\/en\/wp-json\/wp\/v2\/product_tag?post=25410"}],"curies":[{"name":"wp","href":"https:\/\/api.w.org\/{rel}","templated":true}]}}