{"id":29750,"date":"2023-11-30T15:19:49","date_gmt":"2023-11-30T14:19:49","guid":{"rendered":"https:\/\/chastel-marechal.com\/?post_type=product&#038;p=29750"},"modified":"2023-11-30T15:24:20","modified_gmt":"2023-11-30T14:24:20","slug":"hand-mirror-by-line-vautrin-circa-1965","status":"publish","type":"product","link":"https:\/\/chastel-marechal.com\/en\/produit\/hand-mirror-by-line-vautrin-circa-1965\/","title":{"rendered":"Hand mirror by Line Vautrin, circa 1965"},"content":{"rendered":"<p>[et_pb_section bb_built=&#8221;1&#8243;][et_pb_row][\/et_pb_row][\/et_pb_section]<\/p>\n","protected":false},"excerpt":{"rendered":"<p>Hand mirror by Line Vautrin in brown talosel and brass rod ending by a brown talosel bown inlaid with gilded mirrors.<br \/>\nThe back of the mirror is in talosel very well worked and presents a rosette. <\/p>\n","protected":false},"featured_media":29745,"template":"","meta":{"_et_pb_use_builder":"on","_et_pb_old_content":"Unclassifiable artist, Line Vautrin (1913-1997) was named \u201cThe poetess of metal\u201d by Vogue magazine in 1948. This French artist expressed her desire for freedom through her works and stood out thanks to her original style which broke with the artistic conventions of the post-war period. A look back at this major artist of the 20th French decorative arts with a selection of boxes, powder boxes, bronze or talosel jewellery\u2026","_et_gb_content_width":""},"product_brand":[],"product_cat":[2625],"product_tag":[2951,2950],"class_list":{"0":"post-29750","1":"product","2":"type-product","3":"status-publish","4":"has-post-thumbnail","6":"product_cat-items","7":"product_tag-the-gallery-chastel-marechal-buys-and-sells-line-vautrin-pieces-since-1994","8":"product_tag-the-gallery-chastel-marechal-is-specialized-in-line-vautrin-pieces-since-1994","10":"first","11":"instock","12":"purchasable","13":"product-type-simple"},"yoast_head":"<!-- This site is optimized with the Yoast SEO plugin v25.1 - https:\/\/yoast.com\/wordpress\/plugins\/seo\/ -->\n<title>Hand mirror by Line Vautrin, circa 1965 - Galerie Chastel Mar\u00e9chal<\/title>\n<meta name=\"robots\" content=\"index, follow, max-snippet:-1, max-image-preview:large, max-video-preview:-1\" \/>\n<link rel=\"canonical\" href=\"https:\/\/chastel-marechal.com\/en\/produit\/hand-mirror-by-line-vautrin-circa-1965\/\" \/>\n<meta property=\"og:locale\" content=\"en_US\" \/>\n<meta property=\"og:type\" content=\"article\" \/>\n<meta property=\"og:title\" content=\"Hand mirror by Line Vautrin, circa 1965 - Galerie Chastel Mar\u00e9chal\" \/>\n<meta property=\"og:description\" content=\"Hand mirror by Line Vautrin in brown talosel and brass rod ending by a brown talosel bown inlaid with gilded mirrors.  The back of the mirror is in talosel very well worked and presents a rosette.\" \/>\n<meta property=\"og:url\" content=\"https:\/\/chastel-marechal.com\/en\/produit\/hand-mirror-by-line-vautrin-circa-1965\/\" \/>\n<meta property=\"og:site_name\" content=\"Galerie Chastel Mar\u00e9chal\" \/>\n<meta property=\"article:publisher\" content=\"https:\/\/www.facebook.com\/galerie.chastelmarechal\/\" \/>\n<meta property=\"article:modified_time\" content=\"2023-11-30T14:24:20+00:00\" \/>\n<meta property=\"og:image\" content=\"https:\/\/chastel-marechal.com\/wp-content\/uploads\/2023\/11\/vautrin-face-a-main-1-copieweb-scaled.jpg\" \/>\n\t<meta property=\"og:image:width\" content=\"2880\" \/>\n\t<meta property=\"og:image:height\" content=\"2880\" \/>\n\t<meta property=\"og:image:type\" content=\"image\/jpeg\" \/>\n<meta name=\"twitter:card\" content=\"summary_large_image\" \/>\n<meta name=\"twitter:site\" content=\"@chastelmarechal\" \/>\n<meta name=\"twitter:label1\" content=\"Est. reading time\" \/>\n\t<meta name=\"twitter:data1\" content=\"1 minute\" \/>\n<script type=\"application\/ld+json\" class=\"yoast-schema-graph\">{\"@context\":\"https:\/\/schema.org\",\"@graph\":[{\"@type\":\"WebPage\",\"@id\":\"https:\/\/chastel-marechal.com\/en\/produit\/hand-mirror-by-line-vautrin-circa-1965\/\",\"url\":\"https:\/\/chastel-marechal.com\/en\/produit\/hand-mirror-by-line-vautrin-circa-1965\/\",\"name\":\"Hand mirror by Line Vautrin, circa 1965 - Galerie Chastel Mar\u00e9chal\",\"isPartOf\":{\"@id\":\"https:\/\/chastel-marechal.com\/en\/#website\"},\"primaryImageOfPage\":{\"@id\":\"https:\/\/chastel-marechal.com\/en\/produit\/hand-mirror-by-line-vautrin-circa-1965\/#primaryimage\"},\"image\":{\"@id\":\"https:\/\/chastel-marechal.com\/en\/produit\/hand-mirror-by-line-vautrin-circa-1965\/#primaryimage\"},\"thumbnailUrl\":\"https:\/\/chastel-marechal.com\/wp-content\/uploads\/2023\/11\/vautrin-face-a-main-1-copieweb-scaled.jpg\",\"datePublished\":\"2023-11-30T14:19:49+00:00\",\"dateModified\":\"2023-11-30T14:24:20+00:00\",\"breadcrumb\":{\"@id\":\"https:\/\/chastel-marechal.com\/en\/produit\/hand-mirror-by-line-vautrin-circa-1965\/#breadcrumb\"},\"inLanguage\":\"en-US\",\"potentialAction\":[{\"@type\":\"ReadAction\",\"target\":[\"https:\/\/chastel-marechal.com\/en\/produit\/hand-mirror-by-line-vautrin-circa-1965\/\"]}]},{\"@type\":\"ImageObject\",\"inLanguage\":\"en-US\",\"@id\":\"https:\/\/chastel-marechal.com\/en\/produit\/hand-mirror-by-line-vautrin-circa-1965\/#primaryimage\",\"url\":\"https:\/\/chastel-marechal.com\/wp-content\/uploads\/2023\/11\/vautrin-face-a-main-1-copieweb-scaled.jpg\",\"contentUrl\":\"https:\/\/chastel-marechal.com\/wp-content\/uploads\/2023\/11\/vautrin-face-a-main-1-copieweb-scaled.jpg\",\"width\":2880,\"height\":2880},{\"@type\":\"BreadcrumbList\",\"@id\":\"https:\/\/chastel-marechal.com\/en\/produit\/hand-mirror-by-line-vautrin-circa-1965\/#breadcrumb\",\"itemListElement\":[{\"@type\":\"ListItem\",\"position\":1,\"name\":\"Accueil\",\"item\":\"https:\/\/chastel-marechal.com\/en\/\"},{\"@type\":\"ListItem\",\"position\":2,\"name\":\"E-shop\",\"item\":\"https:\/\/chastel-marechal.com\/en\/e-shop\/\"},{\"@type\":\"ListItem\",\"position\":3,\"name\":\"Hand mirror by Line Vautrin, circa 1965\"}]},{\"@type\":\"WebSite\",\"@id\":\"https:\/\/chastel-marechal.com\/en\/#website\",\"url\":\"https:\/\/chastel-marechal.com\/en\/\",\"name\":\"Galerie Chastel Mar\u00e9chal\",\"description\":\"Arts d\u00e9coratifs du XX\u00e8me si\u00e8cle\",\"publisher\":{\"@id\":\"https:\/\/chastel-marechal.com\/en\/#organization\"},\"potentialAction\":[{\"@type\":\"SearchAction\",\"target\":{\"@type\":\"EntryPoint\",\"urlTemplate\":\"https:\/\/chastel-marechal.com\/en\/?s={search_term_string}\"},\"query-input\":{\"@type\":\"PropertyValueSpecification\",\"valueRequired\":true,\"valueName\":\"search_term_string\"}}],\"inLanguage\":\"en-US\"},{\"@type\":\"Organization\",\"@id\":\"https:\/\/chastel-marechal.com\/en\/#organization\",\"name\":\"Galerie Chastel Mar\u00e9chal\",\"url\":\"https:\/\/chastel-marechal.com\/en\/\",\"logo\":{\"@type\":\"ImageObject\",\"inLanguage\":\"en-US\",\"@id\":\"https:\/\/chastel-marechal.com\/en\/#\/schema\/logo\/image\/\",\"url\":\"https:\/\/www.chastel-marechal.com\/wp-content\/uploads\/2016\/08\/galerie-chastel-marechal-logo.png\",\"contentUrl\":\"https:\/\/www.chastel-marechal.com\/wp-content\/uploads\/2016\/08\/galerie-chastel-marechal-logo.png\",\"width\":800,\"height\":103,\"caption\":\"Galerie Chastel Mar\u00e9chal\"},\"image\":{\"@id\":\"https:\/\/chastel-marechal.com\/en\/#\/schema\/logo\/image\/\"},\"sameAs\":[\"https:\/\/www.facebook.com\/galerie.chastelmarechal\/\",\"https:\/\/x.com\/chastelmarechal\",\"https:\/\/www.instagram.com\/galeriechastelmarechal\/\",\"https:\/\/fr.pinterest.com\/galerieCM\/\"]}]}<\/script>\n<!-- \/ Yoast SEO plugin. -->","yoast_head_json":{"title":"Hand mirror by Line Vautrin, circa 1965 - Galerie Chastel Mar\u00e9chal","robots":{"index":"index","follow":"follow","max-snippet":"max-snippet:-1","max-image-preview":"max-image-preview:large","max-video-preview":"max-video-preview:-1"},"canonical":"https:\/\/chastel-marechal.com\/en\/produit\/hand-mirror-by-line-vautrin-circa-1965\/","og_locale":"en_US","og_type":"article","og_title":"Hand mirror by Line Vautrin, circa 1965 - Galerie Chastel Mar\u00e9chal","og_description":"Hand mirror by Line Vautrin in brown talosel and brass rod ending by a brown talosel bown inlaid with gilded mirrors.  The back of the mirror is in talosel very well worked and presents a rosette.","og_url":"https:\/\/chastel-marechal.com\/en\/produit\/hand-mirror-by-line-vautrin-circa-1965\/","og_site_name":"Galerie Chastel Mar\u00e9chal","article_publisher":"https:\/\/www.facebook.com\/galerie.chastelmarechal\/","article_modified_time":"2023-11-30T14:24:20+00:00","og_image":[{"width":2880,"height":2880,"url":"https:\/\/chastel-marechal.com\/wp-content\/uploads\/2023\/11\/vautrin-face-a-main-1-copieweb-scaled.jpg","type":"image\/jpeg"}],"twitter_card":"summary_large_image","twitter_site":"@chastelmarechal","twitter_misc":{"Est. reading time":"1 minute"},"schema":{"@context":"https:\/\/schema.org","@graph":[{"@type":"WebPage","@id":"https:\/\/chastel-marechal.com\/en\/produit\/hand-mirror-by-line-vautrin-circa-1965\/","url":"https:\/\/chastel-marechal.com\/en\/produit\/hand-mirror-by-line-vautrin-circa-1965\/","name":"Hand mirror by Line Vautrin, circa 1965 - Galerie Chastel Mar\u00e9chal","isPartOf":{"@id":"https:\/\/chastel-marechal.com\/en\/#website"},"primaryImageOfPage":{"@id":"https:\/\/chastel-marechal.com\/en\/produit\/hand-mirror-by-line-vautrin-circa-1965\/#primaryimage"},"image":{"@id":"https:\/\/chastel-marechal.com\/en\/produit\/hand-mirror-by-line-vautrin-circa-1965\/#primaryimage"},"thumbnailUrl":"https:\/\/chastel-marechal.com\/wp-content\/uploads\/2023\/11\/vautrin-face-a-main-1-copieweb-scaled.jpg","datePublished":"2023-11-30T14:19:49+00:00","dateModified":"2023-11-30T14:24:20+00:00","breadcrumb":{"@id":"https:\/\/chastel-marechal.com\/en\/produit\/hand-mirror-by-line-vautrin-circa-1965\/#breadcrumb"},"inLanguage":"en-US","potentialAction":[{"@type":"ReadAction","target":["https:\/\/chastel-marechal.com\/en\/produit\/hand-mirror-by-line-vautrin-circa-1965\/"]}]},{"@type":"ImageObject","inLanguage":"en-US","@id":"https:\/\/chastel-marechal.com\/en\/produit\/hand-mirror-by-line-vautrin-circa-1965\/#primaryimage","url":"https:\/\/chastel-marechal.com\/wp-content\/uploads\/2023\/11\/vautrin-face-a-main-1-copieweb-scaled.jpg","contentUrl":"https:\/\/chastel-marechal.com\/wp-content\/uploads\/2023\/11\/vautrin-face-a-main-1-copieweb-scaled.jpg","width":2880,"height":2880},{"@type":"BreadcrumbList","@id":"https:\/\/chastel-marechal.com\/en\/produit\/hand-mirror-by-line-vautrin-circa-1965\/#breadcrumb","itemListElement":[{"@type":"ListItem","position":1,"name":"Accueil","item":"https:\/\/chastel-marechal.com\/en\/"},{"@type":"ListItem","position":2,"name":"E-shop","item":"https:\/\/chastel-marechal.com\/en\/e-shop\/"},{"@type":"ListItem","position":3,"name":"Hand mirror by Line Vautrin, circa 1965"}]},{"@type":"WebSite","@id":"https:\/\/chastel-marechal.com\/en\/#website","url":"https:\/\/chastel-marechal.com\/en\/","name":"Galerie Chastel Mar\u00e9chal","description":"Arts d\u00e9coratifs du XX\u00e8me si\u00e8cle","publisher":{"@id":"https:\/\/chastel-marechal.com\/en\/#organization"},"potentialAction":[{"@type":"SearchAction","target":{"@type":"EntryPoint","urlTemplate":"https:\/\/chastel-marechal.com\/en\/?s={search_term_string}"},"query-input":{"@type":"PropertyValueSpecification","valueRequired":true,"valueName":"search_term_string"}}],"inLanguage":"en-US"},{"@type":"Organization","@id":"https:\/\/chastel-marechal.com\/en\/#organization","name":"Galerie Chastel Mar\u00e9chal","url":"https:\/\/chastel-marechal.com\/en\/","logo":{"@type":"ImageObject","inLanguage":"en-US","@id":"https:\/\/chastel-marechal.com\/en\/#\/schema\/logo\/image\/","url":"https:\/\/www.chastel-marechal.com\/wp-content\/uploads\/2016\/08\/galerie-chastel-marechal-logo.png","contentUrl":"https:\/\/www.chastel-marechal.com\/wp-content\/uploads\/2016\/08\/galerie-chastel-marechal-logo.png","width":800,"height":103,"caption":"Galerie Chastel Mar\u00e9chal"},"image":{"@id":"https:\/\/chastel-marechal.com\/en\/#\/schema\/logo\/image\/"},"sameAs":["https:\/\/www.facebook.com\/galerie.chastelmarechal\/","https:\/\/x.com\/chastelmarechal","https:\/\/www.instagram.com\/galeriechastelmarechal\/","https:\/\/fr.pinterest.com\/galerieCM\/"]}]}},"acf":[],"_links":{"self":[{"href":"https:\/\/chastel-marechal.com\/en\/wp-json\/wp\/v2\/product\/29750","targetHints":{"allow":["GET"]}}],"collection":[{"href":"https:\/\/chastel-marechal.com\/en\/wp-json\/wp\/v2\/product"}],"about":[{"href":"https:\/\/chastel-marechal.com\/en\/wp-json\/wp\/v2\/types\/product"}],"wp:featuredmedia":[{"embeddable":true,"href":"https:\/\/chastel-marechal.com\/en\/wp-json\/wp\/v2\/media\/29745"}],"wp:attachment":[{"href":"https:\/\/chastel-marechal.com\/en\/wp-json\/wp\/v2\/media?parent=29750"}],"wp:term":[{"taxonomy":"product_brand","embeddable":true,"href":"https:\/\/chastel-marechal.com\/en\/wp-json\/wp\/v2\/product_brand?post=29750"},{"taxonomy":"product_cat","embeddable":true,"href":"https:\/\/chastel-marechal.com\/en\/wp-json\/wp\/v2\/product_cat?post=29750"},{"taxonomy":"product_tag","embeddable":true,"href":"https:\/\/chastel-marechal.com\/en\/wp-json\/wp\/v2\/product_tag?post=29750"}],"curies":[{"name":"wp","href":"https:\/\/api.w.org\/{rel}","templated":true}]}}