{"id":32307,"date":"2024-06-07T10:53:04","date_gmt":"2024-06-07T08:53:04","guid":{"rendered":"https:\/\/chastel-marechal.com\/produit\/joy-exhibition-catalog\/"},"modified":"2024-06-07T10:58:19","modified_gmt":"2024-06-07T08:58:19","slug":"joy-exhibition-catalog","status":"publish","type":"product","link":"https:\/\/chastel-marechal.com\/en\/produit\/joy-exhibition-catalog\/","title":{"rendered":"&#8220;JOY !&#8221; Exhibition Catalog"},"content":{"rendered":"","protected":false},"excerpt":{"rendered":"<p>Catalog of the exhibition &#8220;Joy !&#8221;, by Joy de Rohan Chabot, which was held at the gallery Chastel-Mar\u00e9chal from April 3 to May 4, 2024.<\/p>\n","protected":false},"featured_media":32284,"template":"","meta":{"_et_pb_use_builder":"","_et_pb_old_content":"","_et_gb_content_width":""},"product_brand":[],"product_cat":[2624,2622],"product_tag":[],"class_list":{"0":"post-32307","1":"product","2":"type-product","3":"status-publish","4":"has-post-thumbnail","6":"product_cat-new-books","7":"product_cat-works-books","9":"first","10":"instock","11":"taxable","12":"shipping-taxable","13":"purchasable","14":"product-type-simple"},"yoast_head":"<!-- This site is optimized with the Yoast SEO plugin v25.1 - https:\/\/yoast.com\/wordpress\/plugins\/seo\/ -->\n<title>&quot;JOY !&quot; Exhibition Catalog - Galerie Chastel Mar\u00e9chal<\/title>\n<meta name=\"robots\" content=\"index, follow, max-snippet:-1, max-image-preview:large, max-video-preview:-1\" \/>\n<link rel=\"canonical\" href=\"https:\/\/chastel-marechal.com\/en\/produit\/joy-exhibition-catalog\/\" \/>\n<meta property=\"og:locale\" content=\"en_US\" \/>\n<meta property=\"og:type\" content=\"article\" \/>\n<meta property=\"og:title\" content=\"&quot;JOY !&quot; Exhibition Catalog - Galerie Chastel Mar\u00e9chal\" \/>\n<meta property=\"og:description\" content=\"Catalog of the exhibition &quot;Joy !&quot;, by Joy de Rohan Chabot, which was held at the gallery Chastel-Mar\u00e9chal from April 3 to May 4, 2024.\" \/>\n<meta property=\"og:url\" content=\"https:\/\/chastel-marechal.com\/en\/produit\/joy-exhibition-catalog\/\" \/>\n<meta property=\"og:site_name\" content=\"Galerie Chastel Mar\u00e9chal\" \/>\n<meta property=\"article:publisher\" content=\"https:\/\/www.facebook.com\/galerie.chastelmarechal\/\" \/>\n<meta property=\"article:modified_time\" content=\"2024-06-07T08:58:19+00:00\" \/>\n<meta property=\"og:image\" content=\"https:\/\/chastel-marechal.com\/wp-content\/uploads\/2024\/06\/livre-7-1.jpg\" \/>\n\t<meta property=\"og:image:width\" content=\"2000\" \/>\n\t<meta property=\"og:image:height\" content=\"2000\" \/>\n\t<meta property=\"og:image:type\" content=\"image\/jpeg\" \/>\n<meta name=\"twitter:card\" content=\"summary_large_image\" \/>\n<meta name=\"twitter:site\" content=\"@chastelmarechal\" \/>\n<script type=\"application\/ld+json\" class=\"yoast-schema-graph\">{\"@context\":\"https:\/\/schema.org\",\"@graph\":[{\"@type\":\"WebPage\",\"@id\":\"https:\/\/chastel-marechal.com\/en\/produit\/joy-exhibition-catalog\/\",\"url\":\"https:\/\/chastel-marechal.com\/en\/produit\/joy-exhibition-catalog\/\",\"name\":\"\\\"JOY !\\\" Exhibition Catalog - Galerie Chastel Mar\u00e9chal\",\"isPartOf\":{\"@id\":\"https:\/\/chastel-marechal.com\/en\/#website\"},\"primaryImageOfPage\":{\"@id\":\"https:\/\/chastel-marechal.com\/en\/produit\/joy-exhibition-catalog\/#primaryimage\"},\"image\":{\"@id\":\"https:\/\/chastel-marechal.com\/en\/produit\/joy-exhibition-catalog\/#primaryimage\"},\"thumbnailUrl\":\"https:\/\/chastel-marechal.com\/wp-content\/uploads\/2024\/06\/livre-7-1.jpg\",\"datePublished\":\"2024-06-07T08:53:04+00:00\",\"dateModified\":\"2024-06-07T08:58:19+00:00\",\"breadcrumb\":{\"@id\":\"https:\/\/chastel-marechal.com\/en\/produit\/joy-exhibition-catalog\/#breadcrumb\"},\"inLanguage\":\"en-US\",\"potentialAction\":[{\"@type\":\"ReadAction\",\"target\":[\"https:\/\/chastel-marechal.com\/en\/produit\/joy-exhibition-catalog\/\"]}]},{\"@type\":\"ImageObject\",\"inLanguage\":\"en-US\",\"@id\":\"https:\/\/chastel-marechal.com\/en\/produit\/joy-exhibition-catalog\/#primaryimage\",\"url\":\"https:\/\/chastel-marechal.com\/wp-content\/uploads\/2024\/06\/livre-7-1.jpg\",\"contentUrl\":\"https:\/\/chastel-marechal.com\/wp-content\/uploads\/2024\/06\/livre-7-1.jpg\",\"width\":2000,\"height\":2000},{\"@type\":\"BreadcrumbList\",\"@id\":\"https:\/\/chastel-marechal.com\/en\/produit\/joy-exhibition-catalog\/#breadcrumb\",\"itemListElement\":[{\"@type\":\"ListItem\",\"position\":1,\"name\":\"Accueil\",\"item\":\"https:\/\/chastel-marechal.com\/en\/\"},{\"@type\":\"ListItem\",\"position\":2,\"name\":\"E-shop\",\"item\":\"https:\/\/chastel-marechal.com\/en\/e-shop\/\"},{\"@type\":\"ListItem\",\"position\":3,\"name\":\"&#8220;JOY !&#8221; Exhibition Catalog\"}]},{\"@type\":\"WebSite\",\"@id\":\"https:\/\/chastel-marechal.com\/en\/#website\",\"url\":\"https:\/\/chastel-marechal.com\/en\/\",\"name\":\"Galerie Chastel Mar\u00e9chal\",\"description\":\"Arts d\u00e9coratifs du XX\u00e8me si\u00e8cle\",\"publisher\":{\"@id\":\"https:\/\/chastel-marechal.com\/en\/#organization\"},\"potentialAction\":[{\"@type\":\"SearchAction\",\"target\":{\"@type\":\"EntryPoint\",\"urlTemplate\":\"https:\/\/chastel-marechal.com\/en\/?s={search_term_string}\"},\"query-input\":{\"@type\":\"PropertyValueSpecification\",\"valueRequired\":true,\"valueName\":\"search_term_string\"}}],\"inLanguage\":\"en-US\"},{\"@type\":\"Organization\",\"@id\":\"https:\/\/chastel-marechal.com\/en\/#organization\",\"name\":\"Galerie Chastel Mar\u00e9chal\",\"url\":\"https:\/\/chastel-marechal.com\/en\/\",\"logo\":{\"@type\":\"ImageObject\",\"inLanguage\":\"en-US\",\"@id\":\"https:\/\/chastel-marechal.com\/en\/#\/schema\/logo\/image\/\",\"url\":\"https:\/\/www.chastel-marechal.com\/wp-content\/uploads\/2016\/08\/galerie-chastel-marechal-logo.png\",\"contentUrl\":\"https:\/\/www.chastel-marechal.com\/wp-content\/uploads\/2016\/08\/galerie-chastel-marechal-logo.png\",\"width\":800,\"height\":103,\"caption\":\"Galerie Chastel Mar\u00e9chal\"},\"image\":{\"@id\":\"https:\/\/chastel-marechal.com\/en\/#\/schema\/logo\/image\/\"},\"sameAs\":[\"https:\/\/www.facebook.com\/galerie.chastelmarechal\/\",\"https:\/\/x.com\/chastelmarechal\",\"https:\/\/www.instagram.com\/galeriechastelmarechal\/\",\"https:\/\/fr.pinterest.com\/galerieCM\/\"]}]}<\/script>\n<!-- \/ Yoast SEO plugin. -->","yoast_head_json":{"title":"\"JOY !\" Exhibition Catalog - Galerie Chastel Mar\u00e9chal","robots":{"index":"index","follow":"follow","max-snippet":"max-snippet:-1","max-image-preview":"max-image-preview:large","max-video-preview":"max-video-preview:-1"},"canonical":"https:\/\/chastel-marechal.com\/en\/produit\/joy-exhibition-catalog\/","og_locale":"en_US","og_type":"article","og_title":"\"JOY !\" Exhibition Catalog - Galerie Chastel Mar\u00e9chal","og_description":"Catalog of the exhibition \"Joy !\", by Joy de Rohan Chabot, which was held at the gallery Chastel-Mar\u00e9chal from April 3 to May 4, 2024.","og_url":"https:\/\/chastel-marechal.com\/en\/produit\/joy-exhibition-catalog\/","og_site_name":"Galerie Chastel Mar\u00e9chal","article_publisher":"https:\/\/www.facebook.com\/galerie.chastelmarechal\/","article_modified_time":"2024-06-07T08:58:19+00:00","og_image":[{"width":2000,"height":2000,"url":"https:\/\/chastel-marechal.com\/wp-content\/uploads\/2024\/06\/livre-7-1.jpg","type":"image\/jpeg"}],"twitter_card":"summary_large_image","twitter_site":"@chastelmarechal","schema":{"@context":"https:\/\/schema.org","@graph":[{"@type":"WebPage","@id":"https:\/\/chastel-marechal.com\/en\/produit\/joy-exhibition-catalog\/","url":"https:\/\/chastel-marechal.com\/en\/produit\/joy-exhibition-catalog\/","name":"\"JOY !\" Exhibition Catalog - Galerie Chastel Mar\u00e9chal","isPartOf":{"@id":"https:\/\/chastel-marechal.com\/en\/#website"},"primaryImageOfPage":{"@id":"https:\/\/chastel-marechal.com\/en\/produit\/joy-exhibition-catalog\/#primaryimage"},"image":{"@id":"https:\/\/chastel-marechal.com\/en\/produit\/joy-exhibition-catalog\/#primaryimage"},"thumbnailUrl":"https:\/\/chastel-marechal.com\/wp-content\/uploads\/2024\/06\/livre-7-1.jpg","datePublished":"2024-06-07T08:53:04+00:00","dateModified":"2024-06-07T08:58:19+00:00","breadcrumb":{"@id":"https:\/\/chastel-marechal.com\/en\/produit\/joy-exhibition-catalog\/#breadcrumb"},"inLanguage":"en-US","potentialAction":[{"@type":"ReadAction","target":["https:\/\/chastel-marechal.com\/en\/produit\/joy-exhibition-catalog\/"]}]},{"@type":"ImageObject","inLanguage":"en-US","@id":"https:\/\/chastel-marechal.com\/en\/produit\/joy-exhibition-catalog\/#primaryimage","url":"https:\/\/chastel-marechal.com\/wp-content\/uploads\/2024\/06\/livre-7-1.jpg","contentUrl":"https:\/\/chastel-marechal.com\/wp-content\/uploads\/2024\/06\/livre-7-1.jpg","width":2000,"height":2000},{"@type":"BreadcrumbList","@id":"https:\/\/chastel-marechal.com\/en\/produit\/joy-exhibition-catalog\/#breadcrumb","itemListElement":[{"@type":"ListItem","position":1,"name":"Accueil","item":"https:\/\/chastel-marechal.com\/en\/"},{"@type":"ListItem","position":2,"name":"E-shop","item":"https:\/\/chastel-marechal.com\/en\/e-shop\/"},{"@type":"ListItem","position":3,"name":"&#8220;JOY !&#8221; Exhibition Catalog"}]},{"@type":"WebSite","@id":"https:\/\/chastel-marechal.com\/en\/#website","url":"https:\/\/chastel-marechal.com\/en\/","name":"Galerie Chastel Mar\u00e9chal","description":"Arts d\u00e9coratifs du XX\u00e8me si\u00e8cle","publisher":{"@id":"https:\/\/chastel-marechal.com\/en\/#organization"},"potentialAction":[{"@type":"SearchAction","target":{"@type":"EntryPoint","urlTemplate":"https:\/\/chastel-marechal.com\/en\/?s={search_term_string}"},"query-input":{"@type":"PropertyValueSpecification","valueRequired":true,"valueName":"search_term_string"}}],"inLanguage":"en-US"},{"@type":"Organization","@id":"https:\/\/chastel-marechal.com\/en\/#organization","name":"Galerie Chastel Mar\u00e9chal","url":"https:\/\/chastel-marechal.com\/en\/","logo":{"@type":"ImageObject","inLanguage":"en-US","@id":"https:\/\/chastel-marechal.com\/en\/#\/schema\/logo\/image\/","url":"https:\/\/www.chastel-marechal.com\/wp-content\/uploads\/2016\/08\/galerie-chastel-marechal-logo.png","contentUrl":"https:\/\/www.chastel-marechal.com\/wp-content\/uploads\/2016\/08\/galerie-chastel-marechal-logo.png","width":800,"height":103,"caption":"Galerie Chastel Mar\u00e9chal"},"image":{"@id":"https:\/\/chastel-marechal.com\/en\/#\/schema\/logo\/image\/"},"sameAs":["https:\/\/www.facebook.com\/galerie.chastelmarechal\/","https:\/\/x.com\/chastelmarechal","https:\/\/www.instagram.com\/galeriechastelmarechal\/","https:\/\/fr.pinterest.com\/galerieCM\/"]}]}},"acf":[],"_links":{"self":[{"href":"https:\/\/chastel-marechal.com\/en\/wp-json\/wp\/v2\/product\/32307","targetHints":{"allow":["GET"]}}],"collection":[{"href":"https:\/\/chastel-marechal.com\/en\/wp-json\/wp\/v2\/product"}],"about":[{"href":"https:\/\/chastel-marechal.com\/en\/wp-json\/wp\/v2\/types\/product"}],"wp:featuredmedia":[{"embeddable":true,"href":"https:\/\/chastel-marechal.com\/en\/wp-json\/wp\/v2\/media\/32284"}],"wp:attachment":[{"href":"https:\/\/chastel-marechal.com\/en\/wp-json\/wp\/v2\/media?parent=32307"}],"wp:term":[{"taxonomy":"product_brand","embeddable":true,"href":"https:\/\/chastel-marechal.com\/en\/wp-json\/wp\/v2\/product_brand?post=32307"},{"taxonomy":"product_cat","embeddable":true,"href":"https:\/\/chastel-marechal.com\/en\/wp-json\/wp\/v2\/product_cat?post=32307"},{"taxonomy":"product_tag","embeddable":true,"href":"https:\/\/chastel-marechal.com\/en\/wp-json\/wp\/v2\/product_tag?post=32307"}],"curies":[{"name":"wp","href":"https:\/\/api.w.org\/{rel}","templated":true}]}}