{"id":43434,"date":"2026-04-14T12:35:42","date_gmt":"2026-04-14T10:35:42","guid":{"rendered":"https:\/\/chastel-marechal.com\/?post_type=product&#038;p=43434"},"modified":"2026-04-14T12:36:18","modified_gmt":"2026-04-14T10:36:18","slug":"line-vautrin-les-etoiles-box","status":"publish","type":"product","link":"https:\/\/chastel-marechal.com\/en\/produit\/line-vautrin-les-etoiles-box\/","title":{"rendered":"Line Vautrin, &#8220;Les \u00c9toiles&#8221; box"},"content":{"rendered":"<p>Artiste inclassable, Line Vautrin (1913-1997) est surnomm\u00e9e, par le magazine Vogue, d\u00e8s 1948, \u00ab La po\u00e9tesse du m\u00e9tal \u00bb.<br \/>\nCette artiste fran\u00e7aise exprime \u00e0 travers ses \u0153uvres sa volont\u00e9 de libert\u00e9 et se d\u00e9marque gr\u00e2ce \u00e0 son style original qui rompt avec les conventions artistiques de l\u2019apr\u00e8s-guerre.<br \/>\nRetour sur cette artiste majeure des arts d\u00e9coratifs fran\u00e7ais du XXe si\u00e8cle avec une s\u00e9lection de bo\u00eetes, poudriers, bijoux en bronze ou talosel\u2026<\/p>\n","protected":false},"excerpt":{"rendered":"<p>Artiste inclassable, Line Vautrin (1913-1997) est surnomm\u00e9e, par le magazine Vogue, d\u00e8s 1948, \u00ab La po\u00e9tesse du m\u00e9tal \u00bb. Cette artiste fran\u00e7aise exprime \u00e0 travers ses \u0153uvres sa volont\u00e9 de libert\u00e9 et se d\u00e9marque gr\u00e2ce \u00e0 son style original qui rompt avec les conventions artistiques de l\u2019apr\u00e8s-guerre. Retour sur cette artiste majeure des arts d\u00e9coratifs [&hellip;]<\/p>\n","protected":false},"featured_media":43428,"template":"","meta":{"_et_pb_use_builder":"","_et_pb_old_content":"","_et_gb_content_width":""},"product_brand":[],"product_cat":[2625],"product_tag":[3775,2951,2950],"class_list":{"0":"post-43434","1":"product","2":"type-product","3":"status-publish","4":"has-post-thumbnail","6":"product_cat-items","7":"product_tag-box-in-gilded-bronze-by-line-vautrin","8":"product_tag-the-gallery-chastel-marechal-buys-and-sells-line-vautrin-pieces-since-1994","9":"product_tag-the-gallery-chastel-marechal-is-specialized-in-line-vautrin-pieces-since-1994","11":"first","12":"instock","13":"taxable","14":"shipping-taxable","15":"purchasable","16":"product-type-simple"},"yoast_head":"<!-- This site is optimized with the Yoast SEO plugin v25.1 - https:\/\/yoast.com\/wordpress\/plugins\/seo\/ -->\n<title>Line Vautrin, &quot;Les \u00c9toiles&quot; box - Galerie Chastel Mar\u00e9chal<\/title>\n<meta name=\"robots\" content=\"index, follow, max-snippet:-1, max-image-preview:large, max-video-preview:-1\" \/>\n<link rel=\"canonical\" href=\"https:\/\/chastel-marechal.com\/en\/produit\/line-vautrin-les-etoiles-box\/\" \/>\n<meta property=\"og:locale\" content=\"en_US\" \/>\n<meta property=\"og:type\" content=\"article\" \/>\n<meta property=\"og:title\" content=\"Line Vautrin, &quot;Les \u00c9toiles&quot; box - Galerie Chastel Mar\u00e9chal\" \/>\n<meta property=\"og:description\" content=\"Artiste inclassable, Line Vautrin (1913-1997) est surnomm\u00e9e, par le magazine Vogue, d\u00e8s 1948, \u00ab La po\u00e9tesse du m\u00e9tal \u00bb. Cette artiste fran\u00e7aise exprime \u00e0 travers ses \u0153uvres sa volont\u00e9 de libert\u00e9 et se d\u00e9marque gr\u00e2ce \u00e0 son style original qui rompt avec les conventions artistiques de l\u2019apr\u00e8s-guerre. Retour sur cette artiste majeure des arts d\u00e9coratifs [&hellip;]\" \/>\n<meta property=\"og:url\" content=\"https:\/\/chastel-marechal.com\/en\/produit\/line-vautrin-les-etoiles-box\/\" \/>\n<meta property=\"og:site_name\" content=\"Galerie Chastel Mar\u00e9chal\" \/>\n<meta property=\"article:publisher\" content=\"https:\/\/www.facebook.com\/galerie.chastelmarechal\/\" \/>\n<meta property=\"article:modified_time\" content=\"2026-04-14T10:36:18+00:00\" \/>\n<meta property=\"og:image\" content=\"https:\/\/chastel-marechal.com\/wp-content\/uploads\/2026\/04\/vautrin-boite-visages-etoiles-01-web.jpg\" \/>\n\t<meta property=\"og:image:width\" content=\"1614\" \/>\n\t<meta property=\"og:image:height\" content=\"1614\" \/>\n\t<meta property=\"og:image:type\" content=\"image\/jpeg\" \/>\n<meta name=\"twitter:card\" content=\"summary_large_image\" \/>\n<meta name=\"twitter:site\" content=\"@chastelmarechal\" \/>\n<meta name=\"twitter:label1\" content=\"Est. reading time\" \/>\n\t<meta name=\"twitter:data1\" content=\"1 minute\" \/>\n<script type=\"application\/ld+json\" class=\"yoast-schema-graph\">{\"@context\":\"https:\/\/schema.org\",\"@graph\":[{\"@type\":\"WebPage\",\"@id\":\"https:\/\/chastel-marechal.com\/en\/produit\/line-vautrin-les-etoiles-box\/\",\"url\":\"https:\/\/chastel-marechal.com\/en\/produit\/line-vautrin-les-etoiles-box\/\",\"name\":\"Line Vautrin, \\\"Les \u00c9toiles\\\" box - Galerie Chastel Mar\u00e9chal\",\"isPartOf\":{\"@id\":\"https:\/\/chastel-marechal.com\/en\/#website\"},\"primaryImageOfPage\":{\"@id\":\"https:\/\/chastel-marechal.com\/en\/produit\/line-vautrin-les-etoiles-box\/#primaryimage\"},\"image\":{\"@id\":\"https:\/\/chastel-marechal.com\/en\/produit\/line-vautrin-les-etoiles-box\/#primaryimage\"},\"thumbnailUrl\":\"https:\/\/chastel-marechal.com\/wp-content\/uploads\/2026\/04\/vautrin-boite-visages-etoiles-01-web.jpg\",\"datePublished\":\"2026-04-14T10:35:42+00:00\",\"dateModified\":\"2026-04-14T10:36:18+00:00\",\"breadcrumb\":{\"@id\":\"https:\/\/chastel-marechal.com\/en\/produit\/line-vautrin-les-etoiles-box\/#breadcrumb\"},\"inLanguage\":\"en-US\",\"potentialAction\":[{\"@type\":\"ReadAction\",\"target\":[\"https:\/\/chastel-marechal.com\/en\/produit\/line-vautrin-les-etoiles-box\/\"]}]},{\"@type\":\"ImageObject\",\"inLanguage\":\"en-US\",\"@id\":\"https:\/\/chastel-marechal.com\/en\/produit\/line-vautrin-les-etoiles-box\/#primaryimage\",\"url\":\"https:\/\/chastel-marechal.com\/wp-content\/uploads\/2026\/04\/vautrin-boite-visages-etoiles-01-web.jpg\",\"contentUrl\":\"https:\/\/chastel-marechal.com\/wp-content\/uploads\/2026\/04\/vautrin-boite-visages-etoiles-01-web.jpg\",\"width\":1614,\"height\":1614},{\"@type\":\"BreadcrumbList\",\"@id\":\"https:\/\/chastel-marechal.com\/en\/produit\/line-vautrin-les-etoiles-box\/#breadcrumb\",\"itemListElement\":[{\"@type\":\"ListItem\",\"position\":1,\"name\":\"Accueil\",\"item\":\"https:\/\/chastel-marechal.com\/en\/\"},{\"@type\":\"ListItem\",\"position\":2,\"name\":\"E-shop\",\"item\":\"https:\/\/chastel-marechal.com\/en\/e-shop\/\"},{\"@type\":\"ListItem\",\"position\":3,\"name\":\"Line Vautrin, &#8220;Les \u00c9toiles&#8221; box\"}]},{\"@type\":\"WebSite\",\"@id\":\"https:\/\/chastel-marechal.com\/en\/#website\",\"url\":\"https:\/\/chastel-marechal.com\/en\/\",\"name\":\"Galerie Chastel Mar\u00e9chal\",\"description\":\"Arts d\u00e9coratifs du XX\u00e8me si\u00e8cle\",\"publisher\":{\"@id\":\"https:\/\/chastel-marechal.com\/en\/#organization\"},\"potentialAction\":[{\"@type\":\"SearchAction\",\"target\":{\"@type\":\"EntryPoint\",\"urlTemplate\":\"https:\/\/chastel-marechal.com\/en\/?s={search_term_string}\"},\"query-input\":{\"@type\":\"PropertyValueSpecification\",\"valueRequired\":true,\"valueName\":\"search_term_string\"}}],\"inLanguage\":\"en-US\"},{\"@type\":\"Organization\",\"@id\":\"https:\/\/chastel-marechal.com\/en\/#organization\",\"name\":\"Galerie Chastel Mar\u00e9chal\",\"url\":\"https:\/\/chastel-marechal.com\/en\/\",\"logo\":{\"@type\":\"ImageObject\",\"inLanguage\":\"en-US\",\"@id\":\"https:\/\/chastel-marechal.com\/en\/#\/schema\/logo\/image\/\",\"url\":\"https:\/\/www.chastel-marechal.com\/wp-content\/uploads\/2016\/08\/galerie-chastel-marechal-logo.png\",\"contentUrl\":\"https:\/\/www.chastel-marechal.com\/wp-content\/uploads\/2016\/08\/galerie-chastel-marechal-logo.png\",\"width\":800,\"height\":103,\"caption\":\"Galerie Chastel Mar\u00e9chal\"},\"image\":{\"@id\":\"https:\/\/chastel-marechal.com\/en\/#\/schema\/logo\/image\/\"},\"sameAs\":[\"https:\/\/www.facebook.com\/galerie.chastelmarechal\/\",\"https:\/\/x.com\/chastelmarechal\",\"https:\/\/www.instagram.com\/galeriechastelmarechal\/\",\"https:\/\/fr.pinterest.com\/galerieCM\/\"]}]}<\/script>\n<!-- \/ Yoast SEO plugin. -->","yoast_head_json":{"title":"Line Vautrin, \"Les \u00c9toiles\" box - Galerie Chastel Mar\u00e9chal","robots":{"index":"index","follow":"follow","max-snippet":"max-snippet:-1","max-image-preview":"max-image-preview:large","max-video-preview":"max-video-preview:-1"},"canonical":"https:\/\/chastel-marechal.com\/en\/produit\/line-vautrin-les-etoiles-box\/","og_locale":"en_US","og_type":"article","og_title":"Line Vautrin, \"Les \u00c9toiles\" box - Galerie Chastel Mar\u00e9chal","og_description":"Artiste inclassable, Line Vautrin (1913-1997) est surnomm\u00e9e, par le magazine Vogue, d\u00e8s 1948, \u00ab La po\u00e9tesse du m\u00e9tal \u00bb. Cette artiste fran\u00e7aise exprime \u00e0 travers ses \u0153uvres sa volont\u00e9 de libert\u00e9 et se d\u00e9marque gr\u00e2ce \u00e0 son style original qui rompt avec les conventions artistiques de l\u2019apr\u00e8s-guerre. Retour sur cette artiste majeure des arts d\u00e9coratifs [&hellip;]","og_url":"https:\/\/chastel-marechal.com\/en\/produit\/line-vautrin-les-etoiles-box\/","og_site_name":"Galerie Chastel Mar\u00e9chal","article_publisher":"https:\/\/www.facebook.com\/galerie.chastelmarechal\/","article_modified_time":"2026-04-14T10:36:18+00:00","og_image":[{"width":1614,"height":1614,"url":"https:\/\/chastel-marechal.com\/wp-content\/uploads\/2026\/04\/vautrin-boite-visages-etoiles-01-web.jpg","type":"image\/jpeg"}],"twitter_card":"summary_large_image","twitter_site":"@chastelmarechal","twitter_misc":{"Est. reading time":"1 minute"},"schema":{"@context":"https:\/\/schema.org","@graph":[{"@type":"WebPage","@id":"https:\/\/chastel-marechal.com\/en\/produit\/line-vautrin-les-etoiles-box\/","url":"https:\/\/chastel-marechal.com\/en\/produit\/line-vautrin-les-etoiles-box\/","name":"Line Vautrin, \"Les \u00c9toiles\" box - Galerie Chastel Mar\u00e9chal","isPartOf":{"@id":"https:\/\/chastel-marechal.com\/en\/#website"},"primaryImageOfPage":{"@id":"https:\/\/chastel-marechal.com\/en\/produit\/line-vautrin-les-etoiles-box\/#primaryimage"},"image":{"@id":"https:\/\/chastel-marechal.com\/en\/produit\/line-vautrin-les-etoiles-box\/#primaryimage"},"thumbnailUrl":"https:\/\/chastel-marechal.com\/wp-content\/uploads\/2026\/04\/vautrin-boite-visages-etoiles-01-web.jpg","datePublished":"2026-04-14T10:35:42+00:00","dateModified":"2026-04-14T10:36:18+00:00","breadcrumb":{"@id":"https:\/\/chastel-marechal.com\/en\/produit\/line-vautrin-les-etoiles-box\/#breadcrumb"},"inLanguage":"en-US","potentialAction":[{"@type":"ReadAction","target":["https:\/\/chastel-marechal.com\/en\/produit\/line-vautrin-les-etoiles-box\/"]}]},{"@type":"ImageObject","inLanguage":"en-US","@id":"https:\/\/chastel-marechal.com\/en\/produit\/line-vautrin-les-etoiles-box\/#primaryimage","url":"https:\/\/chastel-marechal.com\/wp-content\/uploads\/2026\/04\/vautrin-boite-visages-etoiles-01-web.jpg","contentUrl":"https:\/\/chastel-marechal.com\/wp-content\/uploads\/2026\/04\/vautrin-boite-visages-etoiles-01-web.jpg","width":1614,"height":1614},{"@type":"BreadcrumbList","@id":"https:\/\/chastel-marechal.com\/en\/produit\/line-vautrin-les-etoiles-box\/#breadcrumb","itemListElement":[{"@type":"ListItem","position":1,"name":"Accueil","item":"https:\/\/chastel-marechal.com\/en\/"},{"@type":"ListItem","position":2,"name":"E-shop","item":"https:\/\/chastel-marechal.com\/en\/e-shop\/"},{"@type":"ListItem","position":3,"name":"Line Vautrin, &#8220;Les \u00c9toiles&#8221; box"}]},{"@type":"WebSite","@id":"https:\/\/chastel-marechal.com\/en\/#website","url":"https:\/\/chastel-marechal.com\/en\/","name":"Galerie Chastel Mar\u00e9chal","description":"Arts d\u00e9coratifs du XX\u00e8me si\u00e8cle","publisher":{"@id":"https:\/\/chastel-marechal.com\/en\/#organization"},"potentialAction":[{"@type":"SearchAction","target":{"@type":"EntryPoint","urlTemplate":"https:\/\/chastel-marechal.com\/en\/?s={search_term_string}"},"query-input":{"@type":"PropertyValueSpecification","valueRequired":true,"valueName":"search_term_string"}}],"inLanguage":"en-US"},{"@type":"Organization","@id":"https:\/\/chastel-marechal.com\/en\/#organization","name":"Galerie Chastel Mar\u00e9chal","url":"https:\/\/chastel-marechal.com\/en\/","logo":{"@type":"ImageObject","inLanguage":"en-US","@id":"https:\/\/chastel-marechal.com\/en\/#\/schema\/logo\/image\/","url":"https:\/\/www.chastel-marechal.com\/wp-content\/uploads\/2016\/08\/galerie-chastel-marechal-logo.png","contentUrl":"https:\/\/www.chastel-marechal.com\/wp-content\/uploads\/2016\/08\/galerie-chastel-marechal-logo.png","width":800,"height":103,"caption":"Galerie Chastel Mar\u00e9chal"},"image":{"@id":"https:\/\/chastel-marechal.com\/en\/#\/schema\/logo\/image\/"},"sameAs":["https:\/\/www.facebook.com\/galerie.chastelmarechal\/","https:\/\/x.com\/chastelmarechal","https:\/\/www.instagram.com\/galeriechastelmarechal\/","https:\/\/fr.pinterest.com\/galerieCM\/"]}]}},"acf":[],"_links":{"self":[{"href":"https:\/\/chastel-marechal.com\/en\/wp-json\/wp\/v2\/product\/43434","targetHints":{"allow":["GET"]}}],"collection":[{"href":"https:\/\/chastel-marechal.com\/en\/wp-json\/wp\/v2\/product"}],"about":[{"href":"https:\/\/chastel-marechal.com\/en\/wp-json\/wp\/v2\/types\/product"}],"wp:featuredmedia":[{"embeddable":true,"href":"https:\/\/chastel-marechal.com\/en\/wp-json\/wp\/v2\/media\/43428"}],"wp:attachment":[{"href":"https:\/\/chastel-marechal.com\/en\/wp-json\/wp\/v2\/media?parent=43434"}],"wp:term":[{"taxonomy":"product_brand","embeddable":true,"href":"https:\/\/chastel-marechal.com\/en\/wp-json\/wp\/v2\/product_brand?post=43434"},{"taxonomy":"product_cat","embeddable":true,"href":"https:\/\/chastel-marechal.com\/en\/wp-json\/wp\/v2\/product_cat?post=43434"},{"taxonomy":"product_tag","embeddable":true,"href":"https:\/\/chastel-marechal.com\/en\/wp-json\/wp\/v2\/product_tag?post=43434"}],"curies":[{"name":"wp","href":"https:\/\/api.w.org\/{rel}","templated":true}]}}